{"id":7719,"date":"2026-01-23T13:56:20","date_gmt":"2026-01-23T11:56:20","guid":{"rendered":"https:\/\/padelsport.ee\/?post_type=product&#038;p=7719"},"modified":"2026-01-30T14:32:40","modified_gmt":"2026-01-30T12:32:40","slug":"asics-gel-challenger-15-padel-blue-stone-orange-womens-sneakers","status":"publish","type":"product","link":"https:\/\/padelsport.ee\/en\/product\/asics-gel-challenger-15-padel-blue-stone-orange-womens-sneakers\/","title":{"rendered":"Asics Gel Challenger 15 Padel Blue Stone Orange Women&#8221;s Sneakers"},"content":{"rendered":"<p data-start=\"114\" data-end=\"371\">Asics Gel Challenger 15 padeliketsid naistele on suurep\u00e4rane valik m\u00e4ngijatele, kes otsivad tasakaalu mugavuse, stabiilsuse ja soorituse vahel. Spetsiaalselt padeli jaoks loodud mudel pakub vajalikku tuge intensiivseteks m\u00e4ngudeks ja kiireteks liikumisteks.<\/p>\n<h3 data-start=\"378\" data-end=\"398\"><strong data-start=\"382\" data-end=\"398\">P\u00f5hiomadused<\/strong><\/h3>\n<ul data-start=\"399\" data-end=\"1016\">\n<li data-start=\"399\" data-end=\"540\">\n<p data-start=\"401\" data-end=\"540\">Selles mudelis kasutatakse <strong data-start=\"428\" data-end=\"465\">GEL\u2122 tehnoloogiat kannapiirkonnas<\/strong>, mis pehmendab l\u00f6\u00f6ke igal sammul ja parandab kohe algusest peale mugavust.<\/p>\n<\/li>\n<li data-start=\"541\" data-end=\"709\">\n<p data-start=\"543\" data-end=\"709\"><strong data-start=\"543\" data-end=\"559\">EVA vahetald<\/strong> and <strong data-start=\"563\" data-end=\"584\">Trusstic\u2122 s\u00fcsteem<\/strong> tugevdavad jalatsi konstruktsiooni, pakkudes paremat stabiilsust k\u00fclgsuunalistel liigutustel, mis on padelis v\u00e4ga sagedased.<\/p>\n<\/li>\n<li data-start=\"710\" data-end=\"868\">\n<p data-start=\"712\" data-end=\"868\">Jalatsi <strong data-start=\"720\" data-end=\"787\">pealis koosneb vastupidavatest materjalidest ja v\u00f5rkpaneelidest<\/strong>, mis tagavad hea ventilatsiooni ja hoiavad jalga m\u00e4ngu ajal \u00f5igetes tingimustes.<\/p>\n<\/li>\n<li data-start=\"869\" data-end=\"1016\">\n<p data-start=\"871\" data-end=\"1016\"><strong data-start=\"871\" data-end=\"901\">Padelile m\u00f5eldud v\u00e4listald<\/strong> tagab suurep\u00e4rase haarduvuse ja vastupidavuse, aidates kaasa t\u00e4psetele suunamuutustele ja kindlatele pidurdustele.<\/p>\n<\/li>\n<\/ul>\n<h3 data-start=\"1023\" data-end=\"1047\"><strong data-start=\"1027\" data-end=\"1047\">Peamised eelised<\/strong><\/h3>\n<ul data-start=\"1048\" data-end=\"1327\">\n<li data-start=\"1048\" data-end=\"1099\">\n<p data-start=\"1050\" data-end=\"1099\"><strong data-start=\"1050\" data-end=\"1068\">GEL\u2122 pehmendus<\/strong> maksimaalseks kannakaitsseks<\/p>\n<\/li>\n<li data-start=\"1100\" data-end=\"1155\">\n<p data-start=\"1102\" data-end=\"1155\"><strong data-start=\"1102\" data-end=\"1127\">Parendatud stabiilsus<\/strong> t\u00e4nu Trusstic\u2122 s\u00fcsteemile<\/p>\n<\/li>\n<li data-start=\"1156\" data-end=\"1205\">\n<p data-start=\"1158\" data-end=\"1205\"><strong data-start=\"1158\" data-end=\"1203\">\u00dclalt vastupidav ja hingav konstruktsioon<\/strong><\/p>\n<\/li>\n<li data-start=\"1206\" data-end=\"1265\">\n<p data-start=\"1208\" data-end=\"1265\"><strong data-start=\"1208\" data-end=\"1235\">Suure haarduvusega tald<\/strong>, ideaalne padeliv\u00e4ljakutele<\/p>\n<\/li>\n<li data-start=\"1266\" data-end=\"1327\">\n<p data-start=\"1268\" data-end=\"1327\">Sobib m\u00e4ngijatele, kes eelistavad <strong data-start=\"1302\" data-end=\"1327\">head tuge ja mugavust<\/strong><\/p>\n<\/li>\n<\/ul>\n<p data-start=\"1329\" data-end=\"1469\" data-is-last-node=\"\" data-is-only-node=\"\">Need ketsid sobivad suurep\u00e4raselt m\u00e4ngijatele, kes otsivad <strong data-start=\"1388\" data-end=\"1410\">segamustriga talda<\/strong>, mis pakub optimaalset toimivust igat t\u00fc\u00fcpi m\u00e4ngupindadel.<\/p>","protected":false},"excerpt":{"rendered":"<p>Asics Gel Challenger 15 padeliketsid naistele on suurep\u00e4rane valik m\u00e4ngijatele, kes otsivad tasakaalu mugavuse, stabiilsuse ja soorituse vahel. Spetsiaalselt padeli jaoks loodud mudel pakub vajalikku tuge intensiivseteks m\u00e4ngudeks ja kiireteks liikumisteks.<\/p>","protected":false},"featured_media":7731,"comment_status":"open","ping_status":"closed","template":"","meta":[],"product_brand":[],"product_cat":[180],"product_tag":[],"class_list":{"0":"post-7719","1":"product","2":"type-product","3":"status-publish","4":"has-post-thumbnail","6":"product_cat-jalanoud","7":"pa_suurus-132","8":"pa_suurus-133","9":"pa_suurus-37_5","10":"pa_suurus-134","11":"pa_suurus-39_5","12":"pa_suurus-136","13":"pa_suurus-40_5","14":"pa_suurus-41_5","15":"pa_suurus-138","17":"first","18":"instock","19":"taxable","20":"shipping-taxable","21":"purchasable","22":"product-type-variable"},"wooqr_code":"","jetpack_sharing_enabled":true,"_links":{"self":[{"href":"https:\/\/padelsport.ee\/en\/wp-json\/wp\/v2\/product\/7719","targetHints":{"allow":["GET"]}}],"collection":[{"href":"https:\/\/padelsport.ee\/en\/wp-json\/wp\/v2\/product"}],"about":[{"href":"https:\/\/padelsport.ee\/en\/wp-json\/wp\/v2\/types\/product"}],"replies":[{"embeddable":true,"href":"https:\/\/padelsport.ee\/en\/wp-json\/wp\/v2\/comments?post=7719"}],"wp:featuredmedia":[{"embeddable":true,"href":"https:\/\/padelsport.ee\/en\/wp-json\/wp\/v2\/media\/7731"}],"wp:attachment":[{"href":"https:\/\/padelsport.ee\/en\/wp-json\/wp\/v2\/media?parent=7719"}],"wp:term":[{"taxonomy":"product_brand","embeddable":true,"href":"https:\/\/padelsport.ee\/en\/wp-json\/wp\/v2\/product_brand?post=7719"},{"taxonomy":"product_cat","embeddable":true,"href":"https:\/\/padelsport.ee\/en\/wp-json\/wp\/v2\/product_cat?post=7719"},{"taxonomy":"product_tag","embeddable":true,"href":"https:\/\/padelsport.ee\/en\/wp-json\/wp\/v2\/product_tag?post=7719"}],"curies":[{"name":"wp","href":"https:\/\/api.w.org\/{rel}","templated":true}]}}