{"id":7702,"date":"2026-01-23T13:00:17","date_gmt":"2026-01-23T11:00:17","guid":{"rendered":"https:\/\/padelsport.ee\/?post_type=product&#038;p=7702"},"modified":"2026-03-07T17:55:31","modified_gmt":"2026-03-07T15:55:31","slug":"asics-gel-dedicate-8-padel-white-orange-womens-sneakers","status":"publish","type":"product","link":"https:\/\/padelsport.ee\/en\/product\/asics-gel-dedicate-8-padel-white-orange-womens-sneakers\/","title":{"rendered":"Asics Gel Dedicate 8 Padel White Orange Women&#8221;s Sneakers"},"content":{"rendered":"<p data-start=\"120\" data-end=\"407\">Tunne kontrolli igal sammul Asics Gel Dedicate 8 Padel White Orange Women\u2019s padeliketsidega, mis on loodud pakkuma stabiilsust ja mugavust sinu k\u00f5ige n\u00f5udlikumates m\u00e4ngudes. Need on m\u00f5eldud m\u00e4ngijatele, kes otsivad tasakaalustatud kombinatsiooni j\u00f5udlusest ja kindlusest igas liikumises.<\/p>\n<p data-start=\"409\" data-end=\"682\">TRUSSTIC-tehnoloogia abil parandavad Asics Gel Dedicate 8 Padel White Orange Women\u2019s jalan\u00f5ud stabiilsust, v\u00f5imaldades sul punkt-punkti haaval liikuda enesekindlalt. T\u00e4nu GEL-pehmendusele pakuvad need suurep\u00e4rast l\u00f6\u00f6kide neeldumist, tagades pehmema ja mugavama sammumustri.<\/p>\n<p data-start=\"684\" data-end=\"955\">Taaskasutatud materjalidest valmistatud jalatsitel on nahkne esiosa, mis tagab vastupidava istuvuse. Tugevdatud varbakaitse parandab vastupidavust ja aitab v\u00e4hendada kulumist. Paeltega kinnituss\u00fcsteem ning niiskust juhtiv sisevooder aitavad hoida jalad jahedad ja kuivad.<\/p>\n<h3 data-start=\"962\" data-end=\"1021\"><strong data-start=\"966\" data-end=\"1021\">Gel Dedicate 8 Padel Women\u2019s White Orange omadused:<\/strong><\/h3>\n<ul data-start=\"1022\" data-end=\"1309\">\n<li data-start=\"1022\" data-end=\"1096\">\n<p data-start=\"1024\" data-end=\"1096\"><strong data-start=\"1024\" data-end=\"1040\">GEL s\u00fcsteem:<\/strong> tagab mugava sammumustri t\u00e4nu efektiivsele pehmendusele<\/p>\n<\/li>\n<li data-start=\"1097\" data-end=\"1187\">\n<p data-start=\"1099\" data-end=\"1187\"><strong data-start=\"1099\" data-end=\"1124\">TRUSSTIC tehnoloogia:<\/strong> suurendab stabiilsust n\u00f5udlikel suunavahetustel ja liikumistel<\/p>\n<\/li>\n<li data-start=\"1188\" data-end=\"1263\">\n<p data-start=\"1190\" data-end=\"1263\"><strong data-start=\"1190\" data-end=\"1221\">Vastupidav tugevduselement:<\/strong> varbakaitse kulumiskindlate materjalidega<\/p>\n<\/li>\n<li data-start=\"1264\" data-end=\"1309\">\n<p data-start=\"1266\" data-end=\"1309\"><strong data-start=\"1266\" data-end=\"1309\">Valmistatud taaskasutatud materjalidest<\/strong><\/p>\n<\/li>\n<\/ul>\n<p data-start=\"1311\" data-end=\"1536\" data-is-last-node=\"\" data-is-only-node=\"\">Asics Gel Dedicate 8 Padel White Orange Women\u2019s ketsid on ideaalne valik j\u00e4rgmisele tasemele liikumiseks. T\u00e4nu suurele vastupidavusele ja TRUSSTIC-tehnoloogiale pakuvad need kindlat ja stabiilset haarduvust kogu m\u00e4ngu v\u00e4ltel.<\/p>","protected":false},"excerpt":{"rendered":"<p>Asics Gel Dedicate 8 Padel White Orange Women\u2019s \u2013 vastupidavus ja jalatugevus<\/p>","protected":false},"featured_media":7716,"comment_status":"open","ping_status":"closed","template":"","meta":[],"product_brand":[],"product_cat":[180],"product_tag":[],"class_list":{"0":"post-7702","1":"product","2":"type-product","3":"status-publish","4":"has-post-thumbnail","6":"product_cat-jalanoud","7":"pa_suurus-132","8":"pa_suurus-133","9":"pa_suurus-37_5","10":"pa_suurus-135","11":"pa_suurus-39_5","12":"pa_suurus-136","13":"pa_suurus-40_5","14":"pa_suurus-41_5","16":"first","17":"instock","18":"taxable","19":"shipping-taxable","20":"purchasable","21":"product-type-variable"},"wooqr_code":"","jetpack_sharing_enabled":true,"_links":{"self":[{"href":"https:\/\/padelsport.ee\/en\/wp-json\/wp\/v2\/product\/7702","targetHints":{"allow":["GET"]}}],"collection":[{"href":"https:\/\/padelsport.ee\/en\/wp-json\/wp\/v2\/product"}],"about":[{"href":"https:\/\/padelsport.ee\/en\/wp-json\/wp\/v2\/types\/product"}],"replies":[{"embeddable":true,"href":"https:\/\/padelsport.ee\/en\/wp-json\/wp\/v2\/comments?post=7702"}],"wp:featuredmedia":[{"embeddable":true,"href":"https:\/\/padelsport.ee\/en\/wp-json\/wp\/v2\/media\/7716"}],"wp:attachment":[{"href":"https:\/\/padelsport.ee\/en\/wp-json\/wp\/v2\/media?parent=7702"}],"wp:term":[{"taxonomy":"product_brand","embeddable":true,"href":"https:\/\/padelsport.ee\/en\/wp-json\/wp\/v2\/product_brand?post=7702"},{"taxonomy":"product_cat","embeddable":true,"href":"https:\/\/padelsport.ee\/en\/wp-json\/wp\/v2\/product_cat?post=7702"},{"taxonomy":"product_tag","embeddable":true,"href":"https:\/\/padelsport.ee\/en\/wp-json\/wp\/v2\/product_tag?post=7702"}],"curies":[{"name":"wp","href":"https:\/\/api.w.org\/{rel}","templated":true}]}}