{"id":7678,"date":"2026-01-23T12:38:28","date_gmt":"2026-01-23T10:38:28","guid":{"rendered":"https:\/\/padelsport.ee\/?post_type=product&#038;p=7678"},"modified":"2026-01-23T12:38:28","modified_gmt":"2026-01-23T10:38:28","slug":"asics-sonicsmash-ff-blue-green-sneakers","status":"publish","type":"product","link":"https:\/\/padelsport.ee\/en\/product\/asics-sonicsmash-ff-blue-green-sneakers\/","title":{"rendered":"Asics Sonicsmash FF Blue Green Sneakers"},"content":{"rendered":"<p>Sinistes ja rohekates toonides modernne disain \u00fchendab edasij\u00f5udnud tehnoloogia ja s\u00e4rava v\u00e4limuse, sobides ideaalselt d\u00fcnaamilistele m\u00e4ngijatele, kes soovivad j\u00f5udlust ilma stiili arvelt j\u00e4releandmisi tegemata.<\/p>","protected":false},"excerpt":{"rendered":"<p>Asics Sonicsmash FF on loodud pakkuma kiirust, tuge ja reageerimisv\u00f5imet reketialadel nagu padel.<\/p>","protected":false},"featured_media":7697,"comment_status":"open","ping_status":"closed","template":"","meta":[],"product_brand":[],"product_cat":[180],"product_tag":[],"class_list":{"0":"post-7678","1":"product","2":"type-product","3":"status-publish","4":"has-post-thumbnail","6":"product_cat-jalanoud","7":"pa_suurus-136","8":"pa_suurus-40_5","9":"pa_suurus-41_5","10":"pa_suurus-138","11":"pa_suurus-42_5","12":"pa_suurus-43_5","13":"pa_suurus-140","14":"pa_suurus-44_5","15":"pa_suurus-141","16":"pa_suurus-142","17":"pa_suurus-46_5","18":"pa_suurus-143","19":"pa_suurus-187","21":"first","22":"instock","23":"taxable","24":"shipping-taxable","25":"purchasable","26":"product-type-variable"},"wooqr_code":"","jetpack_sharing_enabled":true,"_links":{"self":[{"href":"https:\/\/padelsport.ee\/en\/wp-json\/wp\/v2\/product\/7678","targetHints":{"allow":["GET"]}}],"collection":[{"href":"https:\/\/padelsport.ee\/en\/wp-json\/wp\/v2\/product"}],"about":[{"href":"https:\/\/padelsport.ee\/en\/wp-json\/wp\/v2\/types\/product"}],"replies":[{"embeddable":true,"href":"https:\/\/padelsport.ee\/en\/wp-json\/wp\/v2\/comments?post=7678"}],"wp:featuredmedia":[{"embeddable":true,"href":"https:\/\/padelsport.ee\/en\/wp-json\/wp\/v2\/media\/7697"}],"wp:attachment":[{"href":"https:\/\/padelsport.ee\/en\/wp-json\/wp\/v2\/media?parent=7678"}],"wp:term":[{"taxonomy":"product_brand","embeddable":true,"href":"https:\/\/padelsport.ee\/en\/wp-json\/wp\/v2\/product_brand?post=7678"},{"taxonomy":"product_cat","embeddable":true,"href":"https:\/\/padelsport.ee\/en\/wp-json\/wp\/v2\/product_cat?post=7678"},{"taxonomy":"product_tag","embeddable":true,"href":"https:\/\/padelsport.ee\/en\/wp-json\/wp\/v2\/product_tag?post=7678"}],"curies":[{"name":"wp","href":"https:\/\/api.w.org\/{rel}","templated":true}]}}