{"id":7599,"date":"2025-12-29T19:51:32","date_gmt":"2025-12-29T17:51:32","guid":{"rendered":"https:\/\/padelsport.ee\/?post_type=product&#038;p=7599"},"modified":"2025-12-29T19:53:44","modified_gmt":"2025-12-29T17:53:44","slug":"adidas-speed-rx-pallitorud","status":"publish","type":"product","link":"https:\/\/padelsport.ee\/en\/product\/adidas-speed-rx-pallitorud\/","title":{"rendered":"Adidas Speed RX pallikogumistoru"},"content":{"rendered":"<p>Adidas Speed RX pallikogumistoru on praktiline tarvik, mis v\u00f5imaldab padelitrenni ajal pallid v\u00e4ljakult kiiresti kokku korjata. See pallikogumistoru aitab pallid \u00fcles v\u00f5tta ilma kummardamata, muutes protsessi kiiremaks ja mugavamaks.<\/p>","protected":false},"excerpt":{"rendered":"<p>Adidas Speed RX pallikogumistoru<\/p>","protected":false},"featured_media":7603,"comment_status":"open","ping_status":"closed","template":"","meta":[],"product_brand":[],"product_cat":[38],"product_tag":[],"class_list":{"0":"post-7599","1":"product","2":"type-product","3":"status-publish","4":"has-post-thumbnail","6":"product_cat-lisatarvikud","8":"first","9":"instock","10":"taxable","11":"shipping-taxable","12":"purchasable","13":"product-type-simple"},"wooqr_code":"","jetpack_sharing_enabled":true,"_links":{"self":[{"href":"https:\/\/padelsport.ee\/en\/wp-json\/wp\/v2\/product\/7599","targetHints":{"allow":["GET"]}}],"collection":[{"href":"https:\/\/padelsport.ee\/en\/wp-json\/wp\/v2\/product"}],"about":[{"href":"https:\/\/padelsport.ee\/en\/wp-json\/wp\/v2\/types\/product"}],"replies":[{"embeddable":true,"href":"https:\/\/padelsport.ee\/en\/wp-json\/wp\/v2\/comments?post=7599"}],"wp:featuredmedia":[{"embeddable":true,"href":"https:\/\/padelsport.ee\/en\/wp-json\/wp\/v2\/media\/7603"}],"wp:attachment":[{"href":"https:\/\/padelsport.ee\/en\/wp-json\/wp\/v2\/media?parent=7599"}],"wp:term":[{"taxonomy":"product_brand","embeddable":true,"href":"https:\/\/padelsport.ee\/en\/wp-json\/wp\/v2\/product_brand?post=7599"},{"taxonomy":"product_cat","embeddable":true,"href":"https:\/\/padelsport.ee\/en\/wp-json\/wp\/v2\/product_cat?post=7599"},{"taxonomy":"product_tag","embeddable":true,"href":"https:\/\/padelsport.ee\/en\/wp-json\/wp\/v2\/product_tag?post=7599"}],"curies":[{"name":"wp","href":"https:\/\/api.w.org\/{rel}","templated":true}]}}