{"id":7552,"date":"2025-12-21T17:20:52","date_gmt":"2025-12-21T15:20:52","guid":{"rendered":"https:\/\/padelsport.ee\/?post_type=product&#038;p=7552"},"modified":"2026-03-24T17:36:55","modified_gmt":"2026-03-24T15:36:55","slug":"adidas-metalbone-carbon-ctrl-2026","status":"publish","type":"product","link":"https:\/\/padelsport.ee\/en\/product\/adidas-metalbone-carbon-ctrl-2026\/","title":{"rendered":"Adidas Metalbone Carbon Ctrl 2026"},"content":{"rendered":"<h1 data-start=\"152\" data-end=\"203\"><strong data-start=\"154\" data-end=\"203\">Adidas Metalbone Carbon CTRL 2026 padelireket<\/strong><\/h1>\n<h2 data-start=\"205\" data-end=\"270\">Premium kontroll, stabiilsus ja j\u00f5udlus edasij\u00f5udnud m\u00e4ngijale<\/h2>\n<p data-start=\"272\" data-end=\"624\"><strong data-start=\"272\" data-end=\"309\">Adidas Metalbone Carbon CTRL 2026<\/strong> on k\u00f5rgtasemel padelireket m\u00e4ngijale, kes soovib <strong data-start=\"359\" data-end=\"415\">t\u00e4psust, stabiilsust ja reguleeritavat j\u00f5u-kontrolli<\/strong> \u00fches paketis. See mudel toob Metalbone seeria j\u00f5u ja Carbon-materjalide vastupidavuse kokku kontrollile orienteeritud konstruktsiooniga, et pakkuda parimat tasakaalu punktide ehitamiseks ja m\u00e4ngu juhtimiseks.<\/p>\n<h2 data-start=\"631\" data-end=\"682\">Kellele sobib Adidas Metalbone Carbon CTRL 2026?<\/h2>\n<ul data-start=\"683\" data-end=\"929\">\n<li data-start=\"683\" data-end=\"722\">\n<p data-start=\"685\" data-end=\"722\">Edasij\u00f5udnud ja konkurentsm\u00e4ngijale<\/p>\n<\/li>\n<li data-start=\"723\" data-end=\"791\">\n<p data-start=\"725\" data-end=\"791\">M\u00e4ngijale, kes hindab <strong data-start=\"747\" data-end=\"789\">t\u00e4pset kontrolli ja punktide juhtimist<\/strong><\/p>\n<\/li>\n<li data-start=\"792\" data-end=\"857\">\n<p data-start=\"794\" data-end=\"857\">Neile, kes soovivad <strong data-start=\"814\" data-end=\"855\">kohandatavat tasakaalu ja stabiilsust<\/strong><\/p>\n<\/li>\n<li data-start=\"858\" data-end=\"929\">\n<p data-start=\"860\" data-end=\"929\">Sobib m\u00e4ngijale, kes m\u00e4ngib nii r\u00fcnde- kui kaitsem\u00e4ngu efektiivselt<\/p>\n<\/li>\n<\/ul>\n<h2 data-start=\"936\" data-end=\"997\">Miks valida Adidas Metalbone Carbon CTRL 2026 padelireket?<\/h2>\n<h3 data-start=\"999\" data-end=\"1040\">Suur kontroll ja punktide juhtimine<\/h3>\n<p data-start=\"1041\" data-end=\"1186\">Carbon CTRL konstruktsioon tagab <strong data-start=\"1074\" data-end=\"1107\">t\u00e4pse ja stabiilse m\u00e4ngutunde<\/strong>, mis aitab sul kontrollida punktide kulgu nii kaitsevates kui r\u00fcndev\u00f5tetestes.<\/p>\n<h3 data-start=\"1188\" data-end=\"1219\">Premium s\u00fcsinikmaterjalid<\/h3>\n<p data-start=\"1220\" data-end=\"1389\">K\u00f5rgekvaliteediline s\u00fcsinikkiust raam ja pind lisavad j\u00e4ikust ja vastupidavust, mis parandab l\u00f6\u00f6gienergia \u00fclekannet ning tagab vastupidavuse ka intensiivse m\u00e4ngu korral.<\/p>\n<h3 data-start=\"1391\" data-end=\"1433\">Reguleeritav Weight &amp; Balance System<\/h3>\n<p data-start=\"1434\" data-end=\"1600\">V\u00f5imalus kohandada reketi kaalu ja tasakaalu vastavalt m\u00e4ngustiilile \u2013 vali rohkem inertsi agressiivseteks r\u00fcnnakuteks v\u00f5i paremat man\u00f6\u00f6verdatavust kontrolli m\u00e4nguks.<\/p>\n<h3 data-start=\"1602\" data-end=\"1639\">Suurem sweet spot ja stabiilsus<\/h3>\n<p data-start=\"1640\" data-end=\"1774\">Optimeeritud augustruktuur ja tasakaal suurendavad sweet spot\u2019i, aidates hoida l\u00f6\u00f6gid stabiilsed ka ebat\u00e4iuslikumate tabamuste korral.<\/p>\n<h3 data-start=\"1776\" data-end=\"1809\">T\u00e4pne spin ja l\u00f6\u00f6gitunnetus<\/h3>\n<p data-start=\"1810\" data-end=\"1933\">Tekstureeritud pinnad ja konstrueeritud struktuurid aitavad saavutada paremat spinni ja kontrolli ka keerukamates l\u00f6\u00f6kides.<\/p>\n<h2 data-start=\"1940\" data-end=\"1996\">Adidas Metalbone Carbon CTRL 2026 tehnilised omadused<\/h2>\n<ul data-start=\"1997\" data-end=\"2255\">\n<li data-start=\"1997\" data-end=\"2045\">\n<p data-start=\"1999\" data-end=\"2045\"><strong data-start=\"1999\" data-end=\"2008\">Kaal:<\/strong> keskmine kuni tugev (reguleeritav)<\/p>\n<\/li>\n<li data-start=\"2046\" data-end=\"2082\">\n<p data-start=\"2048\" data-end=\"2082\"><strong data-start=\"2048\" data-end=\"2057\">Kuju:<\/strong> \u00dcmar \/ kontrollikeskne<\/p>\n<\/li>\n<li data-start=\"2083\" data-end=\"2138\">\n<p data-start=\"2085\" data-end=\"2138\"><strong data-start=\"2085\" data-end=\"2098\">Tasakaal:<\/strong> Tasakaalustatud kuni v\u00e4he pea-raskust<\/p>\n<\/li>\n<li data-start=\"2139\" data-end=\"2164\">\n<p data-start=\"2141\" data-end=\"2164\"><strong data-start=\"2141\" data-end=\"2150\">Tuum:<\/strong> Premium EVA<\/p>\n<\/li>\n<li data-start=\"2165\" data-end=\"2203\">\n<p data-start=\"2167\" data-end=\"2203\"><strong data-start=\"2167\" data-end=\"2176\">Pind:<\/strong> S\u00fcsinikkiviit tugevdatud<\/p>\n<\/li>\n<li data-start=\"2204\" data-end=\"2255\">\n<p data-start=\"2206\" data-end=\"2255\"><strong data-start=\"2206\" data-end=\"2220\">M\u00e4ngutase:<\/strong> Edasij\u00f5udnud \/ konkurentsm\u00e4ngija<\/p>\n<\/li>\n<\/ul>\n<h2 data-start=\"2262\" data-end=\"2284\">M\u00e4ngutunne v\u00e4ljakul<\/h2>\n<p data-start=\"2285\" data-end=\"2622\">Adidas Metalbone Carbon CTRL 2026 pakub <strong data-start=\"2325\" data-end=\"2387\">t\u00e4pset kontrolli, stabiilsust ja strateegilist m\u00e4ngutunnet<\/strong>, mis on ideaalne valik m\u00e4ngijale, kes ehitab punktid l\u00e4bim\u00f5eldult ja soovib m\u00e4ngu \u00fcle suurt kontrolli. See reket sobib h\u00e4sti nii r\u00fcnnakul kui kaitses, andes m\u00e4ngijale t\u00f6\u00f6riistad tempo dikteerimiseks ja kontrollitud l\u00f6\u00f6kide tegemiseks.<\/p>\n<h3 data-start=\"2629\" data-end=\"2666\">\u2714\ufe0f T\u00e4pne kontroll ja stabiilsus<\/h3>\n<h3 data-start=\"2667\" data-end=\"2701\">\u2714\ufe0f Premium s\u00fcsinikmaterjalid<\/h3>\n<h3 data-start=\"2702\" data-end=\"2738\">\u2714\ufe0f Kohandatav tasakaal ja j\u00f5ud<\/h3>\n<h3 data-start=\"2739\" data-end=\"2782\">\u2714\ufe0f Suurem sweet spot ja l\u00f6\u00f6gitunnetus<\/h3>","protected":false},"excerpt":{"rendered":"<p data-start=\"272\" data-end=\"624\"><strong data-start=\"272\" data-end=\"309\">Adidas Metalbone Carbon CTRL 2026<\/strong> on k\u00f5rgtasemel padelireket m\u00e4ngijale, kes soovib <strong data-start=\"359\" data-end=\"415\">t\u00e4psust, stabiilsust ja reguleeritavat j\u00f5u-kontrolli<\/strong> \u00fches paketis. See mudel toob Metalbone seeria j\u00f5u ja Carbon-materjalide vastupidavuse kokku kontrollile orienteeritud konstruktsiooniga, et pakkuda parimat tasakaalu punktide ehitamiseks ja m\u00e4ngu juhtimiseks.<\/p>\n<p data-start=\"272\" data-end=\"624\">Saadaval jaanuar-veebruar 2026<\/p>","protected":false},"featured_media":7553,"comment_status":"open","ping_status":"closed","template":"","meta":[],"product_brand":[],"product_cat":[147,129,40],"product_tag":[],"class_list":{"0":"post-7552","1":"product","2":"type-product","3":"status-publish","4":"has-post-thumbnail","6":"product_cat-edasijoudnud","7":"product_cat-adidas","8":"product_cat-padelireketid","10":"first","11":"instock","12":"sale","13":"taxable","14":"shipping-taxable","15":"purchasable","16":"product-type-simple"},"wooqr_code":"","jetpack_sharing_enabled":true,"_links":{"self":[{"href":"https:\/\/padelsport.ee\/en\/wp-json\/wp\/v2\/product\/7552","targetHints":{"allow":["GET"]}}],"collection":[{"href":"https:\/\/padelsport.ee\/en\/wp-json\/wp\/v2\/product"}],"about":[{"href":"https:\/\/padelsport.ee\/en\/wp-json\/wp\/v2\/types\/product"}],"replies":[{"embeddable":true,"href":"https:\/\/padelsport.ee\/en\/wp-json\/wp\/v2\/comments?post=7552"}],"wp:featuredmedia":[{"embeddable":true,"href":"https:\/\/padelsport.ee\/en\/wp-json\/wp\/v2\/media\/7553"}],"wp:attachment":[{"href":"https:\/\/padelsport.ee\/en\/wp-json\/wp\/v2\/media?parent=7552"}],"wp:term":[{"taxonomy":"product_brand","embeddable":true,"href":"https:\/\/padelsport.ee\/en\/wp-json\/wp\/v2\/product_brand?post=7552"},{"taxonomy":"product_cat","embeddable":true,"href":"https:\/\/padelsport.ee\/en\/wp-json\/wp\/v2\/product_cat?post=7552"},{"taxonomy":"product_tag","embeddable":true,"href":"https:\/\/padelsport.ee\/en\/wp-json\/wp\/v2\/product_tag?post=7552"}],"curies":[{"name":"wp","href":"https:\/\/api.w.org\/{rel}","templated":true}]}}