{"id":7328,"date":"2025-12-02T17:08:07","date_gmt":"2025-12-02T15:08:07","guid":{"rendered":"https:\/\/padelsport.ee\/?post_type=product&#038;p=7328"},"modified":"2025-12-02T17:13:29","modified_gmt":"2025-12-02T15:13:29","slug":"oxyfactor-edge-tumeroosa-%e2%94%82-30-ninaplaastrit","status":"publish","type":"product","link":"https:\/\/padelsport.ee\/en\/product\/oxyfactor-edge-tumeroosa-%e2%94%82-30-ninaplaastrit\/","title":{"rendered":"OXYFACTOR Edge Tumeroosa \u2502 30 ninaplaastrit"},"content":{"rendered":"<p>CE- ja FDA-sertifitseeritud, teaduslikult t\u00f5estatud ja sportlaste poolt \u00fcle maailma usaldatud.<\/p>\n<p>Kasutamine: Paigaldage ninariba puhtale ja kuivale nahale ninasilla kohal. Suruge riba umbes 10 sekundit nina vastu, kinnitades k\u00fcljed ja keskosa. \u00dche ninariba maksimaalne kasutusaeg on 12 tundi.<\/p>","protected":false},"excerpt":{"rendered":"<p>OXYFACTOR avab Teie ninak\u00e4igud, suurendades hapnikutarbimist kuni 30%. See v\u00e4hendab suu kaudu hingamist ja norskamist, toetab n\u00e4o loomulikku struktuuri ning annab energiat igap\u00e4evaeluks ja treeninguteks.<\/p>","protected":false},"featured_media":7325,"comment_status":"open","ping_status":"closed","template":"","meta":[],"product_brand":[],"product_cat":[38,178],"product_tag":[],"class_list":{"0":"post-7328","1":"product","2":"type-product","3":"status-publish","4":"has-post-thumbnail","6":"product_cat-lisatarvikud","7":"product_cat-ninaplaastrid-lisatarvikud","9":"first","10":"instock","11":"taxable","12":"shipping-taxable","13":"purchasable","14":"product-type-simple"},"wooqr_code":"","jetpack_sharing_enabled":true,"_links":{"self":[{"href":"https:\/\/padelsport.ee\/en\/wp-json\/wp\/v2\/product\/7328","targetHints":{"allow":["GET"]}}],"collection":[{"href":"https:\/\/padelsport.ee\/en\/wp-json\/wp\/v2\/product"}],"about":[{"href":"https:\/\/padelsport.ee\/en\/wp-json\/wp\/v2\/types\/product"}],"replies":[{"embeddable":true,"href":"https:\/\/padelsport.ee\/en\/wp-json\/wp\/v2\/comments?post=7328"}],"wp:featuredmedia":[{"embeddable":true,"href":"https:\/\/padelsport.ee\/en\/wp-json\/wp\/v2\/media\/7325"}],"wp:attachment":[{"href":"https:\/\/padelsport.ee\/en\/wp-json\/wp\/v2\/media?parent=7328"}],"wp:term":[{"taxonomy":"product_brand","embeddable":true,"href":"https:\/\/padelsport.ee\/en\/wp-json\/wp\/v2\/product_brand?post=7328"},{"taxonomy":"product_cat","embeddable":true,"href":"https:\/\/padelsport.ee\/en\/wp-json\/wp\/v2\/product_cat?post=7328"},{"taxonomy":"product_tag","embeddable":true,"href":"https:\/\/padelsport.ee\/en\/wp-json\/wp\/v2\/product_tag?post=7328"}],"curies":[{"name":"wp","href":"https:\/\/api.w.org\/{rel}","templated":true}]}}