{"id":7326,"date":"2025-12-02T17:00:19","date_gmt":"2025-12-02T15:00:19","guid":{"rendered":"https:\/\/padelsport.ee\/?post_type=product&#038;p=7326"},"modified":"2025-12-02T17:03:51","modified_gmt":"2025-12-02T15:03:51","slug":"oxyfactor-classic-tumeroosa-%e2%94%82-30-ninaplaastrit","status":"publish","type":"product","link":"https:\/\/padelsport.ee\/en\/product\/oxyfactor-classic-tumeroosa-%e2%94%82-30-ninaplaastrit\/","title":{"rendered":"OXYFACTOR Classic Tumeroosa \u2502 30 ninaplaastrit"},"content":{"rendered":"<p>CE- ja FDA-sertifitseeritud, teaduslikult t\u00f5estatud ja sportlaste poolt \u00fcle maailma usaldatud.<\/p>\n<p>Kasutamine: Paigaldage ninariba puhtale ja kuivale nahale ninasilla kohal. Suruge riba umbes 10 sekundit nina vastu, kinnitades k\u00fcljed ja keskosa. \u00dche ninariba maksimaalne kasutusaeg on 12 tundi.<\/p>","protected":false},"excerpt":{"rendered":"<p>OXYFACTOR Classic Tumeroosa avab Teie ninak\u00e4igud, suurendades hapnikutarbimist kuni 30%. See v\u00e4hendab suu kaudu hingamist ja norskamist, toetab n\u00e4o loomulikku struktuuri ning annab energiat igap\u00e4evaeluks ja treeninguteks.<\/p>","protected":false},"featured_media":7322,"comment_status":"open","ping_status":"closed","template":"","meta":[],"product_brand":[],"product_cat":[38,178],"product_tag":[],"class_list":{"0":"post-7326","1":"product","2":"type-product","3":"status-publish","4":"has-post-thumbnail","6":"product_cat-lisatarvikud","7":"product_cat-ninaplaastrid-lisatarvikud","9":"first","10":"instock","11":"taxable","12":"shipping-taxable","13":"purchasable","14":"product-type-simple"},"wooqr_code":"","jetpack_sharing_enabled":true,"_links":{"self":[{"href":"https:\/\/padelsport.ee\/en\/wp-json\/wp\/v2\/product\/7326","targetHints":{"allow":["GET"]}}],"collection":[{"href":"https:\/\/padelsport.ee\/en\/wp-json\/wp\/v2\/product"}],"about":[{"href":"https:\/\/padelsport.ee\/en\/wp-json\/wp\/v2\/types\/product"}],"replies":[{"embeddable":true,"href":"https:\/\/padelsport.ee\/en\/wp-json\/wp\/v2\/comments?post=7326"}],"wp:featuredmedia":[{"embeddable":true,"href":"https:\/\/padelsport.ee\/en\/wp-json\/wp\/v2\/media\/7322"}],"wp:attachment":[{"href":"https:\/\/padelsport.ee\/en\/wp-json\/wp\/v2\/media?parent=7326"}],"wp:term":[{"taxonomy":"product_brand","embeddable":true,"href":"https:\/\/padelsport.ee\/en\/wp-json\/wp\/v2\/product_brand?post=7326"},{"taxonomy":"product_cat","embeddable":true,"href":"https:\/\/padelsport.ee\/en\/wp-json\/wp\/v2\/product_cat?post=7326"},{"taxonomy":"product_tag","embeddable":true,"href":"https:\/\/padelsport.ee\/en\/wp-json\/wp\/v2\/product_tag?post=7326"}],"curies":[{"name":"wp","href":"https:\/\/api.w.org\/{rel}","templated":true}]}}