{"id":7215,"date":"2025-11-26T15:22:56","date_gmt":"2025-11-26T13:22:56","guid":{"rendered":"https:\/\/padelsport.ee\/?post_type=product&#038;p=7215"},"modified":"2025-11-26T15:26:43","modified_gmt":"2025-11-26T13:26:43","slug":"cork-leather-thermobag-luksuslik-nahast-padelikott-camel","status":"publish","type":"product","link":"https:\/\/padelsport.ee\/en\/product\/cork-leather-thermobag-luksuslik-nahast-padelikott-camel\/","title":{"rendered":"Cork Leather Thermobag \u2013 luksuslik nahast padelikott"},"content":{"rendered":"<p data-start=\"740\" data-end=\"839\"><strong data-start=\"740\" data-end=\"837\">Cork Leather Thermobag \u2013 luksuslik nahast padelikott, mis \u00fchendab stiili ja funktsionaalsuse.<\/strong><\/p>\n<p data-start=\"841\" data-end=\"1138\">Valmistatud k\u00e4sit\u00f6\u00f6na ehtsast nahast Portugalis, see <strong data-start=\"894\" data-end=\"920\">Cork Leather Thermobag<\/strong> on loodud m\u00e4ngijatele, kes soovivad kaitsta oma padelireketeid ja varustust parimal viisil. Kaks <strong data-start=\"1018\" data-end=\"1052\">termoisolatsiooniga sektsiooni<\/strong> hoiavad reketid stabiilsel temperatuuril, v\u00e4ltides kuuma v\u00f5i k\u00fclma kahjulikku m\u00f5ju.<\/p>\n<p data-start=\"1140\" data-end=\"1351\">Kotil on <strong data-start=\"1149\" data-end=\"1171\">mitu eraldi taskut<\/strong>, sealhulgas ventileeritav jalan\u00f5ude sektsioon, pehme sisemine vooder v\u00e4iksemate esemete jaoks ning tugevad lukud ja mugavad rihmad, mis tagavad vastupidavuse ja kandmismugavuse.<\/p>\n<p data-start=\"1353\" data-end=\"1498\"><strong data-start=\"1353\" data-end=\"1379\">Cork Leather Thermobag<\/strong> ei ole lihtsalt spordikott \u2013 see on <strong data-start=\"1416\" data-end=\"1449\">stiilne ja j\u00e4tkusuutlik valik<\/strong>, mis sobib nii v\u00f5istlustele kui treeningutele.<\/p>\n<p data-start=\"1500\" data-end=\"1523\"><strong data-start=\"1500\" data-end=\"1521\">Peamised eelised:<\/strong><\/p>\n<ul data-start=\"1524\" data-end=\"1693\">\n<li data-start=\"1524\" data-end=\"1561\">\n<p data-start=\"1526\" data-end=\"1561\">K\u00e4sit\u00f6\u00f6 ja kvaliteetne ehtne nahk<\/p>\n<\/li>\n<li data-start=\"1562\" data-end=\"1593\">\n<p data-start=\"1564\" data-end=\"1593\">Termoosad reketite kaitseks<\/p>\n<\/li>\n<li data-start=\"1594\" data-end=\"1640\">\n<p data-start=\"1596\" data-end=\"1640\">Palju taskuid ja h\u00e4sti organiseeritud sisu<\/p>\n<\/li>\n<li data-start=\"1641\" data-end=\"1693\">\n<p data-start=\"1643\" data-end=\"1693\">Eksklusiivne disain ja vastupidav konstruktsioon<\/p>\n<\/li>\n<\/ul>","protected":false},"excerpt":{"rendered":"<p><strong data-start=\"125\" data-end=\"151\">Cork Leather Thermobag<\/strong> on k\u00e4sit\u00f6\u00f6na valmistatud luksuslik ehtsast nahast padelikott, mille termoosad kaitsevad reketid kuuma ja k\u00fclma eest. Stiilne, vastupidav ja praktiline valik n\u00f5udlikule m\u00e4ngijale.<\/p>\n<p>V\u00e4rv: Pruun ja h\u00f5bedase lukuga<\/p>\n<p>Tarne tellimisel: 7-10 p\u00e4eva<br \/>\nEttemaks 50%.<\/p>","protected":false},"featured_media":7216,"comment_status":"open","ping_status":"closed","template":"","meta":[],"product_brand":[],"product_cat":[83,30],"product_tag":[],"class_list":{"0":"post-7215","1":"product","2":"type-product","3":"status-publish","4":"has-post-thumbnail","6":"product_cat-corki-kotid","7":"product_cat-kotid","9":"first","10":"onbackorder","11":"taxable","12":"shipping-taxable","13":"purchasable","14":"product-type-simple"},"wooqr_code":"","jetpack_sharing_enabled":true,"_links":{"self":[{"href":"https:\/\/padelsport.ee\/en\/wp-json\/wp\/v2\/product\/7215","targetHints":{"allow":["GET"]}}],"collection":[{"href":"https:\/\/padelsport.ee\/en\/wp-json\/wp\/v2\/product"}],"about":[{"href":"https:\/\/padelsport.ee\/en\/wp-json\/wp\/v2\/types\/product"}],"replies":[{"embeddable":true,"href":"https:\/\/padelsport.ee\/en\/wp-json\/wp\/v2\/comments?post=7215"}],"wp:featuredmedia":[{"embeddable":true,"href":"https:\/\/padelsport.ee\/en\/wp-json\/wp\/v2\/media\/7216"}],"wp:attachment":[{"href":"https:\/\/padelsport.ee\/en\/wp-json\/wp\/v2\/media?parent=7215"}],"wp:term":[{"taxonomy":"product_brand","embeddable":true,"href":"https:\/\/padelsport.ee\/en\/wp-json\/wp\/v2\/product_brand?post=7215"},{"taxonomy":"product_cat","embeddable":true,"href":"https:\/\/padelsport.ee\/en\/wp-json\/wp\/v2\/product_cat?post=7215"},{"taxonomy":"product_tag","embeddable":true,"href":"https:\/\/padelsport.ee\/en\/wp-json\/wp\/v2\/product_tag?post=7215"}],"curies":[{"name":"wp","href":"https:\/\/api.w.org\/{rel}","templated":true}]}}