{"id":7039,"date":"2025-10-19T09:42:19","date_gmt":"2025-10-19T06:42:19","guid":{"rendered":"https:\/\/padelsport.ee\/?post_type=product&#038;p=7039"},"modified":"2026-02-28T11:38:03","modified_gmt":"2026-02-28T09:38:03","slug":"cork-overgrips-white-microperforated-30pc","status":"publish","type":"product","link":"https:\/\/padelsport.ee\/en\/product\/cork-overgrips-white-microperforated-30pc\/","title":{"rendered":"Cork Overgrips White Microperforated 30pc"},"content":{"rendered":"<h3 data-start=\"122\" data-end=\"173\"><strong data-start=\"126\" data-end=\"171\">Cork Overgrips White Microperforated 30tk<\/strong><\/h3>\n<p data-start=\"175\" data-end=\"478\"><strong data-start=\"175\" data-end=\"205\">Cork White Microperforated<\/strong> overgripid pakuvad suurep\u00e4rast haarduvust ja hingavust ka k\u00f5ige intensiivsematel m\u00e4nguminutitel.<br data-start=\"302\" data-end=\"305\" \/>Mikroperforeeritud pind aitab higi kiiresti hajutada, et k\u00e4epide p\u00fcsiks kuiv ja kindel.<br data-start=\"392\" data-end=\"395\" \/>\u00dches pakis on <strong data-start=\"409\" data-end=\"429\">30 valget grippi<\/strong> \u2013 ideaalne varu treeninguteks ja ka v\u00f5istlusteks.<\/p>\n<p data-start=\"480\" data-end=\"659\">\u2705 Mikroperforeeritud struktuur tagab parema haarde<br data-start=\"538\" data-end=\"541\" \/>\u2705 Kuiv ja kindel haare igas olukorras<br data-start=\"578\" data-end=\"581\" \/>\u2705 Vastupidav ja mugav kasutada<br data-start=\"611\" data-end=\"614\" \/>\u2705 30 tk pakis \u2013 stiilne ja praktiline valik<\/p>\n<p data-start=\"661\" data-end=\"736\"><strong data-start=\"661\" data-end=\"731\">Cork Padel \u2013 mugavus, kontroll ja usaldusv\u00e4\u00e4rne haare igas m\u00e4ngus!<\/strong> \ud83c\udfbe<\/p>","protected":false},"excerpt":{"rendered":"<p>Cork Overgrips White Microperforated 30pc aukudega, valge<\/p>","protected":false},"featured_media":3937,"comment_status":"closed","ping_status":"closed","template":"","meta":[],"product_brand":[],"product_cat":[38,171],"product_tag":[],"class_list":{"0":"post-7039","1":"product","2":"type-product","3":"status-publish","4":"has-post-thumbnail","6":"product_cat-lisatarvikud","7":"product_cat-pealisgripid-pihustid","9":"first","10":"instock","11":"taxable","12":"shipping-taxable","13":"purchasable","14":"product-type-simple"},"wooqr_code":"","jetpack_sharing_enabled":true,"_links":{"self":[{"href":"https:\/\/padelsport.ee\/en\/wp-json\/wp\/v2\/product\/7039","targetHints":{"allow":["GET"]}}],"collection":[{"href":"https:\/\/padelsport.ee\/en\/wp-json\/wp\/v2\/product"}],"about":[{"href":"https:\/\/padelsport.ee\/en\/wp-json\/wp\/v2\/types\/product"}],"replies":[{"embeddable":true,"href":"https:\/\/padelsport.ee\/en\/wp-json\/wp\/v2\/comments?post=7039"}],"wp:featuredmedia":[{"embeddable":true,"href":"https:\/\/padelsport.ee\/en\/wp-json\/wp\/v2\/media\/3937"}],"wp:attachment":[{"href":"https:\/\/padelsport.ee\/en\/wp-json\/wp\/v2\/media?parent=7039"}],"wp:term":[{"taxonomy":"product_brand","embeddable":true,"href":"https:\/\/padelsport.ee\/en\/wp-json\/wp\/v2\/product_brand?post=7039"},{"taxonomy":"product_cat","embeddable":true,"href":"https:\/\/padelsport.ee\/en\/wp-json\/wp\/v2\/product_cat?post=7039"},{"taxonomy":"product_tag","embeddable":true,"href":"https:\/\/padelsport.ee\/en\/wp-json\/wp\/v2\/product_tag?post=7039"}],"curies":[{"name":"wp","href":"https:\/\/api.w.org\/{rel}","templated":true}]}}