{"id":7036,"date":"2025-10-18T12:17:29","date_gmt":"2025-10-18T09:17:29","guid":{"rendered":"https:\/\/padelsport.ee\/?post_type=product&#038;p=7036"},"modified":"2025-12-22T17:00:52","modified_gmt":"2025-12-22T15:00:52","slug":"cork-overgrips-mix-microperforated-30pc","status":"publish","type":"product","link":"https:\/\/padelsport.ee\/en\/product\/cork-overgrips-mix-microperforated-30pc\/","title":{"rendered":"Cork Overgrips Mix Microperforated 30pc"},"content":{"rendered":"<h3 data-start=\"90\" data-end=\"139\"><strong data-start=\"94\" data-end=\"137\">Cork Overgrips Mix Microperforated 30tk<\/strong><\/h3>\n<p data-start=\"141\" data-end=\"477\"><strong data-start=\"141\" data-end=\"182\">Cork Padel Microperforated overgripid<\/strong> on loodud m\u00e4ngijatele, kes otsivad maksimaalset haarduvust ja hingavust.<br data-start=\"255\" data-end=\"258\" \/>T\u00e4nu <strong data-start=\"263\" data-end=\"293\">mikroperforeeritud pinnale<\/strong> imab grip t\u00f5husalt higi ja tagab kindla kontrolli ka k\u00f5ige intensiivsemates m\u00e4nguhetkedes. \u00dches pakis on 30 erinevat v\u00e4rvi grippi \u2013 ideaalne varu nii treeninguteks kui v\u00f5istlusteks.<\/p>\n<p data-start=\"479\" data-end=\"704\">\u2705 Mikroperforeeritud struktuur parema ventilatsiooni ja haarduvuse jaoks<br data-start=\"551\" data-end=\"554\" \/>\u2705 V\u00e4ga hea niiskuse imavus<br data-start=\"580\" data-end=\"583\" \/>\u2705 Mugav ja vastupidav materjal<br data-start=\"613\" data-end=\"616\" \/>\u2705 30 tk pakis \u2013 erinevad v\u00e4rvid<br data-start=\"647\" data-end=\"650\" \/>\u2705 Keskkonnas\u00f5bralik ja kvaliteetne Cork Padel disain<\/p>\n<p data-start=\"706\" data-end=\"779\"><strong data-start=\"706\" data-end=\"777\">Sobib m\u00e4ngijatele, kes hindavad maksimaalset kontrolli ja mugavust!<\/strong><\/p>\n<p>&nbsp;<\/p>","protected":false},"excerpt":{"rendered":"<p data-start=\"141\" data-end=\"477\"><strong data-start=\"141\" data-end=\"182\">Cork Padel Microperforated overgripid<\/strong> on loodud m\u00e4ngijatele, kes otsivad maksimaalset haarduvust ja hingavust.<br data-start=\"255\" data-end=\"258\" \/>T\u00e4nu <strong data-start=\"263\" data-end=\"293\">mikroperforeeritud pinnale<\/strong> imab grip t\u00f5husalt higi ja tagab kindla kontrolli ka k\u00f5ige intensiivsemates m\u00e4nguhetkedes. \u00dches pakis on 30 erinevat v\u00e4rvi grippi \u2013 ideaalne varu nii treeninguteks kui ka v\u00f5istlusteks.<\/p>\n<p data-start=\"141\" data-end=\"477\">V\u00e4rvid: must, valge, t\u00fcrkiis, oranz ja roosa<\/p>\n<p data-start=\"479\" data-end=\"704\">","protected":false},"featured_media":7567,"comment_status":"closed","ping_status":"closed","template":"","meta":[],"product_brand":[],"product_cat":[38,171],"product_tag":[],"class_list":{"0":"post-7036","1":"product","2":"type-product","3":"status-publish","4":"has-post-thumbnail","6":"product_cat-lisatarvikud","7":"product_cat-pealisgripid-pihustid","9":"first","10":"instock","11":"taxable","12":"shipping-taxable","13":"purchasable","14":"product-type-simple"},"wooqr_code":"","jetpack_sharing_enabled":true,"_links":{"self":[{"href":"https:\/\/padelsport.ee\/en\/wp-json\/wp\/v2\/product\/7036","targetHints":{"allow":["GET"]}}],"collection":[{"href":"https:\/\/padelsport.ee\/en\/wp-json\/wp\/v2\/product"}],"about":[{"href":"https:\/\/padelsport.ee\/en\/wp-json\/wp\/v2\/types\/product"}],"replies":[{"embeddable":true,"href":"https:\/\/padelsport.ee\/en\/wp-json\/wp\/v2\/comments?post=7036"}],"wp:featuredmedia":[{"embeddable":true,"href":"https:\/\/padelsport.ee\/en\/wp-json\/wp\/v2\/media\/7567"}],"wp:attachment":[{"href":"https:\/\/padelsport.ee\/en\/wp-json\/wp\/v2\/media?parent=7036"}],"wp:term":[{"taxonomy":"product_brand","embeddable":true,"href":"https:\/\/padelsport.ee\/en\/wp-json\/wp\/v2\/product_brand?post=7036"},{"taxonomy":"product_cat","embeddable":true,"href":"https:\/\/padelsport.ee\/en\/wp-json\/wp\/v2\/product_cat?post=7036"},{"taxonomy":"product_tag","embeddable":true,"href":"https:\/\/padelsport.ee\/en\/wp-json\/wp\/v2\/product_tag?post=7036"}],"curies":[{"name":"wp","href":"https:\/\/api.w.org\/{rel}","templated":true}]}}