{"id":7035,"date":"2025-10-18T12:09:53","date_gmt":"2025-10-18T09:09:53","guid":{"rendered":"https:\/\/padelsport.ee\/?post_type=product&#038;p=7035"},"modified":"2025-12-22T17:01:50","modified_gmt":"2025-12-22T15:01:50","slug":"cork-overgrips-mix-flat-30pc","status":"publish","type":"product","link":"https:\/\/padelsport.ee\/en\/product\/cork-overgrips-mix-flat-30pc\/","title":{"rendered":"Cork Overgrips Mix Flat 30pc"},"content":{"rendered":"<p data-start=\"145\" data-end=\"472\">Cork Overgrips Mix Flat 30pc, mis pakuvad suurep\u00e4rast haarduvust, mugavust ja niiskuse imavust igas m\u00e4ngus.<br data-start=\"259\" data-end=\"262\" \/>Cork Padel on tuntud oma keskkonnas\u00f5bralike ja vastupidavate materjalide poolest \u2013 n\u00fc\u00fcd saad \u00fches pakis 30 erinevat v\u00e4rvi <em data-start=\"388\" data-end=\"394\">Flat<\/em> overgripi, et vahetada reketi k\u00e4epide vastavalt oma stiilile ja vajadusele.<\/p>\n<p data-start=\"474\" data-end=\"623\">\u2705 Pehme ja mugav tunne<br data-start=\"496\" data-end=\"499\" \/>\u2705 V\u00e4ga hea higisimavus<br data-start=\"521\" data-end=\"524\" \/>\u2705 Vastupidav ja lihtne paigaldada<br data-start=\"557\" data-end=\"560\" \/>\u2705 30 tk pakis \u2013 mitme kuu varu<br data-start=\"590\" data-end=\"593\" \/>\u2705 Keskkonnas\u00f5bralik materjal<\/p>\n<p data-start=\"625\" data-end=\"713\"><strong data-start=\"625\" data-end=\"711\">Ideaalne valik igale padelim\u00e4ngijale, kes v\u00e4\u00e4rtustab kvaliteeti ja kindlat haaret!<\/strong><\/p>\n<p>&nbsp;<\/p>","protected":false},"excerpt":{"rendered":"<p>Cork Overgrips Mix Flat 30pc, v\u00e4rviline<\/p>\n<p>V\u00e4rvid: must, valge, t\u00fcrkiis, oranz ja roosa<\/p>","protected":false},"featured_media":7567,"comment_status":"closed","ping_status":"closed","template":"","meta":[],"product_brand":[],"product_cat":[38,171],"product_tag":[],"class_list":{"0":"post-7035","1":"product","2":"type-product","3":"status-publish","4":"has-post-thumbnail","6":"product_cat-lisatarvikud","7":"product_cat-pealisgripid-pihustid","9":"first","10":"instock","11":"taxable","12":"shipping-taxable","13":"purchasable","14":"product-type-simple"},"wooqr_code":"","jetpack_sharing_enabled":true,"_links":{"self":[{"href":"https:\/\/padelsport.ee\/en\/wp-json\/wp\/v2\/product\/7035","targetHints":{"allow":["GET"]}}],"collection":[{"href":"https:\/\/padelsport.ee\/en\/wp-json\/wp\/v2\/product"}],"about":[{"href":"https:\/\/padelsport.ee\/en\/wp-json\/wp\/v2\/types\/product"}],"replies":[{"embeddable":true,"href":"https:\/\/padelsport.ee\/en\/wp-json\/wp\/v2\/comments?post=7035"}],"wp:featuredmedia":[{"embeddable":true,"href":"https:\/\/padelsport.ee\/en\/wp-json\/wp\/v2\/media\/7567"}],"wp:attachment":[{"href":"https:\/\/padelsport.ee\/en\/wp-json\/wp\/v2\/media?parent=7035"}],"wp:term":[{"taxonomy":"product_brand","embeddable":true,"href":"https:\/\/padelsport.ee\/en\/wp-json\/wp\/v2\/product_brand?post=7035"},{"taxonomy":"product_cat","embeddable":true,"href":"https:\/\/padelsport.ee\/en\/wp-json\/wp\/v2\/product_cat?post=7035"},{"taxonomy":"product_tag","embeddable":true,"href":"https:\/\/padelsport.ee\/en\/wp-json\/wp\/v2\/product_tag?post=7035"}],"curies":[{"name":"wp","href":"https:\/\/api.w.org\/{rel}","templated":true}]}}