{"id":7025,"date":"2025-10-18T11:36:57","date_gmt":"2025-10-18T08:36:57","guid":{"rendered":"https:\/\/padelsport.ee\/?post_type=product&#038;p=7025"},"modified":"2026-04-03T15:06:55","modified_gmt":"2026-04-03T12:06:55","slug":"cork-overgrips-mix-microperforated-10pc","status":"publish","type":"product","link":"https:\/\/padelsport.ee\/en\/product\/cork-overgrips-mix-microperforated-10pc\/","title":{"rendered":"CORK Overgrips Mix Microperforated 10pc"},"content":{"rendered":"<p>CORK Overgrips Mix Microperforated 10pc on m\u00f5eldud reketi k\u00e4epideme jaoks, et mitte ainult suurendada m\u00e4ngija k\u00e4es olevat mugavust, vaid ka tagada parem haare ja reketi tasakaal. Samuti aitavad need parandada reketi k\u00e4epideme h\u00fcgieeni, imades efektiivselt m\u00e4ngija k\u00e4te higi.<\/p>\n<p>Valikus on tavalised (flat) ja aukudega (microperforated) gripid. Aukudega gripid sobivad paremini neile, kelle k\u00e4ed higistavad rohkem.<\/p>\n<p>Kuidas panna grip peale? Juhendi leiad <a href=\"https:\/\/padelsport.ee\/en\/opetused\/overgrip-sinu-padelireketile-samm-sammuline-juhend\/\">SIIT<\/a><\/p>","protected":false},"excerpt":{"rendered":"<p>CORK Overgrips Mix Microperforated 10pc reketi k\u00e4epidemele aukudega, v\u00e4rviline.<\/p>","protected":false},"featured_media":3945,"comment_status":"closed","ping_status":"closed","template":"","meta":[],"product_brand":[],"product_cat":[38,171],"product_tag":[],"class_list":{"0":"post-7025","1":"product","2":"type-product","3":"status-publish","4":"has-post-thumbnail","6":"product_cat-lisatarvikud","7":"product_cat-pealisgripid-pihustid","9":"first","10":"instock","11":"taxable","12":"shipping-taxable","13":"purchasable","14":"product-type-simple"},"wooqr_code":"","jetpack_sharing_enabled":true,"_links":{"self":[{"href":"https:\/\/padelsport.ee\/en\/wp-json\/wp\/v2\/product\/7025","targetHints":{"allow":["GET"]}}],"collection":[{"href":"https:\/\/padelsport.ee\/en\/wp-json\/wp\/v2\/product"}],"about":[{"href":"https:\/\/padelsport.ee\/en\/wp-json\/wp\/v2\/types\/product"}],"replies":[{"embeddable":true,"href":"https:\/\/padelsport.ee\/en\/wp-json\/wp\/v2\/comments?post=7025"}],"wp:featuredmedia":[{"embeddable":true,"href":"https:\/\/padelsport.ee\/en\/wp-json\/wp\/v2\/media\/3945"}],"wp:attachment":[{"href":"https:\/\/padelsport.ee\/en\/wp-json\/wp\/v2\/media?parent=7025"}],"wp:term":[{"taxonomy":"product_brand","embeddable":true,"href":"https:\/\/padelsport.ee\/en\/wp-json\/wp\/v2\/product_brand?post=7025"},{"taxonomy":"product_cat","embeddable":true,"href":"https:\/\/padelsport.ee\/en\/wp-json\/wp\/v2\/product_cat?post=7025"},{"taxonomy":"product_tag","embeddable":true,"href":"https:\/\/padelsport.ee\/en\/wp-json\/wp\/v2\/product_tag?post=7025"}],"curies":[{"name":"wp","href":"https:\/\/api.w.org\/{rel}","templated":true}]}}