{"id":7015,"date":"2025-10-16T10:18:44","date_gmt":"2025-10-16T07:18:44","guid":{"rendered":"https:\/\/padelsport.ee\/?post_type=product&#038;p=7015"},"modified":"2025-12-20T00:04:10","modified_gmt":"2025-12-19T22:04:10","slug":"adidas-backpack-power-vii-jc9333","status":"publish","type":"product","link":"https:\/\/padelsport.ee\/en\/product\/adidas-backpack-power-vii-jc9333\/","title":{"rendered":"Adidas Backpack Power VII JC9333"},"content":{"rendered":"<article class=\"text-token-text-primary w-full focus:outline-none [--shadow-height:45px] has-data-writing-block:pointer-events-none has-data-writing-block:-mt-(--shadow-height) has-data-writing-block:pt-(--shadow-height) [&amp;:has([data-writing-block])&gt;*]:pointer-events-auto [content-visibility:auto] supports-[content-visibility:auto]:[contain-intrinsic-size:auto_100lvh] scroll-mt-[calc(var(--header-height)+min(200px,max(70px,20svh)))]\" dir=\"auto\" tabindex=\"-1\" data-turn-id=\"request-685eeda8-124c-8006-a3f0-bed36a58592e-2\" data-testid=\"conversation-turn-10\" data-scroll-anchor=\"true\" data-turn=\"assistant\">\n<div class=\"text-base my-auto mx-auto pb-10 [--thread-content-margin:--spacing(4)] thread-sm:[--thread-content-margin:--spacing(6)] thread-lg:[--thread-content-margin:--spacing(16)] px-(--thread-content-margin)\">\n<div class=\"[--thread-content-max-width:40rem] thread-lg:[--thread-content-max-width:48rem] mx-auto max-w-(--thread-content-max-width) flex-1 group\/turn-messages focus-visible:outline-hidden relative flex w-full min-w-0 flex-col agent-turn\" tabindex=\"-1\">\n<div class=\"flex max-w-full flex-col grow\">\n<div class=\"min-h-8 text-message relative flex w-full flex-col items-end gap-2 text-start break-words whitespace-normal [.text-message+&amp;]:mt-1\" dir=\"auto\" data-message-author-role=\"assistant\" data-message-id=\"8638e36f-ce12-4d23-a21f-911152e68ca7\" data-message-model-slug=\"gpt-4o\">\n<div class=\"flex w-full flex-col gap-1 empty:hidden first:pt-[1px]\">\n<div class=\"markdown prose dark:prose-invert w-full break-words light markdown-new-styling\">\n<p data-start=\"433\" data-end=\"577\"><strong data-start=\"433\" data-end=\"460\">Adidas Power VII JC9333<\/strong> \u2014 stiilne, vastupidav ja mitmek\u00fclgne seljakott, mis sobib nii igap\u00e4evaseks kasutamiseks kui ka spordiks v\u00f5i kooliks.<\/p>\n<h3 data-start=\"579\" data-end=\"610\">Peamised omadused &amp; eelised<\/h3>\n<ul data-start=\"612\" data-end=\"1163\">\n<li data-start=\"612\" data-end=\"692\">\n<p data-start=\"614\" data-end=\"692\">Keskkonnas\u00f5bralik materjal: tihe kudumkangas 100\u202f% taaskasutatud pol\u00fcestrist<\/p>\n<\/li>\n<li data-start=\"693\" data-end=\"798\">\n<p data-start=\"695\" data-end=\"798\">Hingav seljaosa ja rihmad: air\u2011mesh v\u00f5rgumaterjal ventilatsiooni parandamiseks ja mugavuse tagamiseks<\/p>\n<\/li>\n<li data-start=\"799\" data-end=\"921\">\n<p data-start=\"801\" data-end=\"921\">Rikkalikud taskud: mitu t\u00f5mbluku- ja libistatavat taskut v\u00e4ikeste esemete jaoks, kujundatud praktilisus silmas pidades<\/p>\n<\/li>\n<li data-start=\"922\" data-end=\"991\">\n<p data-start=\"924\" data-end=\"991\">Polsterdatud s\u00fclearvutikompartiment: kaitseb arvutit v\u00f5i tabletti<\/p>\n<\/li>\n<li data-start=\"992\" data-end=\"1085\">\n<p data-start=\"994\" data-end=\"1085\">K\u00fclgmised kokkusurumisrihmad: v\u00f5imaldavad koti kompaktsemaks muuta ja stabiliseerida sisu<\/p>\n<\/li>\n<li data-start=\"1086\" data-end=\"1163\">\n<p data-start=\"1088\" data-end=\"1163\">Tugevdatud p\u00f5hi TPE-kattega: kaitseb koti alust niiskuse ja kulumise eest<\/p>\n<\/li>\n<\/ul>\n<h3 data-start=\"1165\" data-end=\"1186\">Tehnilised andmed<\/h3>\n<div class=\"_tableContainer_1rjym_1\">\n<div class=\"group _tableWrapper_1rjym_13 flex w-fit flex-col-reverse\" tabindex=\"-1\">\n<table class=\"w-fit min-w-(--thread-content-width)\" data-start=\"1188\" data-end=\"1422\">\n<thead data-start=\"1188\" data-end=\"1208\">\n<tr data-start=\"1188\" data-end=\"1208\">\n<th data-start=\"1188\" data-end=\"1197\" data-col-size=\"sm\">Omadus<\/th>\n<th data-start=\"1197\" data-end=\"1208\" data-col-size=\"md\">V\u00e4\u00e4rtus<\/th>\n<\/tr>\n<\/thead>\n<tbody data-start=\"1219\" data-end=\"1422\">\n<tr data-start=\"1219\" data-end=\"1288\">\n<td data-start=\"1219\" data-end=\"1228\" data-col-size=\"sm\">V\u00e4rvus<\/td>\n<td data-start=\"1228\" data-end=\"1288\" data-col-size=\"md\">Naturaaltoonid \/ beige \/ khaki (vastavalt v\u00e4rvivalikule)<\/td>\n<\/tr>\n<tr data-start=\"1289\" data-end=\"1316\">\n<td data-start=\"1289\" data-end=\"1296\" data-col-size=\"sm\">Maht<\/td>\n<td data-start=\"1296\" data-end=\"1316\" data-col-size=\"md\">umbes 26 liitrit<\/td>\n<\/tr>\n<tr data-start=\"1317\" data-end=\"1346\">\n<td data-start=\"1317\" data-end=\"1327\" data-col-size=\"sm\">M\u00f5\u00f5tmed<\/td>\n<td data-col-size=\"md\" data-start=\"1327\" data-end=\"1346\">46 \u00d7 30 \u00d7 19 cm<\/td>\n<\/tr>\n<tr data-start=\"1347\" data-end=\"1391\">\n<td data-start=\"1347\" data-end=\"1358\" data-col-size=\"sm\">Materjal<\/td>\n<td data-col-size=\"md\" data-start=\"1358\" data-end=\"1391\">100\u202f% taaskasutatud pol\u00fcester<\/td>\n<\/tr>\n<tr data-start=\"1392\" data-end=\"1422\">\n<td data-start=\"1392\" data-end=\"1400\" data-col-size=\"sm\">Mudel<\/td>\n<td data-start=\"1400\" data-end=\"1422\" data-col-size=\"md\">JC9333 (Power VII)<\/td>\n<\/tr>\n<\/tbody>\n<\/table>\n<\/div>\n<\/div>\n<h3 data-start=\"1424\" data-end=\"1446\">Sobivus kasutajale<\/h3>\n<p data-start=\"1448\" data-end=\"1783\">See seljakott on ideaalne k\u00f5igile, kes vajavad praktilist ja funktsionaalset lahendust igap\u00e4evaseks kasutamiseks \u2014 kas koolis, t\u00f6\u00f6l v\u00f5i vabal ajal. Polsterdatud s\u00fclearvutikompartiment koos tugeva p\u00f5hjakihiga teeb koti sobivaks ka s\u00fclearvuti v\u00f5i tahvelarvuti kandmiseks. Ventileeritav seljapaneel teeb kandmise mugavaks ka pikemal ajal.<\/p>\n<\/div>\n<\/div>\n<\/div>\n<\/div>\n<div class=\"z-0 flex min-h-[46px] justify-start\"><\/div>\n<div class=\"mt-3 w-full empty:hidden\">\n<div class=\"text-center\"><\/div>\n<\/div>\n<\/div>\n<\/div>\n<\/article>\n<div class=\"pointer-events-none h-px w-px\" aria-hidden=\"true\" data-edge=\"true\"><\/div>\n","protected":false},"excerpt":{"rendered":"<p>Elegantne ja funktsionaalne Adidas Backpack Power VII, mis on valmistatud 100\u202f% taaskasutatud pol\u00fcestrist.<br \/>\nMahutab ligikaudu 26\u202fL.<br \/>\nVarustatud polsterdatud s\u00fclearvutikompartmenti, mitmete taskutega ja tugevdatud alumise osaga, et taluda niiskust ja kulumist.<br \/>\nM\u00f5\u00f5tmed: 46 \u00d7 30 \u00d7 19 cm.<\/p>","protected":false},"featured_media":7020,"comment_status":"open","ping_status":"closed","template":"","meta":[],"product_brand":[],"product_cat":[144,172,30],"product_tag":[],"class_list":{"0":"post-7015","1":"product","2":"type-product","3":"status-publish","4":"has-post-thumbnail","6":"product_cat-adidas-kotid","7":"product_cat-halloweeni-kampaania","8":"product_cat-kotid","10":"first","11":"instock","12":"taxable","13":"shipping-taxable","14":"purchasable","15":"product-type-simple"},"wooqr_code":"","jetpack_sharing_enabled":true,"_links":{"self":[{"href":"https:\/\/padelsport.ee\/en\/wp-json\/wp\/v2\/product\/7015","targetHints":{"allow":["GET"]}}],"collection":[{"href":"https:\/\/padelsport.ee\/en\/wp-json\/wp\/v2\/product"}],"about":[{"href":"https:\/\/padelsport.ee\/en\/wp-json\/wp\/v2\/types\/product"}],"replies":[{"embeddable":true,"href":"https:\/\/padelsport.ee\/en\/wp-json\/wp\/v2\/comments?post=7015"}],"wp:featuredmedia":[{"embeddable":true,"href":"https:\/\/padelsport.ee\/en\/wp-json\/wp\/v2\/media\/7020"}],"wp:attachment":[{"href":"https:\/\/padelsport.ee\/en\/wp-json\/wp\/v2\/media?parent=7015"}],"wp:term":[{"taxonomy":"product_brand","embeddable":true,"href":"https:\/\/padelsport.ee\/en\/wp-json\/wp\/v2\/product_brand?post=7015"},{"taxonomy":"product_cat","embeddable":true,"href":"https:\/\/padelsport.ee\/en\/wp-json\/wp\/v2\/product_cat?post=7015"},{"taxonomy":"product_tag","embeddable":true,"href":"https:\/\/padelsport.ee\/en\/wp-json\/wp\/v2\/product_tag?post=7015"}],"curies":[{"name":"wp","href":"https:\/\/api.w.org\/{rel}","templated":true}]}}