{"id":6993,"date":"2025-10-13T15:53:54","date_gmt":"2025-10-13T12:53:54","guid":{"rendered":"https:\/\/padelsport.ee\/?post_type=product&#038;p=6993"},"modified":"2026-03-27T08:51:50","modified_gmt":"2026-03-27T06:51:50","slug":"bullpadel-grip-hesacore","status":"publish","type":"product","link":"https:\/\/padelsport.ee\/en\/product\/bullpadel-grip-hesacore\/","title":{"rendered":"Bullpadel Grip Hesacore"},"content":{"rendered":"<p data-start=\"193\" data-end=\"552\">T\u00e4nu oma unikaalsele k\u00e4rgstruktuurile pakub Bullpadel Grip Hesacore mugavamat ja kindlamat k\u00e4epidet, v\u00e4hendades samal ajal pinget randmes ja k\u00fc\u00fcnarvarres.<br data-start=\"456\" data-end=\"459\" \/>Arendatud koost\u00f6\u00f6s Bullpadeliga, et pakkuda maksimaalset kontrolli ja mugavust igas m\u00e4ngus.<\/p>","protected":false},"excerpt":{"rendered":"<p>Osta Bullpadel Grip Hesacore \u2013 revolutsiooniline toode, mille eesm\u00e4rk on v\u00e4hendada vibratsiooni ja parandada haarduvust.<\/p>","protected":false},"featured_media":6995,"comment_status":"open","ping_status":"closed","template":"","meta":[],"product_brand":[],"product_cat":[38,172,171],"product_tag":[],"class_list":{"0":"post-6993","1":"product","2":"type-product","3":"status-publish","4":"has-post-thumbnail","6":"product_cat-lisatarvikud","7":"product_cat-halloweeni-kampaania","8":"product_cat-pealisgripid-pihustid","10":"first","11":"instock","12":"taxable","13":"shipping-taxable","14":"purchasable","15":"product-type-simple"},"wooqr_code":"","jetpack_sharing_enabled":true,"_links":{"self":[{"href":"https:\/\/padelsport.ee\/en\/wp-json\/wp\/v2\/product\/6993","targetHints":{"allow":["GET"]}}],"collection":[{"href":"https:\/\/padelsport.ee\/en\/wp-json\/wp\/v2\/product"}],"about":[{"href":"https:\/\/padelsport.ee\/en\/wp-json\/wp\/v2\/types\/product"}],"replies":[{"embeddable":true,"href":"https:\/\/padelsport.ee\/en\/wp-json\/wp\/v2\/comments?post=6993"}],"wp:featuredmedia":[{"embeddable":true,"href":"https:\/\/padelsport.ee\/en\/wp-json\/wp\/v2\/media\/6995"}],"wp:attachment":[{"href":"https:\/\/padelsport.ee\/en\/wp-json\/wp\/v2\/media?parent=6993"}],"wp:term":[{"taxonomy":"product_brand","embeddable":true,"href":"https:\/\/padelsport.ee\/en\/wp-json\/wp\/v2\/product_brand?post=6993"},{"taxonomy":"product_cat","embeddable":true,"href":"https:\/\/padelsport.ee\/en\/wp-json\/wp\/v2\/product_cat?post=6993"},{"taxonomy":"product_tag","embeddable":true,"href":"https:\/\/padelsport.ee\/en\/wp-json\/wp\/v2\/product_tag?post=6993"}],"curies":[{"name":"wp","href":"https:\/\/api.w.org\/{rel}","templated":true}]}}