{"id":6915,"date":"2025-10-05T12:35:13","date_gmt":"2025-10-05T09:35:13","guid":{"rendered":"https:\/\/padelsport.ee\/?post_type=product&#038;p=6915"},"modified":"2025-10-05T13:30:03","modified_gmt":"2025-10-05T10:30:03","slug":"adidas-metalbone-ctrl-3-3-komplekt","status":"publish","type":"product","link":"https:\/\/padelsport.ee\/en\/product\/adidas-metalbone-ctrl-3-3-komplekt\/","title":{"rendered":"Adidas Metalbone CTRL 3.3 komplekt"},"content":{"rendered":"<pre data-start=\"918\" data-end=\"944\"><strong>\ud83c\udfbe Adidas Metalbone CTRL 3.3 komplekt sisu:<\/strong>\r\n\r\n\ud83d\udd39 Adidas Metalbone CTRL 3.3 reket<\/pre>\n<ul data-start=\"988\" data-end=\"1369\">\n<li data-start=\"988\" data-end=\"1092\">\n<pre data-start=\"990\" data-end=\"1092\">Uue p\u00f5lvkonna <strong data-start=\"1004\" data-end=\"1026\">Metalbone CTRL 3.3<\/strong> on loodud m\u00e4ngijatele, kes eelistavad kontrolli ja stabiilsust.<\/pre>\n<\/li>\n<li data-start=\"1093\" data-end=\"1229\">\n<pre data-start=\"1095\" data-end=\"1229\">T\u00e4nu <strong data-start=\"1100\" data-end=\"1128\">Carbon Aluminized 2 T0 1<\/strong> pinnale ja <strong data-start=\"1140\" data-end=\"1164\">EVA Soft Performance<\/strong> tuumale pakub see suurep\u00e4rast tunnetust ja j\u00f5udluse tasakaalu.<\/pre>\n<\/li>\n<li data-start=\"1093\" data-end=\"1229\">\n<pre data-start=\"1095\" data-end=\"1229\">Aerod\u00fcnaamiline raam ja <strong style=\"font-family: -apple-system, BlinkMacSystemFont, 'Segoe UI', Roboto, 'Helvetica Neue', Arial, 'Noto Sans', sans-serif, 'Apple Color Emoji', 'Segoe UI Emoji', 'Segoe UI Symbol', 'Noto Color Emoji'; font-size: 1rem;\" data-start=\"1256\" data-end=\"1283\">Weight &amp; Balance System<\/strong><span style=\"font-family: -apple-system, BlinkMacSystemFont, 'Segoe UI', Roboto, 'Helvetica Neue', Arial, 'Noto Sans', sans-serif, 'Apple Color Emoji', 'Segoe UI Emoji', 'Segoe UI Symbol', 'Noto Color Emoji'; font-size: 1rem;\"> v\u00f5imaldavad m\u00e4ngijal kohandada reketi raskust ja tasakaalu vastavalt m\u00e4ngustiilile.<\/span><\/pre>\n<\/li>\n<\/ul>\n<pre data-start=\"1371\" data-end=\"1421\">\ud83d\udd39 Adidas ProTour Martita Ortega padelikott<\/pre>\n<ul data-start=\"1422\" data-end=\"1745\">\n<li data-start=\"1422\" data-end=\"1534\">\n<pre data-start=\"1424\" data-end=\"1534\">Stiilne ja funktsionaalne <strong data-start=\"1450\" data-end=\"1476\">ProTour Martita Ortega<\/strong> kott mahutab k\u00f5ik vajaliku treeninguks ja v\u00f5istlusteks.<\/pre>\n<\/li>\n<li data-start=\"1535\" data-end=\"1617\">\n<pre data-start=\"1537\" data-end=\"1617\">Kaks termoosaga reketitaskut kaitsevad varustust temperatuuri k\u00f5ikumiste eest.<\/pre>\n<\/li>\n<li data-start=\"1618\" data-end=\"1695\">\n<pre data-start=\"1620\" data-end=\"1695\">Eraldi ventileeritav jalan\u00f5ude sektsioon ja mitu lisa\u00adtaskut tarvikutele.<\/pre>\n<\/li>\n<li data-start=\"1696\" data-end=\"1745\">\n<pre data-start=\"1698\" data-end=\"1745\">Mugavad seljakotirihmad ja vastupidav disain.<\/pre>\n<\/li>\n<\/ul>\n<pre data-start=\"1747\" data-end=\"1785\">\ud83d\udd39 Adidas RX Speed padelipallid<\/pre>\n<ul data-start=\"1786\" data-end=\"1947\">\n<li data-start=\"1786\" data-end=\"1901\">\n<pre data-start=\"1788\" data-end=\"1901\">Suurep\u00e4rase p\u00f5rke ja kulumiskindlusega padelipallid, mis tagavad stabiilse lennutrajektoori ja \u00fchtlase kiiruse.<\/pre>\n<\/li>\n<li data-start=\"1902\" data-end=\"1947\">\n<pre data-start=\"1904\" data-end=\"1947\">Sobivad nii treeninguks kui v\u00f5istlusteks.<\/pre>\n<\/li>\n<\/ul>","protected":false},"excerpt":{"rendered":"<p>See eksklusiivne <strong data-start=\"650\" data-end=\"679\">Adidas Metalbone CTRL 3.3<\/strong> komplekt on loodud m\u00e4ngijale, kes soovib parimat kombinatsiooni t\u00e4psusest, mugavusest ja professionaalsest varustusest.<br data-start=\"805\" data-end=\"808\" \/>Komplekt sisaldab k\u00f5ike, mida vajad kohe m\u00e4nguv\u00e4ljakule astumiseks \u2013 <strong data-start=\"877\" data-end=\"886\">reket<\/strong>, <strong data-start=\"888\" data-end=\"896\">kott<\/strong> and <strong data-start=\"900\" data-end=\"910\">balls<\/strong>.<\/p>","protected":false},"featured_media":6916,"comment_status":"open","ping_status":"closed","template":"","meta":[],"product_brand":[],"product_cat":[53],"product_tag":[],"class_list":{"0":"post-6915","1":"product","2":"type-product","3":"status-publish","4":"has-post-thumbnail","6":"product_cat-komplektid","8":"first","9":"instock","10":"taxable","11":"shipping-taxable","12":"purchasable","13":"product-type-simple"},"wooqr_code":"","jetpack_sharing_enabled":true,"_links":{"self":[{"href":"https:\/\/padelsport.ee\/en\/wp-json\/wp\/v2\/product\/6915","targetHints":{"allow":["GET"]}}],"collection":[{"href":"https:\/\/padelsport.ee\/en\/wp-json\/wp\/v2\/product"}],"about":[{"href":"https:\/\/padelsport.ee\/en\/wp-json\/wp\/v2\/types\/product"}],"replies":[{"embeddable":true,"href":"https:\/\/padelsport.ee\/en\/wp-json\/wp\/v2\/comments?post=6915"}],"wp:featuredmedia":[{"embeddable":true,"href":"https:\/\/padelsport.ee\/en\/wp-json\/wp\/v2\/media\/6916"}],"wp:attachment":[{"href":"https:\/\/padelsport.ee\/en\/wp-json\/wp\/v2\/media?parent=6915"}],"wp:term":[{"taxonomy":"product_brand","embeddable":true,"href":"https:\/\/padelsport.ee\/en\/wp-json\/wp\/v2\/product_brand?post=6915"},{"taxonomy":"product_cat","embeddable":true,"href":"https:\/\/padelsport.ee\/en\/wp-json\/wp\/v2\/product_cat?post=6915"},{"taxonomy":"product_tag","embeddable":true,"href":"https:\/\/padelsport.ee\/en\/wp-json\/wp\/v2\/product_tag?post=6915"}],"curies":[{"name":"wp","href":"https:\/\/api.w.org\/{rel}","templated":true}]}}