{"id":6890,"date":"2025-10-04T19:34:37","date_gmt":"2025-10-04T16:34:37","guid":{"rendered":"https:\/\/padelsport.ee\/?post_type=product&#038;p=6890"},"modified":"2025-10-04T19:49:04","modified_gmt":"2025-10-04T16:49:04","slug":"cork-thermobag-green","status":"publish","type":"product","link":"https:\/\/padelsport.ee\/en\/product\/cork-thermobag-green\/","title":{"rendered":"Cork Thermobag Green"},"content":{"rendered":"<p>Cork Thermobag Green on valmistatud s\u00fcnteetilisest ja termomaterjalist. Kaks termotaskut, kuhu mahub 4 reketit. Keskosas on tasku ja sees veel \u00fcks sisetasku. Termokoti p\u00f5hjas on hingav tasku, kuhu saab paigutada spordijalatsid.<\/p>\n<p>Kaal: 1400 g.<\/p>\n<p>M\u00f5\u00f5dud: 63x43x50 cm.<\/p>","protected":false},"excerpt":{"rendered":"<p>Cork Thermobag Green<\/p>","protected":false},"featured_media":6894,"comment_status":"open","ping_status":"closed","template":"","meta":[],"product_brand":[],"product_cat":[83,30],"product_tag":[],"class_list":{"0":"post-6890","1":"product","2":"type-product","3":"status-publish","4":"has-post-thumbnail","6":"product_cat-corki-kotid","7":"product_cat-kotid","9":"first","10":"instock","11":"taxable","12":"shipping-taxable","13":"purchasable","14":"product-type-simple"},"wooqr_code":"","jetpack_sharing_enabled":true,"_links":{"self":[{"href":"https:\/\/padelsport.ee\/en\/wp-json\/wp\/v2\/product\/6890","targetHints":{"allow":["GET"]}}],"collection":[{"href":"https:\/\/padelsport.ee\/en\/wp-json\/wp\/v2\/product"}],"about":[{"href":"https:\/\/padelsport.ee\/en\/wp-json\/wp\/v2\/types\/product"}],"replies":[{"embeddable":true,"href":"https:\/\/padelsport.ee\/en\/wp-json\/wp\/v2\/comments?post=6890"}],"wp:featuredmedia":[{"embeddable":true,"href":"https:\/\/padelsport.ee\/en\/wp-json\/wp\/v2\/media\/6894"}],"wp:attachment":[{"href":"https:\/\/padelsport.ee\/en\/wp-json\/wp\/v2\/media?parent=6890"}],"wp:term":[{"taxonomy":"product_brand","embeddable":true,"href":"https:\/\/padelsport.ee\/en\/wp-json\/wp\/v2\/product_brand?post=6890"},{"taxonomy":"product_cat","embeddable":true,"href":"https:\/\/padelsport.ee\/en\/wp-json\/wp\/v2\/product_cat?post=6890"},{"taxonomy":"product_tag","embeddable":true,"href":"https:\/\/padelsport.ee\/en\/wp-json\/wp\/v2\/product_tag?post=6890"}],"curies":[{"name":"wp","href":"https:\/\/api.w.org\/{rel}","templated":true}]}}