{"id":6883,"date":"2025-10-04T18:26:20","date_gmt":"2025-10-04T15:26:20","guid":{"rendered":"https:\/\/padelsport.ee\/?post_type=product&#038;p=6883"},"modified":"2025-11-26T15:20:22","modified_gmt":"2025-11-26T13:20:22","slug":"cork-vintage-taisnahast-handbag-padelikott-black-gold","status":"publish","type":"product","link":"https:\/\/padelsport.ee\/en\/product\/cork-vintage-taisnahast-handbag-padelikott-black-gold\/","title":{"rendered":"Cork Vintage t\u00e4isnahast Handbag padelikott"},"content":{"rendered":"<p>Ehtsast nahast k\u00e4sitsi valmistatud padeli kott tikitud v\u00f5i graveeritud kaubam\u00e4rgiga CORK PADEL.<br \/>\nVintage disain, v\u00e4listaskuga,\u00a0 \u00fche reketi jaoks.<br \/>\nSisemus on vooderdatud virsikunahaga.<br \/>\nSisemine lukuga tasku, \u00fche kinnise tasku ja kahe avatud taskuga.<br \/>\nEksklusiivne mudel, 100% portugali p\u00e4ritolu.<br \/>\nV\u00e4rvus: must ja kuldse lukuga<\/p>\n<p>50x30x12cm &#8211; 1500gr.<\/p>","protected":false},"excerpt":{"rendered":"<p>Cork Vintage t\u00e4isnahast Handbag padelikott.<\/p>\n<p>Tarneaeg 7-10 t\u00f6\u00f6p\u00e4eva.<br \/>\nEttemaks 50%.<\/p>","protected":false},"featured_media":4113,"comment_status":"open","ping_status":"closed","template":"","meta":[],"product_brand":[],"product_cat":[83,30],"product_tag":[],"class_list":{"0":"post-6883","1":"product","2":"type-product","3":"status-publish","4":"has-post-thumbnail","6":"product_cat-corki-kotid","7":"product_cat-kotid","9":"first","10":"onbackorder","11":"taxable","12":"shipping-taxable","13":"purchasable","14":"product-type-simple"},"wooqr_code":"","jetpack_sharing_enabled":true,"_links":{"self":[{"href":"https:\/\/padelsport.ee\/en\/wp-json\/wp\/v2\/product\/6883","targetHints":{"allow":["GET"]}}],"collection":[{"href":"https:\/\/padelsport.ee\/en\/wp-json\/wp\/v2\/product"}],"about":[{"href":"https:\/\/padelsport.ee\/en\/wp-json\/wp\/v2\/types\/product"}],"replies":[{"embeddable":true,"href":"https:\/\/padelsport.ee\/en\/wp-json\/wp\/v2\/comments?post=6883"}],"wp:featuredmedia":[{"embeddable":true,"href":"https:\/\/padelsport.ee\/en\/wp-json\/wp\/v2\/media\/4113"}],"wp:attachment":[{"href":"https:\/\/padelsport.ee\/en\/wp-json\/wp\/v2\/media?parent=6883"}],"wp:term":[{"taxonomy":"product_brand","embeddable":true,"href":"https:\/\/padelsport.ee\/en\/wp-json\/wp\/v2\/product_brand?post=6883"},{"taxonomy":"product_cat","embeddable":true,"href":"https:\/\/padelsport.ee\/en\/wp-json\/wp\/v2\/product_cat?post=6883"},{"taxonomy":"product_tag","embeddable":true,"href":"https:\/\/padelsport.ee\/en\/wp-json\/wp\/v2\/product_tag?post=6883"}],"curies":[{"name":"wp","href":"https:\/\/api.w.org\/{rel}","templated":true}]}}