{"id":6874,"date":"2025-10-04T15:34:12","date_gmt":"2025-10-04T12:34:12","guid":{"rendered":"https:\/\/padelsport.ee\/?post_type=product&#038;p=6874"},"modified":"2026-01-14T15:41:20","modified_gmt":"2026-01-14T13:41:20","slug":"cork-leather-backpack-white","status":"publish","type":"product","link":"https:\/\/padelsport.ee\/en\/product\/cork-leather-backpack-white\/","title":{"rendered":"Cork Leather Backpack White"},"content":{"rendered":"<p>Cork Leather Backpack on ehtsast t\u00e4isnahast k\u00e4sitsi valmistatud.<\/p>\n<p>Mitmeotstarbeline seljakott, sellel on 4 sisetaskut: termotasku \u00fche reketi kandmiseks; suur virsikunahaga vooderdatud tasku tekstiilide ja tarvikute kandmiseks ning kaks v\u00e4ikest taskut isiklike asjade hoidmiseks.<\/p>\n<p>Eksklusiivne mudel, 100% portugali p\u00e4ritolu.<\/p>\n<p>V\u00e4rvus: helebeez<\/p>\n<p>35x53x50cm &#8211; 1400gr<\/p>","protected":false},"excerpt":{"rendered":"<p style=\"text-align: left;\">Cork Leather Backpack on t\u00e4isnahast.<\/p>\n<p>Tarneaeg 10-15 t\u00f6\u00f6p\u00e4eva!<\/p>","protected":false},"featured_media":6881,"comment_status":"open","ping_status":"closed","template":"","meta":[],"product_brand":[],"product_cat":[30,83],"product_tag":[],"class_list":{"0":"post-6874","1":"product","2":"type-product","3":"status-publish","4":"has-post-thumbnail","6":"product_cat-kotid","7":"product_cat-corki-kotid","9":"first","10":"onbackorder","11":"taxable","12":"shipping-taxable","13":"purchasable","14":"product-type-simple"},"wooqr_code":"","jetpack_sharing_enabled":true,"_links":{"self":[{"href":"https:\/\/padelsport.ee\/en\/wp-json\/wp\/v2\/product\/6874","targetHints":{"allow":["GET"]}}],"collection":[{"href":"https:\/\/padelsport.ee\/en\/wp-json\/wp\/v2\/product"}],"about":[{"href":"https:\/\/padelsport.ee\/en\/wp-json\/wp\/v2\/types\/product"}],"replies":[{"embeddable":true,"href":"https:\/\/padelsport.ee\/en\/wp-json\/wp\/v2\/comments?post=6874"}],"wp:featuredmedia":[{"embeddable":true,"href":"https:\/\/padelsport.ee\/en\/wp-json\/wp\/v2\/media\/6881"}],"wp:attachment":[{"href":"https:\/\/padelsport.ee\/en\/wp-json\/wp\/v2\/media?parent=6874"}],"wp:term":[{"taxonomy":"product_brand","embeddable":true,"href":"https:\/\/padelsport.ee\/en\/wp-json\/wp\/v2\/product_brand?post=6874"},{"taxonomy":"product_cat","embeddable":true,"href":"https:\/\/padelsport.ee\/en\/wp-json\/wp\/v2\/product_cat?post=6874"},{"taxonomy":"product_tag","embeddable":true,"href":"https:\/\/padelsport.ee\/en\/wp-json\/wp\/v2\/product_tag?post=6874"}],"curies":[{"name":"wp","href":"https:\/\/api.w.org\/{rel}","templated":true}]}}