{"id":6828,"date":"2025-09-24T19:00:06","date_gmt":"2025-09-24T16:00:06","guid":{"rendered":"https:\/\/padelsport.ee\/?post_type=product&#038;p=6828"},"modified":"2025-10-13T15:57:26","modified_gmt":"2025-10-13T12:57:26","slug":"adidas-neuvortx-black-lime","status":"publish","type":"product","link":"https:\/\/padelsport.ee\/en\/product\/adidas-neuvortx-black-lime\/","title":{"rendered":"ADIDAS NEUVORTX BLACK \/LIME"},"content":{"rendered":"<p data-start=\"101\" data-end=\"159\"><strong data-start=\"101\" data-end=\"157\">Adidas Neuvortx Black\/Lime \u2013 \u00fclim kontroll ja t\u00e4psus<\/strong><\/p>\n<p data-start=\"161\" data-end=\"457\">Adidas Neuvortx Black\/Lime on tipptasemel padelireket, mis sobib ideaalselt kesktaseme ja edasij\u00f5udnud m\u00e4ngijatele. \u00dcmar kuju ja kaal 360\u2013375 g tagavad t\u00e4pse kontrolli, samas kui keskne l\u00f6\u00f6giala (<em data-start=\"357\" data-end=\"376\">Sweet Spot Middle<\/em>) ja <em data-start=\"381\" data-end=\"403\">Eva Soft Performance<\/em> kumm pakuvad mugavust ning v\u00e4hendavad vibratsiooni.<\/p>\n<p data-start=\"459\" data-end=\"632\"><em data-start=\"459\" data-end=\"471\">Spin Blade<\/em> tehnoloogia loob lisaj\u00f5u keerutusl\u00f6\u00f6kidele, muutes sinu m\u00e4ngu mitmekesisemaks ja taktikalemaks. Stiilne musta ja laimiroheline disain lisab v\u00e4ljakul iseloomu.<\/p>\n<p data-start=\"634\" data-end=\"658\"><strong data-start=\"634\" data-end=\"656\">The main features are:<\/strong><\/p>\n<ul data-start=\"659\" data-end=\"941\">\n<li data-start=\"659\" data-end=\"702\">\n<p data-start=\"661\" data-end=\"702\">\u00dcmar kuju, keskmine tasakaal, 360\u2013375 g<\/p>\n<\/li>\n<li data-start=\"703\" data-end=\"778\">\n<p data-start=\"705\" data-end=\"778\"><em data-start=\"705\" data-end=\"727\">Eva Soft Performance<\/em> s\u00fcdamik mugavuseks ja vibratsiooni v\u00e4hendamiseks<\/p>\n<\/li>\n<li data-start=\"779\" data-end=\"828\">\n<p data-start=\"781\" data-end=\"828\"><em data-start=\"781\" data-end=\"793\">Spin Blade<\/em> tehnoloogia paremaks keerutuseks<\/p>\n<\/li>\n<li data-start=\"829\" data-end=\"902\">\n<p data-start=\"831\" data-end=\"902\"><em data-start=\"831\" data-end=\"851\">Smart Holes Lineal<\/em> augustuse s\u00fcsteem t\u00e4psuse ja vastupidavuse jaoks<\/p>\n<\/li>\n<li data-start=\"903\" data-end=\"941\">\n<p data-start=\"905\" data-end=\"941\">Modernne must\/laimiroheline disain<\/p>\n<\/li>\n<\/ul>\n<p data-start=\"943\" data-end=\"1056\">\ud83d\udc49 T\u00e4iuslik reket neile, kes hindavad kontrolli, t\u00e4psust ja strateegilist m\u00e4ngu, ohverdamata r\u00fcndavat j\u00f5udlust.<\/p>","protected":false},"excerpt":{"rendered":"<p data-start=\"120\" data-end=\"462\"><strong data-start=\"120\" data-end=\"150\">Adidas Neuvortx Black\/Lime<\/strong>\u00a0\u2013 ideaalne valik m\u00e4ngijale, kes otsib kontrolli ja t\u00e4psust. \u00dcmar kuju, keskne l\u00f6\u00f6giala ja <em data-start=\"241\" data-end=\"263\">Eva Soft Performance<\/em> s\u00fcdamik tagavad mugavuse ning kindla l\u00f6\u00f6gi igas punktis. <em data-start=\"321\" data-end=\"333\">Spin Blade<\/em> tehnoloogia lisab keerutust ja taktikalist mitmek\u00fclgsust, samas kui modernne must\/laimiroheline disain paistab v\u00e4ljakul silma.<\/p>\n<p data-start=\"464\" data-end=\"592\">T\u00e4iuslik reket kesktaseme ja edasij\u00f5udnud m\u00e4ngijatele, kes tahavad m\u00e4ngida kindlalt, mugavalt ja samal ajal r\u00fcnnata t\u00e4psusega.<\/p>\n<p>Tarneaeg 5-7 t\u00f6\u00f6p\u00e4eva!<\/p>","protected":false},"featured_media":6837,"comment_status":"open","ping_status":"closed","template":"","meta":[],"product_brand":[],"product_cat":[40,129,147,146],"product_tag":[],"class_list":{"0":"post-6828","1":"product","2":"type-product","3":"status-publish","4":"has-post-thumbnail","6":"product_cat-padelireketid","7":"product_cat-adidas","8":"product_cat-edasijoudnud","9":"product_cat-kesktase","11":"first","12":"instock","13":"sale","14":"taxable","15":"shipping-taxable","16":"purchasable","17":"product-type-simple"},"wooqr_code":"","jetpack_sharing_enabled":true,"_links":{"self":[{"href":"https:\/\/padelsport.ee\/en\/wp-json\/wp\/v2\/product\/6828","targetHints":{"allow":["GET"]}}],"collection":[{"href":"https:\/\/padelsport.ee\/en\/wp-json\/wp\/v2\/product"}],"about":[{"href":"https:\/\/padelsport.ee\/en\/wp-json\/wp\/v2\/types\/product"}],"replies":[{"embeddable":true,"href":"https:\/\/padelsport.ee\/en\/wp-json\/wp\/v2\/comments?post=6828"}],"wp:featuredmedia":[{"embeddable":true,"href":"https:\/\/padelsport.ee\/en\/wp-json\/wp\/v2\/media\/6837"}],"wp:attachment":[{"href":"https:\/\/padelsport.ee\/en\/wp-json\/wp\/v2\/media?parent=6828"}],"wp:term":[{"taxonomy":"product_brand","embeddable":true,"href":"https:\/\/padelsport.ee\/en\/wp-json\/wp\/v2\/product_brand?post=6828"},{"taxonomy":"product_cat","embeddable":true,"href":"https:\/\/padelsport.ee\/en\/wp-json\/wp\/v2\/product_cat?post=6828"},{"taxonomy":"product_tag","embeddable":true,"href":"https:\/\/padelsport.ee\/en\/wp-json\/wp\/v2\/product_tag?post=6828"}],"curies":[{"name":"wp","href":"https:\/\/api.w.org\/{rel}","templated":true}]}}