{"id":6680,"date":"2025-08-28T10:22:58","date_gmt":"2025-08-28T07:22:58","guid":{"rendered":"https:\/\/padelsport.ee\/?post_type=product&#038;p=6680"},"modified":"2026-04-09T10:20:53","modified_gmt":"2026-04-09T07:20:53","slug":"dry-grip-sprei","status":"publish","type":"product","link":"https:\/\/padelsport.ee\/en\/product\/dry-grip-sprei\/","title":{"rendered":"DRY GRIP SPREI 100 ML"},"content":{"rendered":"<p data-start=\"72\" data-end=\"414\">Dry Grip sprei on 100 ml pudelis, mis tagab <strong data-start=\"116\" data-end=\"139\">\u00fcle 80 kasutuskorra<\/strong>. Mugav p\u00f6\u00f6ratava pihustiga pudel muudab toote kaasaskandmise ja kasutamise lihtsaks ja kiireks. Tegemist on <strong data-start=\"248\" data-end=\"285\">esimese magneesiumip\u00f5hise spreiga<\/strong>, mis on eriti oluline m\u00e4ngijatele, kellel kipuvad <strong data-start=\"336\" data-end=\"354\">k\u00e4ed higistama<\/strong> ja kellel on raskusi reketi k\u00e4epideme kuivana hoidmisega.<\/p>\n<h3 data-start=\"416\" data-end=\"442\"><strong data-start=\"420\" data-end=\"440\">Peamised eelised<\/strong><\/h3>\n<ul data-start=\"443\" data-end=\"827\">\n<li data-start=\"443\" data-end=\"624\">\n<p data-start=\"445\" data-end=\"624\"><strong data-start=\"445\" data-end=\"475\">Tugev desinfitseeriv toime<\/strong> \u2014 h\u00e4vitab t\u00f5husalt viiruseid ja baktereid, muutes toote h\u00fcgieeniliseks ja turvaliseks. Tootel on vastavad sertifikaadid Hispaania ametiasutustelt.<\/p>\n<\/li>\n<li data-start=\"625\" data-end=\"677\">\n<p data-start=\"627\" data-end=\"677\"><strong data-start=\"627\" data-end=\"648\">Looduslik koostis<\/strong> \u2014 ei kahjusta osoonikihti.<\/p>\n<\/li>\n<li data-start=\"678\" data-end=\"827\">\n<p data-start=\"680\" data-end=\"827\"><strong data-start=\"680\" data-end=\"701\">Keskkonnas\u00f5bralik<\/strong> \u2014 valmistatud taaskasutatud materjalidest (v.a alumiiniumist pudel), kuid ka alumiiniumist pudel on <strong data-start=\"802\" data-end=\"824\">100% taaskasutatav<\/strong>.<\/p>\n<\/li>\n<\/ul>\n<h3 data-start=\"829\" data-end=\"852\"><strong data-start=\"833\" data-end=\"850\">Kasutusjuhend<\/strong><\/h3>\n<ol data-start=\"853\" data-end=\"1169\">\n<li data-start=\"853\" data-end=\"910\">\n<p data-start=\"856\" data-end=\"910\">Loksutage pudelit umbes <strong data-start=\"893\" data-end=\"907\">5 sekundit<\/strong>.<\/p>\n<\/li>\n<li data-start=\"911\" data-end=\"951\">\n<p data-start=\"914\" data-end=\"951\">P\u00f6\u00f6rake pihusti asendisse <strong data-start=\"940\" data-end=\"948\">OPEN<\/strong>.<\/p>\n<\/li>\n<li data-start=\"952\" data-end=\"1046\">\n<p data-start=\"955\" data-end=\"1046\">Pihustage <strong data-start=\"965\" data-end=\"980\">v\u00e4ike kogus<\/strong> toodet (1 sekundist piisab) <strong data-start=\"1009\" data-end=\"1034\">umbes 10 cm kauguselt<\/strong> peopessa.<\/p>\n<\/li>\n<li data-start=\"1047\" data-end=\"1099\">\n<p data-start=\"1050\" data-end=\"1099\">H\u00f5\u00f5ruge k\u00e4si, kuni toode on \u00fchtlaselt jaotunud.<\/p>\n<\/li>\n<li data-start=\"1100\" data-end=\"1169\">\n<p data-start=\"1103\" data-end=\"1169\">Laske k\u00e4tel kuivada \u2014 <strong data-start=\"1125\" data-end=\"1166\">5 sekundi p\u00e4rast olete valmis m\u00e4ngima<\/strong>.<\/p>\n<\/li>\n<\/ol>","protected":false},"excerpt":{"rendered":"<p>Hoia k\u00e4ed kuivad ja haare kindel igas m\u00e4ngus! \ud83c\udfbe<br data-start=\"243\" data-end=\"246\" \/><strong data-start=\"246\" data-end=\"258\">DRY Grip<\/strong> on professionaalne magneesiumisprei, mis v\u00e4hendab higi ja parandab haarduvust. Sobib nii padeli- kui ka tennisem\u00e4ngijatele, kes soovivad maksimaalset kontrolli ja t\u00e4psust intensiivse m\u00e4ngu ajal.<\/p>\n<p>Tarneaeg 5-10 t\u00f6\u00f6p\u00e4eva!<\/p>","protected":false},"featured_media":6681,"comment_status":"open","ping_status":"closed","template":"","meta":[],"product_brand":[],"product_cat":[38,172,171],"product_tag":[],"class_list":{"0":"post-6680","1":"product","2":"type-product","3":"status-publish","4":"has-post-thumbnail","6":"product_cat-lisatarvikud","7":"product_cat-halloweeni-kampaania","8":"product_cat-pealisgripid-pihustid","10":"first","11":"onbackorder","12":"taxable","13":"shipping-taxable","14":"purchasable","15":"product-type-simple"},"wooqr_code":"","jetpack_sharing_enabled":true,"_links":{"self":[{"href":"https:\/\/padelsport.ee\/en\/wp-json\/wp\/v2\/product\/6680","targetHints":{"allow":["GET"]}}],"collection":[{"href":"https:\/\/padelsport.ee\/en\/wp-json\/wp\/v2\/product"}],"about":[{"href":"https:\/\/padelsport.ee\/en\/wp-json\/wp\/v2\/types\/product"}],"replies":[{"embeddable":true,"href":"https:\/\/padelsport.ee\/en\/wp-json\/wp\/v2\/comments?post=6680"}],"wp:featuredmedia":[{"embeddable":true,"href":"https:\/\/padelsport.ee\/en\/wp-json\/wp\/v2\/media\/6681"}],"wp:attachment":[{"href":"https:\/\/padelsport.ee\/en\/wp-json\/wp\/v2\/media?parent=6680"}],"wp:term":[{"taxonomy":"product_brand","embeddable":true,"href":"https:\/\/padelsport.ee\/en\/wp-json\/wp\/v2\/product_brand?post=6680"},{"taxonomy":"product_cat","embeddable":true,"href":"https:\/\/padelsport.ee\/en\/wp-json\/wp\/v2\/product_cat?post=6680"},{"taxonomy":"product_tag","embeddable":true,"href":"https:\/\/padelsport.ee\/en\/wp-json\/wp\/v2\/product_tag?post=6680"}],"curies":[{"name":"wp","href":"https:\/\/api.w.org\/{rel}","templated":true}]}}