{"id":6654,"date":"2025-08-19T15:13:32","date_gmt":"2025-08-19T12:13:32","guid":{"rendered":"https:\/\/padelsport.ee\/?post_type=product&#038;p=6654"},"modified":"2026-01-14T09:56:31","modified_gmt":"2026-01-14T07:56:31","slug":"adidas-match-light-3-3","status":"publish","type":"product","link":"https:\/\/padelsport.ee\/en\/product\/adidas-match-light-3-3\/","title":{"rendered":"Adidas Match Light 3.3"},"content":{"rendered":"<p data-start=\"447\" data-end=\"799\">Adidas Match Light 3.3 padelireket on loodud m\u00e4ngijatele, kes astuvad oma esimesi samme padelimaailmas v\u00f5i soovivad edasi areneda kontrollitud ja mugava m\u00e4ngustiiliga. Reketi <strong data-start=\"622\" data-end=\"661\">pisut tilgakujuline (teardrop) vorm<\/strong> annab hea kompromissi j\u00f5u ja t\u00e4psuse vahel, samas kui <strong data-start=\"716\" data-end=\"749\">fiberglassi raam ja l\u00f6\u00f6gipind<\/strong> tagavad paindlikkuse ja mugava palli v\u00e4ljumise.<\/p>\n<p data-start=\"801\" data-end=\"1140\">S\u00fcdamikuks on <strong data-start=\"815\" data-end=\"839\">EVA Soft Performance<\/strong> vaht, mis summutab vibratsiooni ja muudab l\u00f6\u00f6gid k\u00e4es pehmeks \u2013 suurep\u00e4rane valik, kui eelistad pikemaid ja vigastusi v\u00e4ltivaid treeninguid. Reketi kaal j\u00e4\u00e4b vahemikku <strong data-start=\"1008\" data-end=\"1021\">345\u2013360 g<\/strong>, mis koos kergelt pealepoolse tasakaaluga annab m\u00e4ngijale lisaj\u00f5udu r\u00fcnnakul, s\u00e4ilitades samas hea man\u00f6\u00f6verdusv\u00f5ime.<\/p>\n<p data-start=\"1142\" data-end=\"1405\">Lisaks on reketil kasutatud <strong data-start=\"1170\" data-end=\"1192\">Smart Holes Lineal<\/strong> tehnoloogiat, kus l\u00f6\u00f6giavauste paigutus tagab suurema vastupidavuse ja \u00fchtlase l\u00f6\u00f6gitunde. <strong data-start=\"1284\" data-end=\"1312\">Structural Reinforcement<\/strong> tugevdused annavad raami stabiilsust ja aitavad paremini toime tulla tugevamate l\u00f6\u00f6kidega.<\/p>\n<p data-start=\"1407\" data-end=\"1579\">Adidas Match Light 3.3 on ideaalne valik <strong data-start=\"1448\" data-end=\"1493\">algajatele ja edasip\u00fc\u00fcdlikele m\u00e4ngijatele<\/strong>, kes soovivad reketit, mis toetab nii m\u00e4ngu \u00f5ppimist kui ka enesekindlust v\u00e4ljakul.<\/p>","protected":false},"excerpt":{"rendered":"<p data-start=\"130\" data-end=\"393\">Adidas Match Light 3.3 on kerge ja mugav algajatele m\u00f5eldud padelireket, mis pakub suurep\u00e4rast tasakaalu kontrolli ja j\u00f5u vahel. T\u00e4nu pehmele EVA s\u00fcdamikule ja klaaskiust pinnale on see reket ideaalne m\u00e4ngijatele, kes soovivad kiiresti areneda ja m\u00e4ngu nautida.<\/p>","protected":false},"featured_media":6655,"comment_status":"open","ping_status":"closed","template":"","meta":[],"product_brand":[],"product_cat":[40,129,145],"product_tag":[],"class_list":{"0":"post-6654","1":"product","2":"type-product","3":"status-publish","4":"has-post-thumbnail","6":"product_cat-padelireketid","7":"product_cat-adidas","8":"product_cat-algajad","10":"first","11":"outofstock","12":"sale","13":"taxable","14":"shipping-taxable","15":"purchasable","16":"product-type-simple"},"wooqr_code":"","jetpack_sharing_enabled":true,"_links":{"self":[{"href":"https:\/\/padelsport.ee\/en\/wp-json\/wp\/v2\/product\/6654","targetHints":{"allow":["GET"]}}],"collection":[{"href":"https:\/\/padelsport.ee\/en\/wp-json\/wp\/v2\/product"}],"about":[{"href":"https:\/\/padelsport.ee\/en\/wp-json\/wp\/v2\/types\/product"}],"replies":[{"embeddable":true,"href":"https:\/\/padelsport.ee\/en\/wp-json\/wp\/v2\/comments?post=6654"}],"wp:featuredmedia":[{"embeddable":true,"href":"https:\/\/padelsport.ee\/en\/wp-json\/wp\/v2\/media\/6655"}],"wp:attachment":[{"href":"https:\/\/padelsport.ee\/en\/wp-json\/wp\/v2\/media?parent=6654"}],"wp:term":[{"taxonomy":"product_brand","embeddable":true,"href":"https:\/\/padelsport.ee\/en\/wp-json\/wp\/v2\/product_brand?post=6654"},{"taxonomy":"product_cat","embeddable":true,"href":"https:\/\/padelsport.ee\/en\/wp-json\/wp\/v2\/product_cat?post=6654"},{"taxonomy":"product_tag","embeddable":true,"href":"https:\/\/padelsport.ee\/en\/wp-json\/wp\/v2\/product_tag?post=6654"}],"curies":[{"name":"wp","href":"https:\/\/api.w.org\/{rel}","templated":true}]}}