{"id":6489,"date":"2025-07-14T16:39:23","date_gmt":"2025-07-14T13:39:23","guid":{"rendered":"https:\/\/padelsport.ee\/?post_type=product&#038;p=6489"},"modified":"2026-03-31T10:47:01","modified_gmt":"2026-03-31T07:47:01","slug":"adidas-overgrip-black-x3","status":"publish","type":"product","link":"https:\/\/padelsport.ee\/en\/product\/adidas-overgrip-black-x3\/","title":{"rendered":"Adidas Overgrip Black x3"},"content":{"rendered":"<p data-start=\"457\" data-end=\"757\">Tunned, et reket libiseb m\u00e4ngu ajal k\u00e4est? Lahendus on siin!<br data-start=\"517\" data-end=\"520\" \/>Adidas Overgrip Black on kvaliteetne ja usaldusv\u00e4\u00e4rne padelireketi pealisgrip, mis parandab haaret ja tagab kindla kontrolli igas olukorras.<br data-start=\"654\" data-end=\"657\" \/>Sobib suurep\u00e4raselt nii algajatele kui ka edasij\u00f5udnutele, kes soovivad oma m\u00e4ngukogemust parandada.<\/p>\n<p data-start=\"759\" data-end=\"781\"><strong data-start=\"759\" data-end=\"781\">The main features are:<\/strong><\/p>\n<ul data-start=\"782\" data-end=\"1030\">\n<li data-start=\"782\" data-end=\"820\">\n<p data-start=\"784\" data-end=\"820\">\ud83d\udfe9 <strong data-start=\"787\" data-end=\"820\">Komplektis 3 musta overgrippi<\/strong><\/p>\n<\/li>\n<li data-start=\"821\" data-end=\"858\">\n<p data-start=\"823\" data-end=\"858\">\ud83d\udfe9 <strong data-start=\"826\" data-end=\"858\">Mugav, libisemisvastane pind<\/strong><\/p>\n<\/li>\n<li data-start=\"859\" data-end=\"898\">\n<p data-start=\"861\" data-end=\"898\">\ud83d\udfe9 <strong data-start=\"864\" data-end=\"898\">Imab t\u00f5husalt niiskust ja higi<\/strong><\/p>\n<\/li>\n<li data-start=\"899\" data-end=\"953\">\n<p data-start=\"901\" data-end=\"953\">\ud83d\udfe9 <strong data-start=\"904\" data-end=\"953\">Lihtne paigaldada k\u00f5igile reketi k\u00e4epidemetele<\/strong><\/p>\n<\/li>\n<li data-start=\"954\" data-end=\"1030\">\n<p data-start=\"956\" data-end=\"1030\">\ud83d\udfe9 <strong data-start=\"959\" data-end=\"1030\">Sobib ideaalselt padeli-, squashi-, tennise- ja sulgpallireketitele<\/strong><\/p>\n<\/li>\n<\/ul>\n<p data-start=\"1032\" data-end=\"1246\"><strong data-start=\"1032\" data-end=\"1064\">Miks valida Adidas Overgrip?<\/strong><br data-start=\"1064\" data-end=\"1067\" \/>Br\u00e4nd, mida usaldavad professionaalid \u2013 Adidas toob sinuni kvaliteedi ja vastupidavuse igas detailis. Need overgripid hoiavad su haarde kindlana ka k\u00f5ige pingelisemates punktides.<\/p>","protected":false},"excerpt":{"rendered":"<p>Adidas Overgrip Black reketile.<\/p>","protected":false},"featured_media":6490,"comment_status":"open","ping_status":"closed","template":"","meta":[],"product_brand":[],"product_cat":[38,172,171],"product_tag":[],"class_list":{"0":"post-6489","1":"product","2":"type-product","3":"status-publish","4":"has-post-thumbnail","6":"product_cat-lisatarvikud","7":"product_cat-halloweeni-kampaania","8":"product_cat-pealisgripid-pihustid","10":"first","11":"instock","12":"taxable","13":"shipping-taxable","14":"purchasable","15":"product-type-simple"},"wooqr_code":"","jetpack_sharing_enabled":true,"_links":{"self":[{"href":"https:\/\/padelsport.ee\/en\/wp-json\/wp\/v2\/product\/6489","targetHints":{"allow":["GET"]}}],"collection":[{"href":"https:\/\/padelsport.ee\/en\/wp-json\/wp\/v2\/product"}],"about":[{"href":"https:\/\/padelsport.ee\/en\/wp-json\/wp\/v2\/types\/product"}],"replies":[{"embeddable":true,"href":"https:\/\/padelsport.ee\/en\/wp-json\/wp\/v2\/comments?post=6489"}],"wp:featuredmedia":[{"embeddable":true,"href":"https:\/\/padelsport.ee\/en\/wp-json\/wp\/v2\/media\/6490"}],"wp:attachment":[{"href":"https:\/\/padelsport.ee\/en\/wp-json\/wp\/v2\/media?parent=6489"}],"wp:term":[{"taxonomy":"product_brand","embeddable":true,"href":"https:\/\/padelsport.ee\/en\/wp-json\/wp\/v2\/product_brand?post=6489"},{"taxonomy":"product_cat","embeddable":true,"href":"https:\/\/padelsport.ee\/en\/wp-json\/wp\/v2\/product_cat?post=6489"},{"taxonomy":"product_tag","embeddable":true,"href":"https:\/\/padelsport.ee\/en\/wp-json\/wp\/v2\/product_tag?post=6489"}],"curies":[{"name":"wp","href":"https:\/\/api.w.org\/{rel}","templated":true}]}}