{"id":6456,"date":"2025-07-09T15:41:50","date_gmt":"2025-07-09T12:41:50","guid":{"rendered":"https:\/\/padelsport.ee\/?post_type=product&#038;p=6456"},"modified":"2025-10-03T13:51:29","modified_gmt":"2025-10-03T10:51:29","slug":"adidas-x-treme-must-roosa-reketikomplekt-koos-rahatasku-ja-randmepaeltega","status":"publish","type":"product","link":"https:\/\/padelsport.ee\/en\/product\/adidas-x-treme-must-roosa-reketikomplekt-koos-rahatasku-ja-randmepaeltega\/","title":{"rendered":"Adidas X-Treme must\/roosa reketikomplekt koos rahatasku ja randmepaeltega"},"content":{"rendered":"<p data-start=\"29\" data-end=\"177\"><strong data-start=\"29\" data-end=\"80\">Adidas X-Treme must-roosa padelireketi komplekt<\/strong> on ideaalne valik m\u00e4ngijale, kes otsib stiilset ja funktsionaalset varustust. Komplekt sisaldab:<\/p>\n<ul data-start=\"179\" data-end=\"644\">\n<li data-start=\"179\" data-end=\"407\">\n<p data-start=\"181\" data-end=\"407\"><strong data-start=\"181\" data-end=\"213\">Adidas X-Treme padelireketit<\/strong> \u2013 kergesti k\u00e4sitsetav ja tasakaalus reket, mis sobib nii algajatele kui ka kesktaseme m\u00e4ngijatele. Musta ja roosa v\u00e4rvikombinatsiooniga disain \u00fchendab sportliku v\u00e4limuse ja kvaliteetse ehituse.<\/p>\n<\/li>\n<li data-start=\"409\" data-end=\"510\">\n<p data-start=\"411\" data-end=\"510\"><strong data-start=\"411\" data-end=\"440\">Randmepaelad<\/strong>\u00a0\u2013 imavad higi ja aitavad hoida haarde kuivana intensiivse m\u00e4ngu ajal.<\/p>\n<\/li>\n<li data-start=\"512\" data-end=\"644\">\n<p data-start=\"514\" data-end=\"644\"><strong data-start=\"514\" data-end=\"539\">M\u00fcnditasku<\/strong>\u00a0\u2013 praktiline ja kompaktne lisatarvik v\u00e4ikeste esemete, nagu m\u00fcndid, v\u00f5tmed v\u00f5i juuksekummid, hoidmiseks.<\/p>\n<\/li>\n<\/ul>\n<p data-start=\"646\" data-end=\"745\" data-is-last-node=\"\" data-is-only-node=\"\">See stiilne ja praktiline komplekt on suurep\u00e4rane kingitus v\u00f5i terviklik lahendus padelihuvilisele.<\/p>","protected":false},"excerpt":{"rendered":"<p><strong data-start=\"29\" data-end=\"80\">Adidas X-Treme must-roosa padelireketi komplekt<\/strong> on ideaalne valik m\u00e4ngijale, kes otsib stiilset ja funktsionaalset varustust.<br \/>\nSobib algaja ja kesktaseme m\u00e4ngijale. Ideaalne kingitus v\u00f5i alustavale m\u00e4ngijale padelikomplekt.<\/p>","protected":false},"featured_media":6457,"comment_status":"open","ping_status":"closed","template":"","meta":[],"product_brand":[],"product_cat":[40,145,146,53],"product_tag":[],"class_list":{"0":"post-6456","1":"product","2":"type-product","3":"status-publish","4":"has-post-thumbnail","6":"product_cat-padelireketid","7":"product_cat-algajad","8":"product_cat-kesktase","9":"product_cat-komplektid","11":"first","12":"instock","13":"taxable","14":"shipping-taxable","15":"purchasable","16":"product-type-simple"},"wooqr_code":"","jetpack_sharing_enabled":true,"_links":{"self":[{"href":"https:\/\/padelsport.ee\/en\/wp-json\/wp\/v2\/product\/6456","targetHints":{"allow":["GET"]}}],"collection":[{"href":"https:\/\/padelsport.ee\/en\/wp-json\/wp\/v2\/product"}],"about":[{"href":"https:\/\/padelsport.ee\/en\/wp-json\/wp\/v2\/types\/product"}],"replies":[{"embeddable":true,"href":"https:\/\/padelsport.ee\/en\/wp-json\/wp\/v2\/comments?post=6456"}],"wp:featuredmedia":[{"embeddable":true,"href":"https:\/\/padelsport.ee\/en\/wp-json\/wp\/v2\/media\/6457"}],"wp:attachment":[{"href":"https:\/\/padelsport.ee\/en\/wp-json\/wp\/v2\/media?parent=6456"}],"wp:term":[{"taxonomy":"product_brand","embeddable":true,"href":"https:\/\/padelsport.ee\/en\/wp-json\/wp\/v2\/product_brand?post=6456"},{"taxonomy":"product_cat","embeddable":true,"href":"https:\/\/padelsport.ee\/en\/wp-json\/wp\/v2\/product_cat?post=6456"},{"taxonomy":"product_tag","embeddable":true,"href":"https:\/\/padelsport.ee\/en\/wp-json\/wp\/v2\/product_tag?post=6456"}],"curies":[{"name":"wp","href":"https:\/\/api.w.org\/{rel}","templated":true}]}}