{"id":6452,"date":"2025-07-09T10:04:45","date_gmt":"2025-07-09T07:04:45","guid":{"rendered":"https:\/\/padelsport.ee\/?post_type=product&#038;p=6452"},"modified":"2026-03-29T10:25:14","modified_gmt":"2026-03-29T07:25:14","slug":"adidas-protector-transparent","status":"publish","type":"product","link":"https:\/\/padelsport.ee\/en\/product\/adidas-protector-transparent\/","title":{"rendered":"Adidas Protector Transparent"},"content":{"rendered":"<p>Adidas Protector Transparent on l\u00e4bipaistev kaitsekleeps, mis kinnitatakse padelireketi peale, et kaitsta seda kriimustuste, p\u00f5rutuste ja kulumise eest. Valmistatud vastupidavast pol\u00fcuretaanist ning varustatud tugeva liimiga, p\u00fcsib see kindlalt paigal. L\u00e4bipaistev disain v\u00f5imaldab s\u00e4ilitada reketi algse v\u00e4limuse. Sobib enamikele padelireketitele ning on kerge ja lihtne paigaldada. Aitab pikendada reketi eluiga ja hoida selle esteetilist v\u00e4limust.<\/p>","protected":false},"excerpt":{"rendered":"<p>Adidas Protector Transparent on l\u00e4bipaistev kaitsekleeps, mis kinnitatakse padelireketi peale, et kaitsta seda kriimustuste, p\u00f5rutuste ja kulumise eest. Valmistatud vastupidavast pol\u00fcuretaanist ning varustatud tugeva liimiga, p\u00fcsib see kindlalt paigal. L\u00e4bipaistev disain v\u00f5imaldab s\u00e4ilitada reketi algse v\u00e4limuse. Sobib enamikele padelireketitele ning on kerge ja lihtne paigaldada. Aitab pikendada reketi eluiga ja hoida selle esteetilist v\u00e4limust.<\/p>","protected":false},"featured_media":6453,"comment_status":"open","ping_status":"closed","template":"","meta":[],"product_brand":[],"product_cat":[38,172,170],"product_tag":[],"class_list":{"0":"post-6452","1":"product","2":"type-product","3":"status-publish","4":"has-post-thumbnail","6":"product_cat-lisatarvikud","7":"product_cat-halloweeni-kampaania","8":"product_cat-reketikaitsed-lisatarvikud","10":"first","11":"outofstock","12":"taxable","13":"shipping-taxable","14":"purchasable","15":"product-type-simple"},"wooqr_code":"","jetpack_sharing_enabled":true,"_links":{"self":[{"href":"https:\/\/padelsport.ee\/en\/wp-json\/wp\/v2\/product\/6452","targetHints":{"allow":["GET"]}}],"collection":[{"href":"https:\/\/padelsport.ee\/en\/wp-json\/wp\/v2\/product"}],"about":[{"href":"https:\/\/padelsport.ee\/en\/wp-json\/wp\/v2\/types\/product"}],"replies":[{"embeddable":true,"href":"https:\/\/padelsport.ee\/en\/wp-json\/wp\/v2\/comments?post=6452"}],"wp:featuredmedia":[{"embeddable":true,"href":"https:\/\/padelsport.ee\/en\/wp-json\/wp\/v2\/media\/6453"}],"wp:attachment":[{"href":"https:\/\/padelsport.ee\/en\/wp-json\/wp\/v2\/media?parent=6452"}],"wp:term":[{"taxonomy":"product_brand","embeddable":true,"href":"https:\/\/padelsport.ee\/en\/wp-json\/wp\/v2\/product_brand?post=6452"},{"taxonomy":"product_cat","embeddable":true,"href":"https:\/\/padelsport.ee\/en\/wp-json\/wp\/v2\/product_cat?post=6452"},{"taxonomy":"product_tag","embeddable":true,"href":"https:\/\/padelsport.ee\/en\/wp-json\/wp\/v2\/product_tag?post=6452"}],"curies":[{"name":"wp","href":"https:\/\/api.w.org\/{rel}","templated":true}]}}