{"id":6424,"date":"2025-07-04T11:12:49","date_gmt":"2025-07-04T08:12:49","guid":{"rendered":"https:\/\/padelsport.ee\/?post_type=product&#038;p=6424"},"modified":"2026-03-19T17:47:12","modified_gmt":"2026-03-19T15:47:12","slug":"adidas-rx-speed-padelipallid-3-x-3-purki","status":"publish","type":"product","link":"https:\/\/padelsport.ee\/en\/product\/adidas-rx-speed-padelipallid-3-x-3-purki\/","title":{"rendered":"ADIDAS RX Speed padelipallid 3 x 3 purki"},"content":{"rendered":"<p><strong data-start=\"74\" data-end=\"106\">Adidas RX Speed padelipallid<\/strong><br data-start=\"106\" data-end=\"109\" \/>Kiired ja vastupidavad padelipallid, mis sobivad suurep\u00e4raselt nii treeninguks kui ka v\u00f5istlusteks. Kvaliteetne vildikate tagab \u00fchtlase p\u00f5rke ja hea m\u00e4ngutunnetuse ka pikematel m\u00e4ngudel. Ideaalne valik m\u00e4ngijatele, kes eelistavad tempokat m\u00e4ngu.<\/p>","protected":false},"excerpt":{"rendered":"<p><strong data-start=\"74\" data-end=\"106\">Adidas RX Speed padelipallid<\/strong><\/p>\n<p>Padelipallid 3 tk purgis<\/p>","protected":false},"featured_media":6425,"comment_status":"open","ping_status":"closed","template":"","meta":[],"product_brand":[],"product_cat":[53,33],"product_tag":[],"class_list":{"0":"post-6424","1":"product","2":"type-product","3":"status-publish","4":"has-post-thumbnail","6":"product_cat-komplektid","7":"product_cat-pallid","9":"first","10":"instock","11":"sale","12":"taxable","13":"shipping-taxable","14":"purchasable","15":"product-type-simple"},"wooqr_code":"","jetpack_sharing_enabled":true,"_links":{"self":[{"href":"https:\/\/padelsport.ee\/en\/wp-json\/wp\/v2\/product\/6424","targetHints":{"allow":["GET"]}}],"collection":[{"href":"https:\/\/padelsport.ee\/en\/wp-json\/wp\/v2\/product"}],"about":[{"href":"https:\/\/padelsport.ee\/en\/wp-json\/wp\/v2\/types\/product"}],"replies":[{"embeddable":true,"href":"https:\/\/padelsport.ee\/en\/wp-json\/wp\/v2\/comments?post=6424"}],"wp:featuredmedia":[{"embeddable":true,"href":"https:\/\/padelsport.ee\/en\/wp-json\/wp\/v2\/media\/6425"}],"wp:attachment":[{"href":"https:\/\/padelsport.ee\/en\/wp-json\/wp\/v2\/media?parent=6424"}],"wp:term":[{"taxonomy":"product_brand","embeddable":true,"href":"https:\/\/padelsport.ee\/en\/wp-json\/wp\/v2\/product_brand?post=6424"},{"taxonomy":"product_cat","embeddable":true,"href":"https:\/\/padelsport.ee\/en\/wp-json\/wp\/v2\/product_cat?post=6424"},{"taxonomy":"product_tag","embeddable":true,"href":"https:\/\/padelsport.ee\/en\/wp-json\/wp\/v2\/product_tag?post=6424"}],"curies":[{"name":"wp","href":"https:\/\/api.w.org\/{rel}","templated":true}]}}