{"id":5940,"date":"2025-02-21T21:18:32","date_gmt":"2025-02-21T19:18:32","guid":{"rendered":"https:\/\/padelsport.ee\/?post_type=product&#038;p=5940"},"modified":"2025-10-03T14:08:26","modified_gmt":"2025-10-03T11:08:26","slug":"adidas-protour-white-3-4-martita-ortega","status":"publish","type":"product","link":"https:\/\/padelsport.ee\/en\/product\/adidas-protour-white-3-4-martita-ortega\/","title":{"rendered":"Adidas Protour White 3.4 &#8211; Martita Ortega"},"content":{"rendered":"<p><strong>Adidas Protour 3.4 White 2025<\/strong> on <strong>mahukas ja stiilne padelikott<\/strong>, mille on disaininud profim\u00e4ngija <strong>Martita Ortega<\/strong>. <strong>70-liitrine mahutavus<\/strong> v\u00f5imaldab mugavalt kaasa v\u00f5tta kuni neli reketit, treeningriided ja muu vajaliku varustuse.<\/p>\n<p><strong>Termovoodriga k\u00fcljetaskud<\/strong> kaitsevad reketit temperatuurimuutuste eest, samas kui <strong>ventileeritav alumine sektsioon<\/strong> hoiab jalan\u00f5ud ja kasutatud riided eraldi, tagades koti sisu v\u00e4rskuse ja organiseerituse. <strong>Peamine hoiusektsioon<\/strong>, millele p\u00e4\u00e4seb ligi seljapaneeli kaudu, pakub turvalist ja lihtsat ligip\u00e4\u00e4su varustusele.<\/p>\n<p>Kott on valmistatud <strong>taaskasutatud materjalidest<\/strong>, nagu pol\u00fcester ja pol\u00fceetersulfoon, r\u00f5hutades <strong>Adidase p\u00fchendumust keskkonnas\u00e4\u00e4stlikkusele<\/strong>. <strong>Reguleeritavad ja polsterdatud rihmad<\/strong> tagavad mugava kandmise nii seljakotina kui k\u00e4ekotina. <strong>Martita Ortega allkirjaga silt<\/strong> lisab sellele eksklusiivse ja elegantse viimistluse.<\/p>\n<p><strong>Adidas Protour 3.4 White 2025<\/strong> on ideaalne valik m\u00e4ngijatele, kes otsivad <strong>ruumikat, vastupidavat ja stiilset padelikotti<\/strong>, mis sobib nii v\u00f5istlusteks kui igap\u00e4evaseks kasutamiseks.<\/p>","protected":false},"excerpt":{"rendered":"<p><strong data-start=\"0\" data-end=\"33\">Adidas Protour 3.4 White 2025<\/strong> on <strong data-start=\"37\" data-end=\"70\">mahukas ja stiilne padelikott<\/strong>, mille on disaininud profim\u00e4ngija <strong data-start=\"105\" data-end=\"123\">Martita Ortega<\/strong>.<\/p>","protected":false},"featured_media":5941,"comment_status":"open","ping_status":"closed","template":"","meta":[],"product_brand":[],"product_cat":[144,30],"product_tag":[],"class_list":{"0":"post-5940","1":"product","2":"type-product","3":"status-publish","4":"has-post-thumbnail","6":"product_cat-adidas-kotid","7":"product_cat-kotid","9":"first","10":"instock","11":"taxable","12":"shipping-taxable","13":"purchasable","14":"product-type-simple"},"wooqr_code":"","jetpack_sharing_enabled":true,"_links":{"self":[{"href":"https:\/\/padelsport.ee\/en\/wp-json\/wp\/v2\/product\/5940","targetHints":{"allow":["GET"]}}],"collection":[{"href":"https:\/\/padelsport.ee\/en\/wp-json\/wp\/v2\/product"}],"about":[{"href":"https:\/\/padelsport.ee\/en\/wp-json\/wp\/v2\/types\/product"}],"replies":[{"embeddable":true,"href":"https:\/\/padelsport.ee\/en\/wp-json\/wp\/v2\/comments?post=5940"}],"wp:featuredmedia":[{"embeddable":true,"href":"https:\/\/padelsport.ee\/en\/wp-json\/wp\/v2\/media\/5941"}],"wp:attachment":[{"href":"https:\/\/padelsport.ee\/en\/wp-json\/wp\/v2\/media?parent=5940"}],"wp:term":[{"taxonomy":"product_brand","embeddable":true,"href":"https:\/\/padelsport.ee\/en\/wp-json\/wp\/v2\/product_brand?post=5940"},{"taxonomy":"product_cat","embeddable":true,"href":"https:\/\/padelsport.ee\/en\/wp-json\/wp\/v2\/product_cat?post=5940"},{"taxonomy":"product_tag","embeddable":true,"href":"https:\/\/padelsport.ee\/en\/wp-json\/wp\/v2\/product_tag?post=5940"}],"curies":[{"name":"wp","href":"https:\/\/api.w.org\/{rel}","templated":true}]}}