{"id":5727,"date":"2024-12-18T13:07:33","date_gmt":"2024-12-18T11:07:33","guid":{"rendered":"https:\/\/padelsport.ee\/?post_type=product&#038;p=5727"},"modified":"2026-04-09T10:20:53","modified_gmt":"2026-04-09T07:20:53","slug":"adidas-balls-speed-rx","status":"publish","type":"product","link":"https:\/\/padelsport.ee\/en\/product\/adidas-balls-speed-rx\/","title":{"rendered":"ADIDAS Balls Speed Rx"},"content":{"rendered":"<p><strong>ADIDAS BALLS SPEED RX<\/strong> on k\u00f5rgekvaliteedilised padelipallid, mis on loodud pakkuma suurep\u00e4rast p\u00f5rget ja kontrolli m\u00e4ngu ajal. Need pallid on valmistatud vastupidavast ja k\u00f5rge tihedusega kummist ning kaetud kerge ja vastupidava vildiga, mis tagab pika kasutusaja ja \u00fchtlase j\u00f5udluse.<\/p>\n<p>&nbsp;<\/p>\n<p><strong>The main features are:<\/strong><\/p>\n<ul>\n<li><strong>Materjal:<\/strong> K\u00f5rge tihedusega kumm ja kerge vilt<\/li>\n<li><strong>Kaal:<\/strong> 58 grammi palli kohta<\/li>\n<li><strong>L\u00e4bim\u00f5\u00f5t:<\/strong> 6,75 cm<\/li>\n<li><strong>P\u00f5rge:<\/strong> 57-58 cm<\/li>\n<\/ul>\n<p>&nbsp;<\/p>","protected":false},"excerpt":{"rendered":"<p>Adidas Speed RX pallid sobivad erinevatele m\u00e4ngutingimustele, pakkudes m\u00e4ngijatele suurep\u00e4rast tunnetust ja kontrolli v\u00e4ljakul. Need pallid on suurep\u00e4rane valik nii treeninguteks kui ka v\u00f5istlusm\u00e4ngudeks.<\/p>","protected":false},"featured_media":5728,"comment_status":"open","ping_status":"closed","template":"","meta":[],"product_brand":[],"product_cat":[33],"product_tag":[],"class_list":{"0":"post-5727","1":"product","2":"type-product","3":"status-publish","4":"has-post-thumbnail","6":"product_cat-pallid","8":"first","9":"instock","10":"taxable","11":"shipping-taxable","12":"purchasable","13":"product-type-simple"},"wooqr_code":"","jetpack_sharing_enabled":true,"_links":{"self":[{"href":"https:\/\/padelsport.ee\/en\/wp-json\/wp\/v2\/product\/5727","targetHints":{"allow":["GET"]}}],"collection":[{"href":"https:\/\/padelsport.ee\/en\/wp-json\/wp\/v2\/product"}],"about":[{"href":"https:\/\/padelsport.ee\/en\/wp-json\/wp\/v2\/types\/product"}],"replies":[{"embeddable":true,"href":"https:\/\/padelsport.ee\/en\/wp-json\/wp\/v2\/comments?post=5727"}],"wp:featuredmedia":[{"embeddable":true,"href":"https:\/\/padelsport.ee\/en\/wp-json\/wp\/v2\/media\/5728"}],"wp:attachment":[{"href":"https:\/\/padelsport.ee\/en\/wp-json\/wp\/v2\/media?parent=5727"}],"wp:term":[{"taxonomy":"product_brand","embeddable":true,"href":"https:\/\/padelsport.ee\/en\/wp-json\/wp\/v2\/product_brand?post=5727"},{"taxonomy":"product_cat","embeddable":true,"href":"https:\/\/padelsport.ee\/en\/wp-json\/wp\/v2\/product_cat?post=5727"},{"taxonomy":"product_tag","embeddable":true,"href":"https:\/\/padelsport.ee\/en\/wp-json\/wp\/v2\/product_tag?post=5727"}],"curies":[{"name":"wp","href":"https:\/\/api.w.org\/{rel}","templated":true}]}}