{"id":5682,"date":"2024-12-18T10:19:54","date_gmt":"2024-12-18T08:19:54","guid":{"rendered":"https:\/\/padelsport.ee\/?post_type=product&#038;p=5682"},"modified":"2025-10-03T14:23:25","modified_gmt":"2025-10-03T11:23:25","slug":"adidas-metalbone-hrd-3-4-ale-galan","status":"publish","type":"product","link":"https:\/\/padelsport.ee\/en\/product\/adidas-metalbone-hrd-3-4-ale-galan\/","title":{"rendered":"ADIDAS METALBONE HRD+ 3.4 &#8211; Ale Gal\u00e1n"},"content":{"rendered":"<p><strong>ADIDAS METALBONE HRD+ 3.4 &#8211; Ale Gal\u00e1n<\/strong> on uusim tippklassi padelireket, mis on loodud pakkuma maksimaalset j\u00f5udlust r\u00fcndem\u00e4ngijatele. Selle teemantkujuline pea ja peapealne tasakaal tagavad v\u00f5imsa l\u00f6\u00f6gij\u00f5u, muutes selle ideaalseks valikuks edasij\u00f5udnud ja professionaalsetele m\u00e4ngijatele.<\/p>\n<p><strong>The main features are:<\/strong><\/p>\n<ul>\n<li><strong>Weight &amp; Balance System:<\/strong> V\u00f5imaldab kohandada reketi kaalu ja tasakaalu kuni 11,2 grammi ulatuses, et saavutada soovitud kontrolli ja j\u00f5u tasakaal.<\/li>\n<li><strong>Power Extra Grip:<\/strong> Pikendatud k\u00e4epide suurendab l\u00f6\u00f6kide inertsust, v\u00f5imaldades tugevamaid ja t\u00e4psemaid l\u00f6\u00f6ke.<\/li>\n<li><strong>Low Poly Design:<\/strong> Pol\u00fchedraalne struktuur raamis ja s\u00fcdamikus parandab j\u00e4ikust, pakkudes suuremat j\u00f5udu ja stabiilsust.<\/li>\n<li><strong>Power Groove:<\/strong> Raami \u00fcmber paiknev tugevdusriba suurendab struktuurset j\u00e4ikust, pakkudes maksimaalset j\u00f5udu iga l\u00f6\u00f6giga.<\/li>\n<li><strong>High Memory EVA Rubber:<\/strong> K\u00f5rge tihedusega EVA kumm tagab suurep\u00e4rase j\u00f5u kiirete l\u00f6\u00f6kide korral.<\/li>\n<li><strong>Carbon Aluminised 16K Fibre:<\/strong> K\u00f5rge j\u00e4ikusega 16K alumiiniumiga s\u00fcsinikkiud tagab suurep\u00e4rase vastupidavuse ja k\u00f5vema tunnetuse v\u00f5imsate l\u00f6\u00f6kide jaoks.<\/li>\n<li><strong>Octagonal Structure:<\/strong> S\u00fcsinikraami kaheksanurkne struktuur v\u00e4hendab torsiooni, parandades l\u00f6\u00f6kide t\u00e4psust ja stabiilsust.<\/li>\n<li><strong>Spin Blade Decal:<\/strong> Kolmem\u00f5\u00f5tmeline reljeefne pind parandab palli haarduvust, v\u00f5imaldades suuremat keerutust ja kontrolli.<\/li>\n<\/ul>\n<p><strong>Tehnilised andmed:<\/strong><\/p>\n<ul>\n<li><strong>Kaal:<\/strong> 345\u2013360 g (pluss kuni 11,2 g kohandatav)<\/li>\n<li><strong>Tasakaal:<\/strong> Peapealne<\/li>\n<li><strong>Paksus:<\/strong> 38 mm<\/li>\n<li><strong>Pinna suurus:<\/strong> 485 cm\u00b2<\/li>\n<li><strong>Pikkus:<\/strong> 455 mm<\/li>\n<\/ul>\n<p><strong>ADIDAS METALBONE HRD+ 3.4<\/strong> on loodud m\u00e4ngijatele, kes otsivad t\u00e4iuslikku tasakaalu kontrolli ja j\u00f5u vahel, v\u00f5imaldades domineerida v\u00e4ljakul igas olukorras.<\/p>","protected":false},"excerpt":{"rendered":"<p><strong>ADIDAS METALBONE HRD+ 3.4 &#8211; Ale Gal\u00e1n<\/strong> on uusim tippklassi padelireket, mis on loodud pakkuma maksimaalset j\u00f5udlust r\u00fcndem\u00e4ngijatele. Selle teemantkujuline pea ja peapealne tasakaal tagavad v\u00f5imsa l\u00f6\u00f6gij\u00f5u, muutes selle ideaalseks valikuks edasij\u00f5udnud ja professionaalsetele m\u00e4ngijatele.<\/p>\n<p>Tarneaeg 5-7 t\u00f6\u00f6p\u00e4eva!<\/p>","protected":false},"featured_media":5692,"comment_status":"open","ping_status":"closed","template":"","meta":[],"product_brand":[],"product_cat":[40,129,147,148],"product_tag":[],"class_list":{"0":"post-5682","1":"product","2":"type-product","3":"status-publish","4":"has-post-thumbnail","6":"product_cat-padelireketid","7":"product_cat-adidas","8":"product_cat-edasijoudnud","9":"product_cat-professionaalid","11":"first","12":"onbackorder","13":"sale","14":"taxable","15":"shipping-taxable","16":"purchasable","17":"product-type-simple"},"wooqr_code":"","jetpack_sharing_enabled":true,"_links":{"self":[{"href":"https:\/\/padelsport.ee\/en\/wp-json\/wp\/v2\/product\/5682","targetHints":{"allow":["GET"]}}],"collection":[{"href":"https:\/\/padelsport.ee\/en\/wp-json\/wp\/v2\/product"}],"about":[{"href":"https:\/\/padelsport.ee\/en\/wp-json\/wp\/v2\/types\/product"}],"replies":[{"embeddable":true,"href":"https:\/\/padelsport.ee\/en\/wp-json\/wp\/v2\/comments?post=5682"}],"wp:featuredmedia":[{"embeddable":true,"href":"https:\/\/padelsport.ee\/en\/wp-json\/wp\/v2\/media\/5692"}],"wp:attachment":[{"href":"https:\/\/padelsport.ee\/en\/wp-json\/wp\/v2\/media?parent=5682"}],"wp:term":[{"taxonomy":"product_brand","embeddable":true,"href":"https:\/\/padelsport.ee\/en\/wp-json\/wp\/v2\/product_brand?post=5682"},{"taxonomy":"product_cat","embeddable":true,"href":"https:\/\/padelsport.ee\/en\/wp-json\/wp\/v2\/product_cat?post=5682"},{"taxonomy":"product_tag","embeddable":true,"href":"https:\/\/padelsport.ee\/en\/wp-json\/wp\/v2\/product_tag?post=5682"}],"curies":[{"name":"wp","href":"https:\/\/api.w.org\/{rel}","templated":true}]}}