{"id":5669,"date":"2024-12-18T10:01:20","date_gmt":"2024-12-18T08:01:20","guid":{"rendered":"https:\/\/padelsport.ee\/?post_type=product&#038;p=5669"},"modified":"2025-11-21T17:20:22","modified_gmt":"2025-11-21T15:20:22","slug":"adidas-metalbone-ctrl-3-4","status":"publish","type":"product","link":"https:\/\/padelsport.ee\/en\/product\/adidas-metalbone-ctrl-3-4\/","title":{"rendered":"ADIDAS METALBONE CTRL 3.4"},"content":{"rendered":"<p><strong>ADIDAS METALBONE CTRL 3.4<\/strong> on tipptasemel padelireket, mis on loodud pakkuma maksimaalset kontrolli ja t\u00e4psust edasij\u00f5udnud m\u00e4ngijatele. Selle \u00fcmar kuju ja tasakaalustatud raskusjaotus tagavad suurep\u00e4rase man\u00f6\u00f6verdusv\u00f5ime ja stabiilsuse, muutes selle ideaalseks valikuks m\u00e4ngijatele, kes eelistavad kaitsvat m\u00e4ngustiili.<\/p>\n<p><strong>The main features are:<\/strong><\/p>\n<ul>\n<li><strong>Weight &amp; Balance System:<\/strong> V\u00f5imaldab kohandada reketi kaalu ja tasakaalu kuni 11,2 grammi ulatuses, et saavutada soovitud kontrolli ja j\u00f5u tasakaal.<\/li>\n<li><strong>Power Extra Grip:<\/strong> Pikendatud k\u00e4epide suurendab l\u00f6\u00f6kide inertsust, v\u00f5imaldades tugevamaid ja t\u00e4psemaid l\u00f6\u00f6ke.<\/li>\n<li><strong>Low Poly Design:<\/strong> Pol\u00fchedraalne struktuur raamis ja s\u00fcdamikus parandab j\u00e4ikust, pakkudes suuremat j\u00f5udu ja stabiilsust.<\/li>\n<li><strong>Power Groove:<\/strong> Raami \u00fcmber paiknev tugevdusriba suurendab struktuurset j\u00e4ikust, pakkudes maksimaalset j\u00f5udu iga l\u00f6\u00f6giga.<\/li>\n<li><strong>Soft Performance EVA:<\/strong> Madaltihedusega EVA kumm tagab mugavuse ja suurep\u00e4rase palliv\u00e4ljundi, s\u00e4ilitades samal ajal kontrolli intensiivsetes m\u00e4nguolukordades.<\/li>\n<li><strong>Carbon Aluminised 16K Fibre:<\/strong> K\u00f5rge j\u00e4ikusega 16K alumiiniumiga s\u00fcsinikkiud tagab suurep\u00e4rase vastupidavuse ja k\u00f5vema tunnetuse v\u00f5imsate l\u00f6\u00f6kide jaoks.<\/li>\n<li><strong>Octagonal Structure:<\/strong> S\u00fcsinikraami kaheksanurkne struktuur v\u00e4hendab torsiooni, parandades l\u00f6\u00f6kide t\u00e4psust ja stabiilsust.<\/li>\n<li><strong>Spin Blade Decal:<\/strong> Kolmem\u00f5\u00f5tmeline reljeefne pind parandab palli haarduvust, v\u00f5imaldades suuremat keerutust ja kontrolli.<\/li>\n<\/ul>\n<p>&nbsp;<\/p>\n<p><strong>Tehnilised andmed:<\/strong><\/p>\n<ul>\n<li><strong>Kaal:<\/strong> 345\u2013360 g (pluss kuni 11,2 g kohandatav)<\/li>\n<li><strong>Tasakaal:<\/strong> Keskmine<\/li>\n<li><strong>Paksus:<\/strong> 38 mm<\/li>\n<li><strong>Pinna suurus:<\/strong> 485 cm\u00b2<\/li>\n<li><strong>Pikkus:<\/strong> 455 mm<\/li>\n<\/ul>","protected":false},"excerpt":{"rendered":"<p><strong>ADIDAS METALBONE CTRL 3.4<\/strong> on loodud m\u00e4ngijatele, kes otsivad t\u00e4iuslikku tasakaalu kontrolli ja j\u00f5u vahel, v\u00f5imaldades domineerida v\u00e4ljakul igas olukorras.<\/p>","protected":false},"featured_media":5680,"comment_status":"open","ping_status":"closed","template":"","meta":[],"product_brand":[],"product_cat":[129,147,40,148],"product_tag":[],"class_list":{"0":"post-5669","1":"product","2":"type-product","3":"status-publish","4":"has-post-thumbnail","6":"product_cat-adidas","7":"product_cat-edasijoudnud","8":"product_cat-padelireketid","9":"product_cat-professionaalid","11":"first","12":"onbackorder","13":"sale","14":"taxable","15":"shipping-taxable","16":"purchasable","17":"product-type-simple"},"wooqr_code":"","jetpack_sharing_enabled":true,"_links":{"self":[{"href":"https:\/\/padelsport.ee\/en\/wp-json\/wp\/v2\/product\/5669","targetHints":{"allow":["GET"]}}],"collection":[{"href":"https:\/\/padelsport.ee\/en\/wp-json\/wp\/v2\/product"}],"about":[{"href":"https:\/\/padelsport.ee\/en\/wp-json\/wp\/v2\/types\/product"}],"replies":[{"embeddable":true,"href":"https:\/\/padelsport.ee\/en\/wp-json\/wp\/v2\/comments?post=5669"}],"wp:featuredmedia":[{"embeddable":true,"href":"https:\/\/padelsport.ee\/en\/wp-json\/wp\/v2\/media\/5680"}],"wp:attachment":[{"href":"https:\/\/padelsport.ee\/en\/wp-json\/wp\/v2\/media?parent=5669"}],"wp:term":[{"taxonomy":"product_brand","embeddable":true,"href":"https:\/\/padelsport.ee\/en\/wp-json\/wp\/v2\/product_brand?post=5669"},{"taxonomy":"product_cat","embeddable":true,"href":"https:\/\/padelsport.ee\/en\/wp-json\/wp\/v2\/product_cat?post=5669"},{"taxonomy":"product_tag","embeddable":true,"href":"https:\/\/padelsport.ee\/en\/wp-json\/wp\/v2\/product_tag?post=5669"}],"curies":[{"name":"wp","href":"https:\/\/api.w.org\/{rel}","templated":true}]}}