{"id":5656,"date":"2024-12-18T09:46:33","date_gmt":"2024-12-18T07:46:33","guid":{"rendered":"https:\/\/padelsport.ee\/?post_type=product&#038;p=5656"},"modified":"2025-10-03T14:25:05","modified_gmt":"2025-10-03T11:25:05","slug":"adidas-metalbone-3-4-ale-galan","status":"publish","type":"product","link":"https:\/\/padelsport.ee\/en\/product\/adidas-metalbone-3-4-ale-galan\/","title":{"rendered":"ADIDAS METALBONE 3.4 Ale Galan"},"content":{"rendered":"<p>Adidas Metalbone 3.4 Ale Gal\u00e1n on tipptasemel padelireket, mis on loodud pakkuma maksimaalset j\u00f5udlust r\u00fcndem\u00e4ngijatele. Selle teemantkujuline pea ja peapealne tasakaal tagavad v\u00f5imsa l\u00f6\u00f6gij\u00f5u, muutes selle ideaalseks valikuks edasij\u00f5udnud ja professionaalsetele m\u00e4ngijatele.<\/p>\n<p><strong>The main features are:<\/strong><\/p>\n<ul>\n<li><strong>Weight &amp; Balance System: <\/strong>V\u00f5imaldab kohandada reketi kaalu ja tasakaalu kuni 11,2 grammi ulatuses, et saavutada soovitud kontrolli ja j\u00f5u tasakaal.<\/li>\n<li><strong>Power Groove:<\/strong> Raami \u00fcmber paiknev tugevdusriba suurendab j\u00e4ikust, pakkudes maksimaalset j\u00f5udu iga l\u00f6\u00f6giga.<\/li>\n<li><strong>Extra Power Grip:<\/strong> Pikendatud k\u00e4epide suurendab l\u00f6\u00f6kide inertsust, v\u00f5imaldades tugevamaid ja kiiremaid r\u00fcnnakuid.<\/li>\n<li><strong>Low Poly Design:<\/strong> Pol\u00fchedraalne struktuur raamis ja s\u00fcdamikus parandab torsioonikindlust ja jaotab l\u00f6\u00f6gij\u00f5u \u00fchtlaselt, maksimeerides v\u00f5imsust.<\/li>\n<li><strong>Octagonal Structure:<\/strong> S\u00fcsinikraam lisab tugevust ja stabiilsust, tagades t\u00e4psuse ja vastupidavuse.<\/li>\n<li><strong>Carbon Aluminised 16K Fibre:<\/strong> Kasutab k\u00f5rge j\u00e4ikusega 16K alumiiniumiga s\u00fcsinikkiudu, mis tagab suurep\u00e4rase vastupidavuse ja k\u00f5vema tunnetuse v\u00f5imsate l\u00f6\u00f6kide jaoks.<\/li>\n<li><strong>EVA Soft Performance Rubber:<\/strong> Pehme EVA kumm pakub mugavust ja suurep\u00e4rast palliv\u00e4ljundit, s\u00e4ilitades samal ajal kontrolli intensiivsetes m\u00e4nguolukordades.<\/li>\n<li><strong>Spin Blade Decal:<\/strong> Kolmem\u00f5\u00f5tmeline reljeefne pind parandab palli haarduvust, v\u00f5imaldades suuremat keerutust ja kontrolli.<\/li>\n<\/ul>\n<p><strong>Tehnilised andmed:<\/strong><\/p>\n<ul>\n<li><strong>Kaal:<\/strong> 345\u2013360 g (pluss kuni 11,2 g kohandatav)<\/li>\n<li><strong>Tasakaal:<\/strong> Peapealne<\/li>\n<li><strong>Paksus:<\/strong> 38 mm<\/li>\n<li><strong>Pinna suurus: <\/strong>485 cm\u00b2<\/li>\n<li><strong>Pikkus:<\/strong> 455 mm<\/li>\n<\/ul>\n<p>&nbsp;<\/p>","protected":false},"excerpt":{"rendered":"<p>Adidas Metalbone 3.4 Ale Gal\u00e1n on loodud m\u00e4ngijatele, kes otsivad t\u00e4iuslikku tasakaalu v\u00f5imsuse ja kontrolli vahel, v\u00f5imaldades domineerida v\u00e4ljakul igas olukorras.<\/p>","protected":false},"featured_media":5661,"comment_status":"open","ping_status":"closed","template":"","meta":[],"product_brand":[],"product_cat":[40,129,147,148],"product_tag":[],"class_list":{"0":"post-5656","1":"product","2":"type-product","3":"status-publish","4":"has-post-thumbnail","6":"product_cat-padelireketid","7":"product_cat-adidas","8":"product_cat-edasijoudnud","9":"product_cat-professionaalid","11":"first","12":"onbackorder","13":"sale","14":"taxable","15":"shipping-taxable","16":"purchasable","17":"product-type-simple"},"wooqr_code":"","jetpack_sharing_enabled":true,"_links":{"self":[{"href":"https:\/\/padelsport.ee\/en\/wp-json\/wp\/v2\/product\/5656","targetHints":{"allow":["GET"]}}],"collection":[{"href":"https:\/\/padelsport.ee\/en\/wp-json\/wp\/v2\/product"}],"about":[{"href":"https:\/\/padelsport.ee\/en\/wp-json\/wp\/v2\/types\/product"}],"replies":[{"embeddable":true,"href":"https:\/\/padelsport.ee\/en\/wp-json\/wp\/v2\/comments?post=5656"}],"wp:featuredmedia":[{"embeddable":true,"href":"https:\/\/padelsport.ee\/en\/wp-json\/wp\/v2\/media\/5661"}],"wp:attachment":[{"href":"https:\/\/padelsport.ee\/en\/wp-json\/wp\/v2\/media?parent=5656"}],"wp:term":[{"taxonomy":"product_brand","embeddable":true,"href":"https:\/\/padelsport.ee\/en\/wp-json\/wp\/v2\/product_brand?post=5656"},{"taxonomy":"product_cat","embeddable":true,"href":"https:\/\/padelsport.ee\/en\/wp-json\/wp\/v2\/product_cat?post=5656"},{"taxonomy":"product_tag","embeddable":true,"href":"https:\/\/padelsport.ee\/en\/wp-json\/wp\/v2\/product_tag?post=5656"}],"curies":[{"name":"wp","href":"https:\/\/api.w.org\/{rel}","templated":true}]}}