{"id":5387,"date":"2024-08-31T22:08:14","date_gmt":"2024-08-31T19:08:14","guid":{"rendered":"https:\/\/padelsport.ee\/?post_type=product&#038;p=5387"},"modified":"2026-01-23T15:43:55","modified_gmt":"2026-01-23T13:43:55","slug":"adidas-match-3-3-black-lime","status":"publish","type":"product","link":"https:\/\/padelsport.ee\/en\/product\/adidas-match-3-3-black-lime\/","title":{"rendered":"Adidas Match 3.3 Black\/Lime"},"content":{"rendered":"<p>ADIDAS MATCH 3.3 BLACK LIME on loodud selleks, et pakkuda k\u00f5ike, mida vajad oma l\u00f6\u00f6kide t\u00e4iustamiseks, eriti v\u00f5imsamate l\u00f6\u00f6kide osas. See reket on m\u00f5eldud m\u00e4ngijatele, kes soovivad oma m\u00e4ngu k\u00f5igis aspektides arendada. Reketi All-Round kuju nihutab kaalu reketi \u00fclaossa, mis v\u00f5imaldab v\u00f5imsamatel l\u00f6\u00f6kidel sujuvamalt v\u00e4lja tulla. Lisaks suurendab Structural Reinforcement tehnoloogia j\u00e4ikust, mis on r\u00fcndem\u00e4ngus \u00fclioluline.<br \/>\nReketi materjalid, EVA Soft Performance kumm ja klaaskiud, pakuvad koos suurep\u00e4rast k\u00e4sitsemist ja mugavust. Linear Smart Holes augumuster on optimeeritud reketi vastupidavuse suurendamiseks.<\/p>","protected":false},"excerpt":{"rendered":"<p>Saavuta Adidas Match 3.3 Black\/Lime padelireketiga kohe algusest peale meisterlik kontroll ja j\u00f5ud selle reketiga, mis on loodud tasakaalu tagamiseks m\u00f5lema m\u00e4ngustiili vahel.<\/p>","protected":false},"featured_media":5390,"comment_status":"open","ping_status":"closed","template":"","meta":[],"product_brand":[],"product_cat":[40,129,145],"product_tag":[],"class_list":{"0":"post-5387","1":"product","2":"type-product","3":"status-publish","4":"has-post-thumbnail","6":"product_cat-padelireketid","7":"product_cat-adidas","8":"product_cat-algajad","10":"first","11":"outofstock","12":"sale","13":"taxable","14":"shipping-taxable","15":"purchasable","16":"product-type-simple"},"wooqr_code":"","jetpack_sharing_enabled":true,"_links":{"self":[{"href":"https:\/\/padelsport.ee\/en\/wp-json\/wp\/v2\/product\/5387","targetHints":{"allow":["GET"]}}],"collection":[{"href":"https:\/\/padelsport.ee\/en\/wp-json\/wp\/v2\/product"}],"about":[{"href":"https:\/\/padelsport.ee\/en\/wp-json\/wp\/v2\/types\/product"}],"replies":[{"embeddable":true,"href":"https:\/\/padelsport.ee\/en\/wp-json\/wp\/v2\/comments?post=5387"}],"wp:featuredmedia":[{"embeddable":true,"href":"https:\/\/padelsport.ee\/en\/wp-json\/wp\/v2\/media\/5390"}],"wp:attachment":[{"href":"https:\/\/padelsport.ee\/en\/wp-json\/wp\/v2\/media?parent=5387"}],"wp:term":[{"taxonomy":"product_brand","embeddable":true,"href":"https:\/\/padelsport.ee\/en\/wp-json\/wp\/v2\/product_brand?post=5387"},{"taxonomy":"product_cat","embeddable":true,"href":"https:\/\/padelsport.ee\/en\/wp-json\/wp\/v2\/product_cat?post=5387"},{"taxonomy":"product_tag","embeddable":true,"href":"https:\/\/padelsport.ee\/en\/wp-json\/wp\/v2\/product_tag?post=5387"}],"curies":[{"name":"wp","href":"https:\/\/api.w.org\/{rel}","templated":true}]}}