{"id":5310,"date":"2024-08-23T19:45:07","date_gmt":"2024-08-23T16:45:07","guid":{"rendered":"https:\/\/padelsport.ee\/?post_type=product&#038;p=5310"},"modified":"2025-10-23T10:04:11","modified_gmt":"2025-10-23T07:04:11","slug":"cork-thermobag-white","status":"publish","type":"product","link":"https:\/\/padelsport.ee\/en\/product\/cork-thermobag-white\/","title":{"rendered":"Cork Thermobag White"},"content":{"rendered":"<p>Cork Thermobag White on valmistatud s\u00fcnteetilisest ja termomaterjalist. Kaks termotaskut, kuhu mahub 4 reketit. Keskosas on tasku ja sees veel \u00fcks sisetasku. Termokoti p\u00f5hjas on hingav tasku, kuhu saab paigutada spordijalatsid.<\/p>\n<p>Kaal: 1400 g.<\/p>\n<p>M\u00f5\u00f5dud: 63x43x50 cm.<\/p>","protected":false},"excerpt":{"rendered":"<p>Cork Thermobag White<\/p>","protected":false},"featured_media":5318,"comment_status":"open","ping_status":"closed","template":"","meta":[],"product_brand":[],"product_cat":[83,30],"product_tag":[],"class_list":{"0":"post-5310","1":"product","2":"type-product","3":"status-publish","4":"has-post-thumbnail","6":"product_cat-corki-kotid","7":"product_cat-kotid","9":"first","10":"instock","11":"taxable","12":"shipping-taxable","13":"purchasable","14":"product-type-simple"},"wooqr_code":"","jetpack_sharing_enabled":true,"_links":{"self":[{"href":"https:\/\/padelsport.ee\/en\/wp-json\/wp\/v2\/product\/5310","targetHints":{"allow":["GET"]}}],"collection":[{"href":"https:\/\/padelsport.ee\/en\/wp-json\/wp\/v2\/product"}],"about":[{"href":"https:\/\/padelsport.ee\/en\/wp-json\/wp\/v2\/types\/product"}],"replies":[{"embeddable":true,"href":"https:\/\/padelsport.ee\/en\/wp-json\/wp\/v2\/comments?post=5310"}],"wp:featuredmedia":[{"embeddable":true,"href":"https:\/\/padelsport.ee\/en\/wp-json\/wp\/v2\/media\/5318"}],"wp:attachment":[{"href":"https:\/\/padelsport.ee\/en\/wp-json\/wp\/v2\/media?parent=5310"}],"wp:term":[{"taxonomy":"product_brand","embeddable":true,"href":"https:\/\/padelsport.ee\/en\/wp-json\/wp\/v2\/product_brand?post=5310"},{"taxonomy":"product_cat","embeddable":true,"href":"https:\/\/padelsport.ee\/en\/wp-json\/wp\/v2\/product_cat?post=5310"},{"taxonomy":"product_tag","embeddable":true,"href":"https:\/\/padelsport.ee\/en\/wp-json\/wp\/v2\/product_tag?post=5310"}],"curies":[{"name":"wp","href":"https:\/\/api.w.org\/{rel}","templated":true}]}}