{"id":5302,"date":"2024-08-23T19:43:25","date_gmt":"2024-08-23T16:43:25","guid":{"rendered":"https:\/\/padelsport.ee\/?post_type=product&#038;p=5302"},"modified":"2026-03-20T15:25:39","modified_gmt":"2026-03-20T13:25:39","slug":"cork-thermobag-black","status":"publish","type":"product","link":"https:\/\/padelsport.ee\/en\/product\/cork-thermobag-black\/","title":{"rendered":"Cork Thermobag Black"},"content":{"rendered":"<p>Cork Thermobag Black on valmistatud s\u00fcnteetilisest ja termomaterjalist. Kaks termotaskut, kuhu mahub 4 reketit. Keskosas on tasku ja sees veel \u00fcks sisetasku. Termokoti p\u00f5hjas on hingav tasku, kuhu saab paigutada spordijalatsid.<\/p>\n<p>Kaal: 1400 g.<\/p>\n<p>M\u00f5\u00f5dud: 63x43x50 cm.<\/p>","protected":false},"excerpt":{"rendered":"<p>Cork Thermobag Black<\/p>","protected":false},"featured_media":5307,"comment_status":"open","ping_status":"closed","template":"","meta":[],"product_brand":[],"product_cat":[83,30],"product_tag":[],"class_list":{"0":"post-5302","1":"product","2":"type-product","3":"status-publish","4":"has-post-thumbnail","6":"product_cat-corki-kotid","7":"product_cat-kotid","9":"first","10":"outofstock","11":"taxable","12":"shipping-taxable","13":"purchasable","14":"product-type-simple"},"wooqr_code":"","jetpack_sharing_enabled":true,"_links":{"self":[{"href":"https:\/\/padelsport.ee\/en\/wp-json\/wp\/v2\/product\/5302","targetHints":{"allow":["GET"]}}],"collection":[{"href":"https:\/\/padelsport.ee\/en\/wp-json\/wp\/v2\/product"}],"about":[{"href":"https:\/\/padelsport.ee\/en\/wp-json\/wp\/v2\/types\/product"}],"replies":[{"embeddable":true,"href":"https:\/\/padelsport.ee\/en\/wp-json\/wp\/v2\/comments?post=5302"}],"wp:featuredmedia":[{"embeddable":true,"href":"https:\/\/padelsport.ee\/en\/wp-json\/wp\/v2\/media\/5307"}],"wp:attachment":[{"href":"https:\/\/padelsport.ee\/en\/wp-json\/wp\/v2\/media?parent=5302"}],"wp:term":[{"taxonomy":"product_brand","embeddable":true,"href":"https:\/\/padelsport.ee\/en\/wp-json\/wp\/v2\/product_brand?post=5302"},{"taxonomy":"product_cat","embeddable":true,"href":"https:\/\/padelsport.ee\/en\/wp-json\/wp\/v2\/product_cat?post=5302"},{"taxonomy":"product_tag","embeddable":true,"href":"https:\/\/padelsport.ee\/en\/wp-json\/wp\/v2\/product_tag?post=5302"}],"curies":[{"name":"wp","href":"https:\/\/api.w.org\/{rel}","templated":true}]}}