{"id":5230,"date":"2024-08-21T15:20:41","date_gmt":"2024-08-21T12:20:41","guid":{"rendered":"https:\/\/padelsport.ee\/?post_type=product&#038;p=5230"},"modified":"2026-03-10T14:57:17","modified_gmt":"2026-03-10T12:57:17","slug":"adidas-overgrip-orange-x3","status":"publish","type":"product","link":"https:\/\/padelsport.ee\/en\/product\/adidas-overgrip-orange-x3\/","title":{"rendered":"Adidas Overgrip Orange x3"},"content":{"rendered":"<p>V\u00e4ga h\u00e4sti kleepuvad mikroperforeeritud gripid, mis imavad t\u00f5husalt higi ja vett. Tagavad maksimaalse mugavuse ja pehme tunde.<\/p>\n<p>Detailid:<\/p>\n<ul>\n<li>Materjal: 100% pol\u00fcuretaan<\/li>\n<li>M\u00f5\u00f5tmed: 100 cm x 2,5 cm x 0,75 mm<\/li>\n<li>V\u00e4rv: oranz<\/li>\n<li>Pakis: 3 tk<\/li>\n<\/ul>","protected":false},"excerpt":{"rendered":"<p>Adidas Overgrip Orange x3\/tk pakis.<\/p>","protected":false},"featured_media":5240,"comment_status":"open","ping_status":"closed","template":"","meta":[],"product_brand":[],"product_cat":[38,172,171],"product_tag":[],"class_list":{"0":"post-5230","1":"product","2":"type-product","3":"status-publish","4":"has-post-thumbnail","6":"product_cat-lisatarvikud","7":"product_cat-halloweeni-kampaania","8":"product_cat-pealisgripid-pihustid","10":"first","11":"instock","12":"taxable","13":"shipping-taxable","14":"purchasable","15":"product-type-simple"},"wooqr_code":"","jetpack_sharing_enabled":true,"_links":{"self":[{"href":"https:\/\/padelsport.ee\/en\/wp-json\/wp\/v2\/product\/5230","targetHints":{"allow":["GET"]}}],"collection":[{"href":"https:\/\/padelsport.ee\/en\/wp-json\/wp\/v2\/product"}],"about":[{"href":"https:\/\/padelsport.ee\/en\/wp-json\/wp\/v2\/types\/product"}],"replies":[{"embeddable":true,"href":"https:\/\/padelsport.ee\/en\/wp-json\/wp\/v2\/comments?post=5230"}],"wp:featuredmedia":[{"embeddable":true,"href":"https:\/\/padelsport.ee\/en\/wp-json\/wp\/v2\/media\/5240"}],"wp:attachment":[{"href":"https:\/\/padelsport.ee\/en\/wp-json\/wp\/v2\/media?parent=5230"}],"wp:term":[{"taxonomy":"product_brand","embeddable":true,"href":"https:\/\/padelsport.ee\/en\/wp-json\/wp\/v2\/product_brand?post=5230"},{"taxonomy":"product_cat","embeddable":true,"href":"https:\/\/padelsport.ee\/en\/wp-json\/wp\/v2\/product_cat?post=5230"},{"taxonomy":"product_tag","embeddable":true,"href":"https:\/\/padelsport.ee\/en\/wp-json\/wp\/v2\/product_tag?post=5230"}],"curies":[{"name":"wp","href":"https:\/\/api.w.org\/{rel}","templated":true}]}}