{"id":5229,"date":"2024-08-21T15:19:44","date_gmt":"2024-08-21T12:19:44","guid":{"rendered":"https:\/\/padelsport.ee\/?post_type=product&#038;p=5229"},"modified":"2026-03-29T10:25:14","modified_gmt":"2026-03-29T07:25:14","slug":"adidas-overgrip-yellow-x3","status":"publish","type":"product","link":"https:\/\/padelsport.ee\/en\/product\/adidas-overgrip-yellow-x3\/","title":{"rendered":"Adidas Overgrip Yellow x3"},"content":{"rendered":"<p>V\u00e4ga h\u00e4sti kleepuvad mikroperforeeritud gripid, mis imavad t\u00f5husalt higi ja vett. Tagavad maksimaalse mugavuse ja pehme tunde.<\/p>\n<p>Detailid:<\/p>\n<ul>\n<li>Materjal: 100% pol\u00fcuretaan<\/li>\n<li>M\u00f5\u00f5tmed: 100 cm x 2,5 cm x 0,75 mm<\/li>\n<li>V\u00e4rv: kollane<\/li>\n<li>Pakis: 3 tk<\/li>\n<\/ul>","protected":false},"excerpt":{"rendered":"<p>Adidas Overgrip Yellow x3\/tk pakis.<\/p>","protected":false},"featured_media":5239,"comment_status":"open","ping_status":"closed","template":"","meta":[],"product_brand":[],"product_cat":[38,171],"product_tag":[],"class_list":{"0":"post-5229","1":"product","2":"type-product","3":"status-publish","4":"has-post-thumbnail","6":"product_cat-lisatarvikud","7":"product_cat-pealisgripid-pihustid","9":"first","10":"instock","11":"taxable","12":"shipping-taxable","13":"purchasable","14":"product-type-simple"},"wooqr_code":"","jetpack_sharing_enabled":true,"_links":{"self":[{"href":"https:\/\/padelsport.ee\/en\/wp-json\/wp\/v2\/product\/5229","targetHints":{"allow":["GET"]}}],"collection":[{"href":"https:\/\/padelsport.ee\/en\/wp-json\/wp\/v2\/product"}],"about":[{"href":"https:\/\/padelsport.ee\/en\/wp-json\/wp\/v2\/types\/product"}],"replies":[{"embeddable":true,"href":"https:\/\/padelsport.ee\/en\/wp-json\/wp\/v2\/comments?post=5229"}],"wp:featuredmedia":[{"embeddable":true,"href":"https:\/\/padelsport.ee\/en\/wp-json\/wp\/v2\/media\/5239"}],"wp:attachment":[{"href":"https:\/\/padelsport.ee\/en\/wp-json\/wp\/v2\/media?parent=5229"}],"wp:term":[{"taxonomy":"product_brand","embeddable":true,"href":"https:\/\/padelsport.ee\/en\/wp-json\/wp\/v2\/product_brand?post=5229"},{"taxonomy":"product_cat","embeddable":true,"href":"https:\/\/padelsport.ee\/en\/wp-json\/wp\/v2\/product_cat?post=5229"},{"taxonomy":"product_tag","embeddable":true,"href":"https:\/\/padelsport.ee\/en\/wp-json\/wp\/v2\/product_tag?post=5229"}],"curies":[{"name":"wp","href":"https:\/\/api.w.org\/{rel}","templated":true}]}}