{"id":5228,"date":"2024-08-23T16:28:58","date_gmt":"2024-08-23T13:28:58","guid":{"rendered":"https:\/\/padelsport.ee\/?post_type=product&#038;p=5228"},"modified":"2026-04-02T15:42:48","modified_gmt":"2026-04-02T12:42:48","slug":"adidas-overgrip-pink-x3","status":"publish","type":"product","link":"https:\/\/padelsport.ee\/en\/product\/adidas-overgrip-pink-x3\/","title":{"rendered":"Adidas Overgrip Pink x3"},"content":{"rendered":"<p>V\u00e4ga h\u00e4sti kleepuvad mikroperforeeritud gripid, mis imavad t\u00f5husalt higi ja vett. Tagavad maksimaalse mugavuse ja pehme hoide.<\/p>\n<p>Detailid:<\/p>\n<ul>\n<li>Materjal: 100% pol\u00fcuretaan<\/li>\n<li>M\u00f5\u00f5tmed: 100 cm x 2,5 cm x 0,75 mm<\/li>\n<li>V\u00e4rv: roosa<\/li>\n<li>Pakis: 3 tk<\/li>\n<\/ul>","protected":false},"excerpt":{"rendered":"<p>Adidas Overgrip Pink x3\/tk pakis<\/p>","protected":false},"featured_media":5235,"comment_status":"open","ping_status":"closed","template":"","meta":[],"product_brand":[],"product_cat":[38,171],"product_tag":[],"class_list":{"0":"post-5228","1":"product","2":"type-product","3":"status-publish","4":"has-post-thumbnail","6":"product_cat-lisatarvikud","7":"product_cat-pealisgripid-pihustid","9":"first","10":"outofstock","11":"taxable","12":"shipping-taxable","13":"purchasable","14":"product-type-simple"},"wooqr_code":"","jetpack_sharing_enabled":true,"_links":{"self":[{"href":"https:\/\/padelsport.ee\/en\/wp-json\/wp\/v2\/product\/5228","targetHints":{"allow":["GET"]}}],"collection":[{"href":"https:\/\/padelsport.ee\/en\/wp-json\/wp\/v2\/product"}],"about":[{"href":"https:\/\/padelsport.ee\/en\/wp-json\/wp\/v2\/types\/product"}],"replies":[{"embeddable":true,"href":"https:\/\/padelsport.ee\/en\/wp-json\/wp\/v2\/comments?post=5228"}],"wp:featuredmedia":[{"embeddable":true,"href":"https:\/\/padelsport.ee\/en\/wp-json\/wp\/v2\/media\/5235"}],"wp:attachment":[{"href":"https:\/\/padelsport.ee\/en\/wp-json\/wp\/v2\/media?parent=5228"}],"wp:term":[{"taxonomy":"product_brand","embeddable":true,"href":"https:\/\/padelsport.ee\/en\/wp-json\/wp\/v2\/product_brand?post=5228"},{"taxonomy":"product_cat","embeddable":true,"href":"https:\/\/padelsport.ee\/en\/wp-json\/wp\/v2\/product_cat?post=5228"},{"taxonomy":"product_tag","embeddable":true,"href":"https:\/\/padelsport.ee\/en\/wp-json\/wp\/v2\/product_tag?post=5228"}],"curies":[{"name":"wp","href":"https:\/\/api.w.org\/{rel}","templated":true}]}}