{"id":5137,"date":"2024-08-10T09:49:36","date_gmt":"2024-08-10T06:49:36","guid":{"rendered":"https:\/\/padelsport.ee\/?post_type=product&#038;p=5137"},"modified":"2026-04-09T10:20:53","modified_gmt":"2026-04-09T07:20:53","slug":"siux-neo-speed-balls","status":"publish","type":"product","link":"https:\/\/padelsport.ee\/en\/product\/siux-neo-speed-balls\/","title":{"rendered":"SIUX Neo Speed Balls"},"content":{"rendered":"<p>Siux Neo Speed pallid on spetsiaalselt padeli jaoks loodud pallid. Need pallid on tuntud oma vastupidavuse ja \u00fchtlase soorituse poolest, mist\u00f5ttu on need padelim\u00e4ngijate seas populaarsed. Siux br\u00e4nd on padeliringkondades tuntud oma k\u00f5rgekvaliteedilise varustuse, sealhulgas reketite, pallide ja muude tarvikute tootmise poolest.<\/p>\n<p>&#8220;Neo Speed&#8221; pallide iseloomu omadused:<\/p>\n<p>1.\u00a0 Vastupidavus: need pallid on loodud kestma kauem kui tavalised pallid, s\u00e4ilitades oma r\u00f5hu ja p\u00f5rke omadused pikema m\u00e4nguaja jooksul.<br \/>\n2. Kiirus: nagu nimi viitab, on need pallid m\u00f5eldud kiireks m\u00e4nguks, mis v\u00f5ib olla eriti kasulik m\u00e4ngijatele, kes soovivad oma m\u00e4ngutempot t\u00f5sta.<br \/>\n3. Kontroll: vaatamata kiirusele pakuvad need pallid head kontrolli, v\u00f5imaldades m\u00e4ngijatel sooritada t\u00e4pseid l\u00f6\u00f6ke.<\/p>\n<p>Neid palle kasutatakse sageli nii vabaaja m\u00e4ngudes kui ka professionaalsetel turniiridel t\u00e4nu nende usaldusv\u00e4\u00e4rsele sooritusele. Kui otsid palli, mis pakub nii kiirust kui ka kontrolli, v\u00f5ivad Siux Neo Speed pallid olla suurep\u00e4rane valik.<\/p>","protected":false},"excerpt":{"rendered":"<p>Siux Neo Speed padelipallid on vastupidavad ja kiired pallid, mis pakuvad suurep\u00e4rast kontrolli ja sobivad nii vabaaja m\u00e4ngudeks kui ka professionaalseteks turniirideks.<\/p>\n<p>Padelipallid 3 tk purgis<\/p>","protected":false},"featured_media":7566,"comment_status":"open","ping_status":"closed","template":"","meta":[],"product_brand":[],"product_cat":[33],"product_tag":[],"class_list":{"0":"post-5137","1":"product","2":"type-product","3":"status-publish","4":"has-post-thumbnail","6":"product_cat-pallid","8":"first","9":"instock","10":"taxable","11":"shipping-taxable","12":"purchasable","13":"product-type-simple"},"wooqr_code":"","jetpack_sharing_enabled":true,"_links":{"self":[{"href":"https:\/\/padelsport.ee\/en\/wp-json\/wp\/v2\/product\/5137","targetHints":{"allow":["GET"]}}],"collection":[{"href":"https:\/\/padelsport.ee\/en\/wp-json\/wp\/v2\/product"}],"about":[{"href":"https:\/\/padelsport.ee\/en\/wp-json\/wp\/v2\/types\/product"}],"replies":[{"embeddable":true,"href":"https:\/\/padelsport.ee\/en\/wp-json\/wp\/v2\/comments?post=5137"}],"wp:featuredmedia":[{"embeddable":true,"href":"https:\/\/padelsport.ee\/en\/wp-json\/wp\/v2\/media\/7566"}],"wp:attachment":[{"href":"https:\/\/padelsport.ee\/en\/wp-json\/wp\/v2\/media?parent=5137"}],"wp:term":[{"taxonomy":"product_brand","embeddable":true,"href":"https:\/\/padelsport.ee\/en\/wp-json\/wp\/v2\/product_brand?post=5137"},{"taxonomy":"product_cat","embeddable":true,"href":"https:\/\/padelsport.ee\/en\/wp-json\/wp\/v2\/product_cat?post=5137"},{"taxonomy":"product_tag","embeddable":true,"href":"https:\/\/padelsport.ee\/en\/wp-json\/wp\/v2\/product_tag?post=5137"}],"curies":[{"name":"wp","href":"https:\/\/api.w.org\/{rel}","templated":true}]}}