{"id":4919,"date":"2024-06-08T16:35:47","date_gmt":"2024-06-08T16:35:47","guid":{"rendered":"https:\/\/padelsport.ee\/?post_type=product&#038;p=4919"},"modified":"2025-10-04T15:51:23","modified_gmt":"2025-10-04T12:51:23","slug":"siux-competition-marino-nokamuts","status":"publish","type":"product","link":"https:\/\/padelsport.ee\/en\/product\/siux-competition-marino-nokamuts\/","title":{"rendered":"Siux Competition Marino nokam\u00fcts"},"content":{"rendered":"<p>Siux Competition nokam\u00fcts tumesinise v\u00e4rviga, ideaalne sinu m\u00e4ngudeks v\u00f5i treeninguteks.<br \/>\nSellel nokam\u00fctsil on hingav materjal ja pakub sulle lisamugavust igap\u00e4evaeluks.<\/p>\n<p>Detailid:<br \/>\nMaterjalid: 100% pol\u00fcester.<br \/>\nKumer visiir<br \/>\nKohandatav kinnitus kukla taga<br \/>\nSugu: Unisex<br \/>\nV\u00e4rv: Tumesinine<\/p>","protected":false},"excerpt":{"rendered":"<p>Tumesinine nokam\u00fcts<\/p>","protected":false},"featured_media":4922,"comment_status":"open","ping_status":"closed","template":"","meta":[],"product_brand":[],"product_cat":[90,76],"product_tag":[],"class_list":{"0":"post-4919","1":"product","2":"type-product","3":"status-publish","4":"has-post-thumbnail","6":"product_cat-nokamutsid","7":"product_cat-nokamutsid-visiirid","9":"first","10":"instock","11":"taxable","12":"shipping-taxable","13":"purchasable","14":"product-type-simple"},"wooqr_code":"","jetpack_sharing_enabled":true,"_links":{"self":[{"href":"https:\/\/padelsport.ee\/en\/wp-json\/wp\/v2\/product\/4919","targetHints":{"allow":["GET"]}}],"collection":[{"href":"https:\/\/padelsport.ee\/en\/wp-json\/wp\/v2\/product"}],"about":[{"href":"https:\/\/padelsport.ee\/en\/wp-json\/wp\/v2\/types\/product"}],"replies":[{"embeddable":true,"href":"https:\/\/padelsport.ee\/en\/wp-json\/wp\/v2\/comments?post=4919"}],"wp:featuredmedia":[{"embeddable":true,"href":"https:\/\/padelsport.ee\/en\/wp-json\/wp\/v2\/media\/4922"}],"wp:attachment":[{"href":"https:\/\/padelsport.ee\/en\/wp-json\/wp\/v2\/media?parent=4919"}],"wp:term":[{"taxonomy":"product_brand","embeddable":true,"href":"https:\/\/padelsport.ee\/en\/wp-json\/wp\/v2\/product_brand?post=4919"},{"taxonomy":"product_cat","embeddable":true,"href":"https:\/\/padelsport.ee\/en\/wp-json\/wp\/v2\/product_cat?post=4919"},{"taxonomy":"product_tag","embeddable":true,"href":"https:\/\/padelsport.ee\/en\/wp-json\/wp\/v2\/product_tag?post=4919"}],"curies":[{"name":"wp","href":"https:\/\/api.w.org\/{rel}","templated":true}]}}