{"id":4791,"date":"2024-05-01T06:37:07","date_gmt":"2024-05-01T06:37:07","guid":{"rendered":"https:\/\/padelsport.ee\/?post_type=product&#038;p=4791"},"modified":"2026-01-14T23:31:21","modified_gmt":"2026-01-14T21:31:21","slug":"siux-beat-control-2024-padeli-reket-algajale","status":"publish","type":"product","link":"https:\/\/padelsport.ee\/en\/product\/siux-beat-control-2024-padeli-reket-algajale\/","title":{"rendered":"SIUX BEAT CONTROL padelireket algajale"},"content":{"rendered":"<p>SIUX BEAT CONTROL PADELIREKET<br \/>\nSee reket on erikujundusega, et tagada suurep\u00e4rane kontroll palli l\u00f6\u00f6misel.<br \/>\nReket on madala tasakaaluga, mis muudab selle eriti kergeks ja kiireks liigutamisel. Selle raam on s\u00fcsinikkiust tugevdatud, mis tagab parema vastupidavuse.<\/p>\n<p>REKETI TEHNILINE KIRJELDUS:<br \/>\nKlaaskiust pind aitab palli paremini kontrollida. Reketis on kasutatud pehmet Eva Soft kummis\u00fcdamikku, mis lisab elastsust ja tagasil\u00f6\u00f6giv\u00f5imet. Samuti summutab see vaht vibratsioone, kaitstes teie k\u00e4si ja liigeseid.<\/p>\n<p>Siux Beat Control mudel sisaldab mitmeid tehnoloogiaid, mis aitab parandada teie padelitaset. Eva Ultra Soft High Recovery tehnoloogia kasutab madala tihedusega vahtu, mis on ideaalne mugavust hindavatele m\u00e4ngijatele, kes ei soovi loobuda j\u00f5ulisusest. Klaaskiust raam lisab reketile kergsust ja paindlikkust.<\/p>\n<p>Siux Beat Control sobib igale tasemele, pakkudes suurep\u00e4rast kontrolli, mugavust ja kiiret reageerimisv\u00f5imet. Selle \u00fcmmargune kuju tagab m\u00e4ngus mitmek\u00fclgsuse.<\/p>\n<p>REKETI DISAIN:<br \/>\nReketil on stiilne disain, mis on domineerivalt must, roheliste aktsentidega. L\u00f6\u00f6gipinda kaunistavad lainelised mustrid, mis loovad mustal taustal h\u00fcpnootilise visuaalefekti. Siuxi logo on valgena n\u00e4htav reketi \u00fclaosas ja mudeli nimi &#8220;BEAT&#8221; on oran\u017eis kirjas keskel.<\/p>\n<p>KELLELE SOBIB BEAT CONTROL PADELIREKET:<br \/>\nSiux Beat Control on ideaalne reket neile, kes v\u00e4\u00e4rtustavad kontrolli palli \u00fcle. See sobib suurep\u00e4raselt m\u00e4ngijatele erinevatel tasemetel, alates algajatest kuni ekspertideni, kes soovivad oma m\u00e4nguoskusi lihvida ja suurendada l\u00f6\u00f6kide t\u00e4psust.<\/p>\n<p>T\u00e4nu laiale magusale alale ja heale andestusv\u00f5imele on Siux Beat Control eriti sobiv neile, kes soovivad oma l\u00f6\u00f6gitehnikat t\u00e4iustada ja v\u00e4hendada m\u00f6\u00f6dal\u00f6\u00f6ke.<\/p>","protected":false},"excerpt":{"rendered":"<p>Algaja padelireket<\/p>\n<p>&nbsp;<\/p>","protected":false},"featured_media":4792,"comment_status":"open","ping_status":"closed","template":"","meta":[],"product_brand":[],"product_cat":[55,145,40],"product_tag":[],"class_list":{"0":"post-4791","1":"product","2":"type-product","3":"status-publish","4":"has-post-thumbnail","6":"product_cat-siux-reketid","7":"product_cat-algajad","8":"product_cat-padelireketid","10":"first","11":"instock","12":"sale","13":"taxable","14":"shipping-taxable","15":"purchasable","16":"product-type-simple"},"wooqr_code":"","jetpack_sharing_enabled":true,"_links":{"self":[{"href":"https:\/\/padelsport.ee\/en\/wp-json\/wp\/v2\/product\/4791","targetHints":{"allow":["GET"]}}],"collection":[{"href":"https:\/\/padelsport.ee\/en\/wp-json\/wp\/v2\/product"}],"about":[{"href":"https:\/\/padelsport.ee\/en\/wp-json\/wp\/v2\/types\/product"}],"replies":[{"embeddable":true,"href":"https:\/\/padelsport.ee\/en\/wp-json\/wp\/v2\/comments?post=4791"}],"wp:featuredmedia":[{"embeddable":true,"href":"https:\/\/padelsport.ee\/en\/wp-json\/wp\/v2\/media\/4792"}],"wp:attachment":[{"href":"https:\/\/padelsport.ee\/en\/wp-json\/wp\/v2\/media?parent=4791"}],"wp:term":[{"taxonomy":"product_brand","embeddable":true,"href":"https:\/\/padelsport.ee\/en\/wp-json\/wp\/v2\/product_brand?post=4791"},{"taxonomy":"product_cat","embeddable":true,"href":"https:\/\/padelsport.ee\/en\/wp-json\/wp\/v2\/product_cat?post=4791"},{"taxonomy":"product_tag","embeddable":true,"href":"https:\/\/padelsport.ee\/en\/wp-json\/wp\/v2\/product_tag?post=4791"}],"curies":[{"name":"wp","href":"https:\/\/api.w.org\/{rel}","templated":true}]}}