{"id":4776,"date":"2024-04-21T08:32:29","date_gmt":"2024-04-21T08:32:29","guid":{"rendered":"https:\/\/padelsport.ee\/?post_type=product&#038;p=4776"},"modified":"2025-08-04T13:27:04","modified_gmt":"2025-08-04T10:27:04","slug":"womens-elegance-dress-navy-spordiseelik","status":"publish","type":"product","link":"https:\/\/padelsport.ee\/en\/product\/womens-elegance-dress-navy-spordiseelik\/","title":{"rendered":"Women\u2019s Elegance Dress &#8211; Navy spordiseelik"},"content":{"rendered":"<p>Kas on aeg uuendada oma tenniseriiete v\u00f5i padeliriiete garderoobi?<\/p>\n<p>Siin saate osta t\u00f5eliselt ilusa kleidi, mis on t\u00e4is toredaid detaile ja valmistatud 100% taaskasutatud pol\u00fcestrist. V-kaelus ja \u00f5huline seljaosa tagavad maksimaalse \u00f5huvoolu. Kleidil on voltidega alumine osa, mis annab disainile lisav\u00fcrtsi.<\/p>\n<p>Viimase, kuid mitte v\u00e4hem t\u00e4htsana, tehke kliimatark valik tenniseriiete ja padeliriiete ostmisel.<\/p>\n<p>V\u00e4rv: Sinine<\/p>\n<p>Materjal: 100% taaskasutatud pol\u00fcester<br \/>\nPesujuhised: Masinpesu, 40 kraadi s\u00fcnteetika<\/p>","protected":false},"excerpt":{"rendered":"<p>Spordiseelik<\/p>","protected":false},"featured_media":4781,"comment_status":"open","ping_status":"closed","template":"","meta":[],"product_brand":[],"product_cat":[77,155,80],"product_tag":[],"class_list":{"0":"post-4776","1":"product","2":"type-product","3":"status-publish","4":"has-post-thumbnail","6":"product_cat-naised","7":"product_cat-nordicdots","8":"product_cat-seelikud","9":"pa_suurus-l","10":"pa_suurus-m","11":"pa_suurus-s","13":"first","14":"outofstock","15":"taxable","16":"shipping-taxable","17":"purchasable","18":"product-type-variable"},"wooqr_code":"","jetpack_sharing_enabled":true,"_links":{"self":[{"href":"https:\/\/padelsport.ee\/en\/wp-json\/wp\/v2\/product\/4776","targetHints":{"allow":["GET"]}}],"collection":[{"href":"https:\/\/padelsport.ee\/en\/wp-json\/wp\/v2\/product"}],"about":[{"href":"https:\/\/padelsport.ee\/en\/wp-json\/wp\/v2\/types\/product"}],"replies":[{"embeddable":true,"href":"https:\/\/padelsport.ee\/en\/wp-json\/wp\/v2\/comments?post=4776"}],"wp:featuredmedia":[{"embeddable":true,"href":"https:\/\/padelsport.ee\/en\/wp-json\/wp\/v2\/media\/4781"}],"wp:attachment":[{"href":"https:\/\/padelsport.ee\/en\/wp-json\/wp\/v2\/media?parent=4776"}],"wp:term":[{"taxonomy":"product_brand","embeddable":true,"href":"https:\/\/padelsport.ee\/en\/wp-json\/wp\/v2\/product_brand?post=4776"},{"taxonomy":"product_cat","embeddable":true,"href":"https:\/\/padelsport.ee\/en\/wp-json\/wp\/v2\/product_cat?post=4776"},{"taxonomy":"product_tag","embeddable":true,"href":"https:\/\/padelsport.ee\/en\/wp-json\/wp\/v2\/product_tag?post=4776"}],"curies":[{"name":"wp","href":"https:\/\/api.w.org\/{rel}","templated":true}]}}