{"id":4757,"date":"2024-04-21T06:58:44","date_gmt":"2024-04-21T06:58:44","guid":{"rendered":"https:\/\/padelsport.ee\/?post_type=product&#038;p=4757"},"modified":"2025-07-18T13:35:24","modified_gmt":"2025-07-18T10:35:24","slug":"womens-club-shorts-sea-pink-luhikesed-puksid","status":"publish","type":"product","link":"https:\/\/padelsport.ee\/en\/product\/womens-club-shorts-sea-pink-luhikesed-puksid\/","title":{"rendered":"Women&#8217;s Club Shorts &#8211; Sea Pink l\u00fchikesed p\u00fcksid"},"content":{"rendered":"<p>Siin olete leidnud \u00f5ige toote: need roosad l\u00fchikesed p\u00fcksid pallitaskuga on t\u00e4iuslik valik neile, kes m\u00e4ngivad tennist v\u00f5i padelit. P\u00fcksid ei ole ainult v\u00e4ga ilusad, need on valmistatud 95% taaskasutatud pol\u00fcestrist ja neil on ka tagaosas pallitasku! V\u00f5ib arvata, et tenniseriided ja padeliriided peaksid alati omama pallitaskut, kuid 90% naistele m\u00f5eldud riietest see nii ei ole.<\/p>\n<p>Tennise v\u00f5i padeli l\u00fchikesed p\u00fcksid naistele \u2013 stiilne l\u00f5ige, k\u00f5rge elastse v\u00f6\u00f6kohaga ja integreeritud sisep\u00fcksid.<\/p>\n<p>V\u00e4rv: roosa<\/p>\n<p>Materjal: 95% taaskasutatud pol\u00fcester, 5% elastaan<\/p>\n<p><img fetchpriority=\"high\" decoding=\"async\" class=\"alignnone size-medium wp-image-4786\" src=\"https:\/\/padelsport.ee\/wp-content\/uploads\/2024\/04\/Screenshot-2024-04-21-at-16.25.19-202x300.png\" alt=\"\" width=\"202\" height=\"300\" srcset=\"https:\/\/padelsport.ee\/wp-content\/uploads\/2024\/04\/Screenshot-2024-04-21-at-16.25.19-202x300.png 202w, https:\/\/padelsport.ee\/wp-content\/uploads\/2024\/04\/Screenshot-2024-04-21-at-16.25.19-8x12.png 8w, https:\/\/padelsport.ee\/wp-content\/uploads\/2024\/04\/Screenshot-2024-04-21-at-16.25.19.png 386w\" sizes=\"(max-width: 202px) 100vw, 202px\" \/><\/p>","protected":false},"excerpt":{"rendered":"<p>L\u00fchikesed p\u00fcksid Sea Pink<\/p>","protected":false},"featured_media":4761,"comment_status":"open","ping_status":"closed","template":"","meta":[],"product_brand":[],"product_cat":[79,155],"product_tag":[],"class_list":{"0":"post-4757","1":"product","2":"type-product","3":"status-publish","4":"has-post-thumbnail","6":"product_cat-puksid","7":"product_cat-nordicdots","8":"pa_suurus-l","9":"pa_suurus-m","10":"pa_suurus-s","12":"first","13":"instock","14":"taxable","15":"shipping-taxable","16":"purchasable","17":"product-type-variable"},"wooqr_code":"","jetpack_sharing_enabled":true,"_links":{"self":[{"href":"https:\/\/padelsport.ee\/en\/wp-json\/wp\/v2\/product\/4757","targetHints":{"allow":["GET"]}}],"collection":[{"href":"https:\/\/padelsport.ee\/en\/wp-json\/wp\/v2\/product"}],"about":[{"href":"https:\/\/padelsport.ee\/en\/wp-json\/wp\/v2\/types\/product"}],"replies":[{"embeddable":true,"href":"https:\/\/padelsport.ee\/en\/wp-json\/wp\/v2\/comments?post=4757"}],"wp:featuredmedia":[{"embeddable":true,"href":"https:\/\/padelsport.ee\/en\/wp-json\/wp\/v2\/media\/4761"}],"wp:attachment":[{"href":"https:\/\/padelsport.ee\/en\/wp-json\/wp\/v2\/media?parent=4757"}],"wp:term":[{"taxonomy":"product_brand","embeddable":true,"href":"https:\/\/padelsport.ee\/en\/wp-json\/wp\/v2\/product_brand?post=4757"},{"taxonomy":"product_cat","embeddable":true,"href":"https:\/\/padelsport.ee\/en\/wp-json\/wp\/v2\/product_cat?post=4757"},{"taxonomy":"product_tag","embeddable":true,"href":"https:\/\/padelsport.ee\/en\/wp-json\/wp\/v2\/product_tag?post=4757"}],"curies":[{"name":"wp","href":"https:\/\/api.w.org\/{rel}","templated":true}]}}