{"id":4718,"date":"2024-04-20T15:24:50","date_gmt":"2024-04-20T15:24:50","guid":{"rendered":"https:\/\/padelsport.ee\/?post_type=product&#038;p=4718"},"modified":"2025-09-16T13:19:14","modified_gmt":"2025-09-16T10:19:14","slug":"womens-elegance-skirt-black-seelik","status":"publish","type":"product","link":"https:\/\/padelsport.ee\/en\/product\/womens-elegance-skirt-black-seelik\/","title":{"rendered":"Women&#8217;s Elegance Skirt &#8211; Black seelik"},"content":{"rendered":"<p>Seelik neile, kes m\u00e4ngivad tennist v\u00f5i padelit ja soovivad kanda kerget seelikut, mis on varustatud integreeritud sisep\u00fckstega, mugavuse ja pallihoidjaga. Seelikul on elastne v\u00f6\u00f6koht ja kergelt volditud disain, mis eristab seda sirgest disainist. Lisaks v\u00e4\u00e4rib m\u00e4rkimist, et seelik on valmistatud taaskasutatud pol\u00fcestrist, muutes selle kliimas\u00f5bralikuks valikuks.<\/p>\n<p>Funktsionaalne materjal v\u00f5imaldab niiskuse kiiret imendumist.<\/p>\n<p>V\u00e4rv: must<br \/>\nMaterjal: 90% taaskasutatud pol\u00fcester, 10% elastaan.<\/p>","protected":false},"excerpt":{"rendered":"<p>Padeli v\u00f5i tennise seelik<\/p>","protected":false},"featured_media":4723,"comment_status":"open","ping_status":"closed","template":"","meta":[],"product_brand":[],"product_cat":[80,155],"product_tag":[],"class_list":{"0":"post-4718","1":"product","2":"type-product","3":"status-publish","4":"has-post-thumbnail","6":"product_cat-seelikud","7":"product_cat-nordicdots","8":"pa_suurus-l","9":"pa_suurus-m","10":"pa_suurus-s","12":"first","13":"instock","14":"taxable","15":"shipping-taxable","16":"purchasable","17":"product-type-variable"},"wooqr_code":"","jetpack_sharing_enabled":true,"_links":{"self":[{"href":"https:\/\/padelsport.ee\/en\/wp-json\/wp\/v2\/product\/4718","targetHints":{"allow":["GET"]}}],"collection":[{"href":"https:\/\/padelsport.ee\/en\/wp-json\/wp\/v2\/product"}],"about":[{"href":"https:\/\/padelsport.ee\/en\/wp-json\/wp\/v2\/types\/product"}],"replies":[{"embeddable":true,"href":"https:\/\/padelsport.ee\/en\/wp-json\/wp\/v2\/comments?post=4718"}],"wp:featuredmedia":[{"embeddable":true,"href":"https:\/\/padelsport.ee\/en\/wp-json\/wp\/v2\/media\/4723"}],"wp:attachment":[{"href":"https:\/\/padelsport.ee\/en\/wp-json\/wp\/v2\/media?parent=4718"}],"wp:term":[{"taxonomy":"product_brand","embeddable":true,"href":"https:\/\/padelsport.ee\/en\/wp-json\/wp\/v2\/product_brand?post=4718"},{"taxonomy":"product_cat","embeddable":true,"href":"https:\/\/padelsport.ee\/en\/wp-json\/wp\/v2\/product_cat?post=4718"},{"taxonomy":"product_tag","embeddable":true,"href":"https:\/\/padelsport.ee\/en\/wp-json\/wp\/v2\/product_tag?post=4718"}],"curies":[{"name":"wp","href":"https:\/\/api.w.org\/{rel}","templated":true}]}}