{"id":4697,"date":"2024-04-20T14:11:44","date_gmt":"2024-04-20T14:11:44","guid":{"rendered":"https:\/\/padelsport.ee\/?post_type=product&#038;p=4697"},"modified":"2025-11-27T19:04:35","modified_gmt":"2025-11-27T17:04:35","slug":"smart-bikers-retuusid-naistele","status":"publish","type":"product","link":"https:\/\/padelsport.ee\/en\/product\/smart-bikers-retuusid-naistele\/","title":{"rendered":"Smart Bikers retuusid naistele"},"content":{"rendered":"<p>J\u00e4tkusuutlikud pehmed ja venivad kangad k\u00f5ige mugavamaks istuvuseks. Ergonoomiline pallitasku seljal, mis ei takista liikumist tennise\/padeli m\u00e4ngimisel ja hoiab lisapalli kindlalt paigas. Helkurlogod suurendavad n\u00e4htavust \u00f5htustel jooksusessioonidel.<\/p>","protected":false},"excerpt":{"rendered":"<p>Retuusid naistele<\/p>","protected":false},"featured_media":4708,"comment_status":"open","ping_status":"closed","template":"","meta":[],"product_brand":[],"product_cat":[117,77,155],"product_tag":[],"class_list":{"0":"post-4697","1":"product","2":"type-product","3":"status-publish","4":"has-post-thumbnail","6":"product_cat-retuusid","7":"product_cat-naised","8":"product_cat-nordicdots","9":"pa_suurus-l","10":"pa_suurus-m","11":"pa_suurus-s","13":"first","14":"instock","15":"taxable","16":"shipping-taxable","17":"purchasable","18":"product-type-variable"},"wooqr_code":"","jetpack_sharing_enabled":true,"_links":{"self":[{"href":"https:\/\/padelsport.ee\/en\/wp-json\/wp\/v2\/product\/4697","targetHints":{"allow":["GET"]}}],"collection":[{"href":"https:\/\/padelsport.ee\/en\/wp-json\/wp\/v2\/product"}],"about":[{"href":"https:\/\/padelsport.ee\/en\/wp-json\/wp\/v2\/types\/product"}],"replies":[{"embeddable":true,"href":"https:\/\/padelsport.ee\/en\/wp-json\/wp\/v2\/comments?post=4697"}],"wp:featuredmedia":[{"embeddable":true,"href":"https:\/\/padelsport.ee\/en\/wp-json\/wp\/v2\/media\/4708"}],"wp:attachment":[{"href":"https:\/\/padelsport.ee\/en\/wp-json\/wp\/v2\/media?parent=4697"}],"wp:term":[{"taxonomy":"product_brand","embeddable":true,"href":"https:\/\/padelsport.ee\/en\/wp-json\/wp\/v2\/product_brand?post=4697"},{"taxonomy":"product_cat","embeddable":true,"href":"https:\/\/padelsport.ee\/en\/wp-json\/wp\/v2\/product_cat?post=4697"},{"taxonomy":"product_tag","embeddable":true,"href":"https:\/\/padelsport.ee\/en\/wp-json\/wp\/v2\/product_tag?post=4697"}],"curies":[{"name":"wp","href":"https:\/\/api.w.org\/{rel}","templated":true}]}}