{"id":4084,"date":"2023-10-26T14:14:34","date_gmt":"2023-10-26T14:14:34","guid":{"rendered":"https:\/\/padelsport.ee\/?post_type=product&#038;p=4084"},"modified":"2025-12-16T16:10:36","modified_gmt":"2025-12-16T14:10:36","slug":"vintage-leather-handbag","status":"publish","type":"product","link":"https:\/\/padelsport.ee\/en\/product\/vintage-leather-handbag\/","title":{"rendered":"Vintage t\u00e4isnahast Handbag padelikott"},"content":{"rendered":"<p>Ehtsast nahast k\u00e4sitsi valmistatud padeli kott tikitud v\u00f5i graveeritud kaubam\u00e4rgiga CORK PADEL.<br \/>\nVintage disain, v\u00e4listaskuga,\u00a0 \u00fche reketi jaoks.<br \/>\nSisemus on vooderdatud virsikunahaga.<br \/>\nSisemine lukuga tasku, \u00fche kinnise tasku ja kahe avatud taskuga.<br \/>\nEksklusiivne mudel, 100% portugali p\u00e4ritolu.<br \/>\nV\u00e4rvus: helebeez ja kuldse lukuga<\/p>\n<p>50x30x12cm &#8211; 1500gr.<\/p>","protected":false},"excerpt":{"rendered":"<p>T\u00e4isnahast padelikott.<\/p>\n<p>Tarneaeg 7-10 t\u00f6\u00f6p\u00e4eva.<br \/>\nEttemaks 50%.<\/p>","protected":false},"featured_media":4103,"comment_status":"open","ping_status":"closed","template":"","meta":[],"product_brand":[],"product_cat":[83],"product_tag":[],"class_list":{"0":"post-4084","1":"product","2":"type-product","3":"status-publish","4":"has-post-thumbnail","6":"product_cat-corki-kotid","8":"first","9":"onbackorder","10":"taxable","11":"shipping-taxable","12":"purchasable","13":"product-type-simple"},"wooqr_code":"","jetpack_sharing_enabled":true,"_links":{"self":[{"href":"https:\/\/padelsport.ee\/en\/wp-json\/wp\/v2\/product\/4084","targetHints":{"allow":["GET"]}}],"collection":[{"href":"https:\/\/padelsport.ee\/en\/wp-json\/wp\/v2\/product"}],"about":[{"href":"https:\/\/padelsport.ee\/en\/wp-json\/wp\/v2\/types\/product"}],"replies":[{"embeddable":true,"href":"https:\/\/padelsport.ee\/en\/wp-json\/wp\/v2\/comments?post=4084"}],"wp:featuredmedia":[{"embeddable":true,"href":"https:\/\/padelsport.ee\/en\/wp-json\/wp\/v2\/media\/4103"}],"wp:attachment":[{"href":"https:\/\/padelsport.ee\/en\/wp-json\/wp\/v2\/media?parent=4084"}],"wp:term":[{"taxonomy":"product_brand","embeddable":true,"href":"https:\/\/padelsport.ee\/en\/wp-json\/wp\/v2\/product_brand?post=4084"},{"taxonomy":"product_cat","embeddable":true,"href":"https:\/\/padelsport.ee\/en\/wp-json\/wp\/v2\/product_cat?post=4084"},{"taxonomy":"product_tag","embeddable":true,"href":"https:\/\/padelsport.ee\/en\/wp-json\/wp\/v2\/product_tag?post=4084"}],"curies":[{"name":"wp","href":"https:\/\/api.w.org\/{rel}","templated":true}]}}