{"id":4073,"date":"2023-10-26T14:06:46","date_gmt":"2023-10-26T14:06:46","guid":{"rendered":"https:\/\/padelsport.ee\/?post_type=product&#038;p=4073"},"modified":"2025-11-18T11:24:01","modified_gmt":"2025-11-18T09:24:01","slug":"classic","status":"publish","type":"product","link":"https:\/\/padelsport.ee\/en\/product\/classic\/","title":{"rendered":"Cork Classic padelireket algajatele"},"content":{"rendered":"<p><strong>Classic padelireket<\/strong> The Classic Racket was designed around all the Cork Padel nostal- gia. The racket that accurately expresses the nature of cork.<\/p>\n<p>Cork Padel Classic stands out for its extra comfort and maneu- verability, due to its low balance and reduced weight.<\/p>\n<p>Uute Cork Padelireketite puurimismuster on l\u00e4bi teinud tohutu evolutsiooni, suurendades reketi sisemust ja suurendades reketi s\u00fcdame suurust, et tagada k\u00f5igi mudelite parem aerod\u00fcnaamika, ilma nende v\u00f5imsust ohverdamata.<\/p>\n<p>The new Cork Padel models also have a new string application. It is now replaceable, waterproof and anti-bacterial to provide more hygiene and comfort to the player.<\/p>\n<p>The gum in the center of the racket has a unique and innovative technology in the form of a semi cross hole. This semi hole in the center translates into a controlled output with a wide and controlled sweet spot, removing the trampoline effect when defending and providing greater power in offensive plays. In short, a balanced racket in all aspects of power, control, comfort, handling and durability.<\/p>\n<p>Weight: 340-355 gr<\/p>\n<p>Look here <span class=\"x1xsqp64 xiy17q3 x1o6pynw x19co3pv xdj266r xcwd3tp xat24cr x39eecv x2b8uid\" data-testid=\"emoji\"><span class=\"xexx8yu xn5pp95 x18d9i69 x2fxd7x x1yqt14a x1bhl96m\">\ud83d\udc49<\/span><\/span> \u00a0<a href=\"https:\/\/padelsport.ee\/wp-content\/uploads\/2023\/10\/Tehnilised-andmed.pdf\">Datasheets<\/a><\/p>\n<p>CORK catalogue <span class=\"x1xsqp64 xiy17q3 x1o6pynw x19co3pv xdj266r xcwd3tp xat24cr x39eecv x2b8uid\" data-testid=\"emoji\"><span class=\"xexx8yu xn5pp95 x18d9i69 x2fxd7x x1yqt14a x1bhl96m\">\ud83d\udc49 <a href=\"https:\/\/padelsport.ee\/wp-content\/uploads\/2023\/10\/Cork-kataloog.pdf\">Cork kataloog<\/a><\/span><\/span><\/p>\n<p>&nbsp;<\/p>","protected":false},"excerpt":{"rendered":"<p>Algaja \/ kesktaseme m\u00e4ngija padelireket<br \/>\nSaadaval erineva kaaluga testreketid proovimiseks.<\/p>\n<p>Tarneaeg 10-12 t\u00f6\u00f6p\u00e4eva.<\/p>","protected":false},"featured_media":4078,"comment_status":"closed","ping_status":"closed","template":"","meta":[],"product_brand":[],"product_cat":[40,57],"product_tag":[],"class_list":{"0":"post-4073","1":"product","2":"type-product","3":"status-publish","4":"has-post-thumbnail","6":"product_cat-padelireketid","7":"product_cat-cork-reketid","9":"first","10":"instock","11":"taxable","12":"shipping-taxable","13":"purchasable","14":"product-type-variable"},"wooqr_code":"","jetpack_sharing_enabled":true,"_links":{"self":[{"href":"https:\/\/padelsport.ee\/en\/wp-json\/wp\/v2\/product\/4073","targetHints":{"allow":["GET"]}}],"collection":[{"href":"https:\/\/padelsport.ee\/en\/wp-json\/wp\/v2\/product"}],"about":[{"href":"https:\/\/padelsport.ee\/en\/wp-json\/wp\/v2\/types\/product"}],"replies":[{"embeddable":true,"href":"https:\/\/padelsport.ee\/en\/wp-json\/wp\/v2\/comments?post=4073"}],"wp:featuredmedia":[{"embeddable":true,"href":"https:\/\/padelsport.ee\/en\/wp-json\/wp\/v2\/media\/4078"}],"wp:attachment":[{"href":"https:\/\/padelsport.ee\/en\/wp-json\/wp\/v2\/media?parent=4073"}],"wp:term":[{"taxonomy":"product_brand","embeddable":true,"href":"https:\/\/padelsport.ee\/en\/wp-json\/wp\/v2\/product_brand?post=4073"},{"taxonomy":"product_cat","embeddable":true,"href":"https:\/\/padelsport.ee\/en\/wp-json\/wp\/v2\/product_cat?post=4073"},{"taxonomy":"product_tag","embeddable":true,"href":"https:\/\/padelsport.ee\/en\/wp-json\/wp\/v2\/product_tag?post=4073"}],"curies":[{"name":"wp","href":"https:\/\/api.w.org\/{rel}","templated":true}]}}