{"id":4056,"date":"2023-10-26T13:54:17","date_gmt":"2023-10-26T13:54:17","guid":{"rendered":"https:\/\/padelsport.ee\/?post_type=product&#038;p=4056"},"modified":"2025-11-04T10:31:45","modified_gmt":"2025-11-04T08:31:45","slug":"supreme-power-ii","status":"publish","type":"product","link":"https:\/\/padelsport.ee\/en\/product\/supreme-power-ii\/","title":{"rendered":"Cork Supreme Power III padelireket"},"content":{"rendered":"<p>Cork Supreme II padelireket on loodud k\u00f5rgetasemeliseks konkurentsiks ja on m\u00f5eldud tehniliselt arenenumatele m\u00e4ngijatele.<\/p>\n<p>Suurem s\u00fcsinikusisaldus annab Supreme IIs&#8217;le j\u00e4medama puudutuse, mis v\u00f5imaldab m\u00e4ngijatel oma m\u00e4ngu kaitses oluliselt paremini kontrollida ja annab reketile suurema v\u00f5imsuse taseme. Ometi s\u00e4ilitab Supreme IIs Corki reketitele iseloomuliku mugavuse ja madala vibratsiooni, alati koos Cork Padeli eksklusiivse vibratsioonivastase s\u00fcsteemiga. Supreme Control II on keskmise\/madala tasakaaluga, mis muudab selle kergemini k\u00e4sitsetavaks ja sobivamaks kaitsvatele m\u00e4ngijatele.<\/p>\n<p>Reketi keskosas olev kumm sisaldab ainulaadset ja uuenduslikku tehnoloogiat \u2013 osaliselt puuritud risti. See osaliselt puuritud rist keskel v\u00f5imaldab kontrollitud v\u00e4ljundi laia ja kindla optimaalse l\u00f6\u00f6gialaga, v\u00e4hendades trampoliiniefekti kaitsmisel ja andes suuremat j\u00f5udu kaitsvate l\u00f6\u00f6kide ajal. Sellel on uus k\u00e4epideme tehnoloogia, mis v\u00e4hendab veelgi pehmest koostisest ja ovaalsest kujundist tulenevaid vibratsioone, pakkudes paremat haarde mitmek\u00fclgsust.<\/p>\n<p>Weight: 351-370 gr<\/p>\n<p>Look here <span class=\"x1xsqp64 xiy17q3 x1o6pynw x19co3pv xdj266r xcwd3tp xat24cr x39eecv x2b8uid\" data-testid=\"emoji\"><span class=\"xexx8yu xn5pp95 x18d9i69 x2fxd7x x1yqt14a x1bhl96m\">\ud83d\udc49<\/span><\/span> \u00a0<a href=\"https:\/\/padelsport.ee\/wp-content\/uploads\/2023\/10\/Tehnilised-andmed.pdf\">Datasheets<\/a><\/p>\n<p>CORK catalogue <span class=\"x1xsqp64 xiy17q3 x1o6pynw x19co3pv xdj266r xcwd3tp xat24cr x39eecv x2b8uid\" data-testid=\"emoji\"><span class=\"xexx8yu xn5pp95 x18d9i69 x2fxd7x x1yqt14a x1bhl96m\">\ud83d\udc49 <a href=\"https:\/\/padelsport.ee\/wp-content\/uploads\/2023\/10\/Cork-kataloog.pdf\">Cork kataloog<\/a><\/span><\/span><\/p>","protected":false},"excerpt":{"rendered":"<p>Edasij\u00f5udnud kuni professionaalse m\u00e4ngija padelireket<\/p>","protected":false},"featured_media":4062,"comment_status":"closed","ping_status":"closed","template":"","meta":[],"product_brand":[],"product_cat":[57,40,148],"product_tag":[],"class_list":{"0":"post-4056","1":"product","2":"type-product","3":"status-publish","4":"has-post-thumbnail","6":"product_cat-cork-reketid","7":"product_cat-padelireketid","8":"product_cat-professionaalid","10":"first","11":"instock","12":"taxable","13":"shipping-taxable","14":"purchasable","15":"product-type-simple"},"wooqr_code":"","jetpack_sharing_enabled":true,"_links":{"self":[{"href":"https:\/\/padelsport.ee\/en\/wp-json\/wp\/v2\/product\/4056","targetHints":{"allow":["GET"]}}],"collection":[{"href":"https:\/\/padelsport.ee\/en\/wp-json\/wp\/v2\/product"}],"about":[{"href":"https:\/\/padelsport.ee\/en\/wp-json\/wp\/v2\/types\/product"}],"replies":[{"embeddable":true,"href":"https:\/\/padelsport.ee\/en\/wp-json\/wp\/v2\/comments?post=4056"}],"wp:featuredmedia":[{"embeddable":true,"href":"https:\/\/padelsport.ee\/en\/wp-json\/wp\/v2\/media\/4062"}],"wp:attachment":[{"href":"https:\/\/padelsport.ee\/en\/wp-json\/wp\/v2\/media?parent=4056"}],"wp:term":[{"taxonomy":"product_brand","embeddable":true,"href":"https:\/\/padelsport.ee\/en\/wp-json\/wp\/v2\/product_brand?post=4056"},{"taxonomy":"product_cat","embeddable":true,"href":"https:\/\/padelsport.ee\/en\/wp-json\/wp\/v2\/product_cat?post=4056"},{"taxonomy":"product_tag","embeddable":true,"href":"https:\/\/padelsport.ee\/en\/wp-json\/wp\/v2\/product_tag?post=4056"}],"curies":[{"name":"wp","href":"https:\/\/api.w.org\/{rel}","templated":true}]}}