{"id":4040,"date":"2023-10-26T13:41:51","date_gmt":"2023-10-26T13:41:51","guid":{"rendered":"https:\/\/padelsport.ee\/?post_type=product&#038;p=4040"},"modified":"2025-11-04T10:31:45","modified_gmt":"2025-11-04T08:31:45","slug":"supreme-control-iii","status":"publish","type":"product","link":"https:\/\/padelsport.ee\/en\/product\/supreme-control-iii\/","title":{"rendered":"Cork Supreme Control III padelireket"},"content":{"rendered":"<p>Cork Supreme Control III padelireket on loodud intensiivseks konkurentsiks ja on suunatud tehniliselt k\u00f5rgetasemelistele m\u00e4ngijatele.<\/p>\n<p>Rohkem s\u00fcsinikku sisaldav koostis annab Supreme III-le eriti tugeva tunde, mis v\u00f5imaldab m\u00e4ngijatel oma kaitsem\u00e4ngu m\u00e4rkimisv\u00e4\u00e4rselt paremini kontrollida ning suurendab reketi l\u00f6\u00f6giv\u00f5imsust. Ometi s\u00e4ilitavad Supreme III-d k\u00f5igile Corki reketitele omase mugavuse ja madala vibratsioonitaseme, t\u00e4nu Cork Padeli eksklusiivsele vibratsioonivastasele s\u00fcsteemile. Supreme Control II on keskmise\/madala tasakaaluga, muutes selle k\u00e4sitsemise lihtsamaks ja sobivaks kaitsele orienteeritud m\u00e4ngijatele.<\/p>\n<p>The gum in the center of the racket has a unique and innovative technology, a semi-drilled cross. This semi -drilled cross in the center translates into a controlled output with a wide and controlled sweet spot, removing the trampoline effect when defending and giving greater power in the defense moment. It has a new cap technology that further reduces vibrations derived from its softer composition and its oval shape for better grip versatility.<\/p>\n<p>Weight: 351-370 gr<\/p>\n<p>Look here <span class=\"x1xsqp64 xiy17q3 x1o6pynw x19co3pv xdj266r xcwd3tp xat24cr x39eecv x2b8uid\" data-testid=\"emoji\"><span class=\"xexx8yu xn5pp95 x18d9i69 x2fxd7x x1yqt14a x1bhl96m\">\ud83d\udc49<\/span><\/span> \u00a0<a href=\"https:\/\/padelsport.ee\/wp-content\/uploads\/2023\/10\/Tehnilised-andmed.pdf\">Datasheets<\/a><\/p>\n<p>CORK catalogue <span class=\"x1xsqp64 xiy17q3 x1o6pynw x19co3pv xdj266r xcwd3tp xat24cr x39eecv x2b8uid\" data-testid=\"emoji\"><span class=\"xexx8yu xn5pp95 x18d9i69 x2fxd7x x1yqt14a x1bhl96m\">\ud83d\udc49 <a href=\"https:\/\/padelsport.ee\/wp-content\/uploads\/2023\/10\/Cork-kataloog.pdf\">Cork kataloog<\/a><\/span><\/span><\/p>","protected":false},"excerpt":{"rendered":"<p>Edasij\u00f5udnud kuni professionaalse m\u00e4ngija padelireket<\/p>","protected":false},"featured_media":4045,"comment_status":"closed","ping_status":"closed","template":"","meta":[],"product_brand":[],"product_cat":[57,40,148],"product_tag":[],"class_list":{"0":"post-4040","1":"product","2":"type-product","3":"status-publish","4":"has-post-thumbnail","6":"product_cat-cork-reketid","7":"product_cat-padelireketid","8":"product_cat-professionaalid","10":"first","11":"instock","12":"taxable","13":"shipping-taxable","14":"purchasable","15":"product-type-simple"},"wooqr_code":"","jetpack_sharing_enabled":true,"_links":{"self":[{"href":"https:\/\/padelsport.ee\/en\/wp-json\/wp\/v2\/product\/4040","targetHints":{"allow":["GET"]}}],"collection":[{"href":"https:\/\/padelsport.ee\/en\/wp-json\/wp\/v2\/product"}],"about":[{"href":"https:\/\/padelsport.ee\/en\/wp-json\/wp\/v2\/types\/product"}],"replies":[{"embeddable":true,"href":"https:\/\/padelsport.ee\/en\/wp-json\/wp\/v2\/comments?post=4040"}],"wp:featuredmedia":[{"embeddable":true,"href":"https:\/\/padelsport.ee\/en\/wp-json\/wp\/v2\/media\/4045"}],"wp:attachment":[{"href":"https:\/\/padelsport.ee\/en\/wp-json\/wp\/v2\/media?parent=4040"}],"wp:term":[{"taxonomy":"product_brand","embeddable":true,"href":"https:\/\/padelsport.ee\/en\/wp-json\/wp\/v2\/product_brand?post=4040"},{"taxonomy":"product_cat","embeddable":true,"href":"https:\/\/padelsport.ee\/en\/wp-json\/wp\/v2\/product_cat?post=4040"},{"taxonomy":"product_tag","embeddable":true,"href":"https:\/\/padelsport.ee\/en\/wp-json\/wp\/v2\/product_tag?post=4040"}],"curies":[{"name":"wp","href":"https:\/\/api.w.org\/{rel}","templated":true}]}}