{"id":4034,"date":"2023-10-26T13:33:45","date_gmt":"2023-10-26T13:33:45","guid":{"rendered":"https:\/\/padelsport.ee\/?post_type=product&#038;p=4034"},"modified":"2025-11-18T11:28:49","modified_gmt":"2025-11-18T09:28:49","slug":"premium-power","status":"publish","type":"product","link":"https:\/\/padelsport.ee\/en\/product\/premium-power\/","title":{"rendered":"Cork Premium Power II padelireket"},"content":{"rendered":"<p>Premium Power II padelireket, millel on teemantkujuline disain ja k\u00f5rge tasakaalustuspunkt, sobib ideaalselt r\u00fcndavatele m\u00e4ngijatele, kes eelistavad oma m\u00e4ngus j\u00f5udu.<\/p>\n<p>Using the new, exclusive and unprecedented asymmetrical hole pattern, it was designed to optimize a wide sweet spot, with a hole diameter for each specific zone of the racket.<\/p>\n<p>Padelireketi keskosa kummis on unikaalne ja innovaatiline tehnoloogia &#8211; poolpuuritud rist. See poolpuuritud keskosa loob kontrollitud m\u00e4ngu laia ja kindla l\u00f6\u00f6gialaga, v\u00e4hendab trampoliiniefekti kaitsm\u00e4ngus ning suurendab j\u00f5udu m\u00e4ngija kaitseasendist r\u00fcndesse minnes. Lisaks on reket varustatud uue k\u00e4epideme tehnoloogiaga, mis veelgi v\u00e4hendab l\u00f6\u00f6kidest p\u00f5hjustatud vibratsioone t\u00e4nu oma pehmele koostisele ja ovaalsele kujule, mis tagab parema haarde ja suurema k\u00e4epideme mitmek\u00fclgsuse.<\/p>\n<p>Weight: 351-370 gr<\/p>\n<p>Look here <span class=\"x1xsqp64 xiy17q3 x1o6pynw x19co3pv xdj266r xcwd3tp xat24cr x39eecv x2b8uid\" data-testid=\"emoji\"><span class=\"xexx8yu xn5pp95 x18d9i69 x2fxd7x x1yqt14a x1bhl96m\">\ud83d\udc49<\/span><\/span> \u00a0<a href=\"https:\/\/padelsport.ee\/wp-content\/uploads\/2023\/10\/Tehnilised-andmed.pdf\">Datasheets<\/a><\/p>\n<p>CORK catalogue <span class=\"x1xsqp64 xiy17q3 x1o6pynw x19co3pv xdj266r xcwd3tp xat24cr x39eecv x2b8uid\" data-testid=\"emoji\"><span class=\"xexx8yu xn5pp95 x18d9i69 x2fxd7x x1yqt14a x1bhl96m\">\ud83d\udc49 <a href=\"https:\/\/padelsport.ee\/wp-content\/uploads\/2023\/10\/Cork-kataloog.pdf\">Cork kataloog<\/a><\/span><\/span><\/p>","protected":false},"excerpt":{"rendered":"<p>Kesktase\/edasij\u00f5udnud m\u00e4ngija padelireket<\/p>","protected":false},"featured_media":4039,"comment_status":"closed","ping_status":"closed","template":"","meta":[],"product_brand":[],"product_cat":[57,40],"product_tag":[],"class_list":{"0":"post-4034","1":"product","2":"type-product","3":"status-publish","4":"has-post-thumbnail","6":"product_cat-cork-reketid","7":"product_cat-padelireketid","9":"first","10":"instock","11":"taxable","12":"shipping-taxable","13":"purchasable","14":"product-type-simple"},"wooqr_code":"","jetpack_sharing_enabled":true,"_links":{"self":[{"href":"https:\/\/padelsport.ee\/en\/wp-json\/wp\/v2\/product\/4034","targetHints":{"allow":["GET"]}}],"collection":[{"href":"https:\/\/padelsport.ee\/en\/wp-json\/wp\/v2\/product"}],"about":[{"href":"https:\/\/padelsport.ee\/en\/wp-json\/wp\/v2\/types\/product"}],"replies":[{"embeddable":true,"href":"https:\/\/padelsport.ee\/en\/wp-json\/wp\/v2\/comments?post=4034"}],"wp:featuredmedia":[{"embeddable":true,"href":"https:\/\/padelsport.ee\/en\/wp-json\/wp\/v2\/media\/4039"}],"wp:attachment":[{"href":"https:\/\/padelsport.ee\/en\/wp-json\/wp\/v2\/media?parent=4034"}],"wp:term":[{"taxonomy":"product_brand","embeddable":true,"href":"https:\/\/padelsport.ee\/en\/wp-json\/wp\/v2\/product_brand?post=4034"},{"taxonomy":"product_cat","embeddable":true,"href":"https:\/\/padelsport.ee\/en\/wp-json\/wp\/v2\/product_cat?post=4034"},{"taxonomy":"product_tag","embeddable":true,"href":"https:\/\/padelsport.ee\/en\/wp-json\/wp\/v2\/product_tag?post=4034"}],"curies":[{"name":"wp","href":"https:\/\/api.w.org\/{rel}","templated":true}]}}