{"id":4027,"date":"2023-10-26T13:11:36","date_gmt":"2023-10-26T13:11:36","guid":{"rendered":"https:\/\/padelsport.ee\/?post_type=product&#038;p=4027"},"modified":"2025-11-18T11:30:07","modified_gmt":"2025-11-18T09:30:07","slug":"premium-hybrid","status":"publish","type":"product","link":"https:\/\/padelsport.ee\/en\/product\/premium-hybrid\/","title":{"rendered":"Cork Premium Hybrid II padelireket"},"content":{"rendered":"<p>Premium Hybrid padelireket on m\u00f5eldud m\u00e4ngijatele, kes soovivad leida tasakaalu r\u00fcnnaku ja kaitse vahel. Reket on disainitud integreerima endas k\u00f5iki olulisi omadusi: kontroll, v\u00f5imsus, vastupidavus ja man\u00f6\u00f6verdusv\u00f5ime, pakkudes seel\u00e4bi ideaalset tasakaalu r\u00fcnnaku ja kaitse vahel.<\/p>\n<p>Padelireketi h\u00fcbriidkuju loob laia optimaalse l\u00f6\u00f6giala ja keskmisest k\u00f5rgema tasakaalupunkti. Uus as\u00fcmmeetriline aukude muster on v\u00e4lja t\u00f6\u00f6tatud selleks, et maksimeerida l\u00f6\u00f6giala, kasutades igas reketi piirkonnas spetsiifilist aukude diameetrit.<\/p>\n<p>The gum in the center of the racket has a unique and innovative technology, a semi-drilled cross, this semi-drilled in the center translates into a controlled output with a wide and controlled sweet spot, removing the trampoline effect when defending and giving greater power in the defensive height. It has a new cap technology that further reduces vibrations derived from its softer composition and its oval shape for better grip versatility.<\/p>\n<p>Weight: 351-370 gr<\/p>\n<p>Look here <span class=\"x1xsqp64 xiy17q3 x1o6pynw x19co3pv xdj266r xcwd3tp xat24cr x39eecv x2b8uid\" data-testid=\"emoji\"><span class=\"xexx8yu xn5pp95 x18d9i69 x2fxd7x x1yqt14a x1bhl96m\">\ud83d\udc49<\/span><\/span> \u00a0<a href=\"https:\/\/padelsport.ee\/wp-content\/uploads\/2023\/10\/Tehnilised-andmed.pdf\">Datasheets<\/a><\/p>\n<p>CORK catalogue <span class=\"x1xsqp64 xiy17q3 x1o6pynw x19co3pv xdj266r xcwd3tp xat24cr x39eecv x2b8uid\" data-testid=\"emoji\"><span class=\"xexx8yu xn5pp95 x18d9i69 x2fxd7x x1yqt14a x1bhl96m\">\ud83d\udc49 <a href=\"https:\/\/padelsport.ee\/wp-content\/uploads\/2023\/10\/Cork-kataloog.pdf\">Cork kataloog<\/a><\/span><\/span><\/p>","protected":false},"excerpt":{"rendered":"<p>Kesktase\/edasij\u00f5udnud m\u00e4ngija padelireket<\/p>","protected":false},"featured_media":4030,"comment_status":"closed","ping_status":"closed","template":"","meta":[],"product_brand":[],"product_cat":[57,40],"product_tag":[],"class_list":{"0":"post-4027","1":"product","2":"type-product","3":"status-publish","4":"has-post-thumbnail","6":"product_cat-cork-reketid","7":"product_cat-padelireketid","9":"first","10":"instock","11":"taxable","12":"shipping-taxable","13":"purchasable","14":"product-type-simple"},"wooqr_code":"","jetpack_sharing_enabled":true,"_links":{"self":[{"href":"https:\/\/padelsport.ee\/en\/wp-json\/wp\/v2\/product\/4027","targetHints":{"allow":["GET"]}}],"collection":[{"href":"https:\/\/padelsport.ee\/en\/wp-json\/wp\/v2\/product"}],"about":[{"href":"https:\/\/padelsport.ee\/en\/wp-json\/wp\/v2\/types\/product"}],"replies":[{"embeddable":true,"href":"https:\/\/padelsport.ee\/en\/wp-json\/wp\/v2\/comments?post=4027"}],"wp:featuredmedia":[{"embeddable":true,"href":"https:\/\/padelsport.ee\/en\/wp-json\/wp\/v2\/media\/4030"}],"wp:attachment":[{"href":"https:\/\/padelsport.ee\/en\/wp-json\/wp\/v2\/media?parent=4027"}],"wp:term":[{"taxonomy":"product_brand","embeddable":true,"href":"https:\/\/padelsport.ee\/en\/wp-json\/wp\/v2\/product_brand?post=4027"},{"taxonomy":"product_cat","embeddable":true,"href":"https:\/\/padelsport.ee\/en\/wp-json\/wp\/v2\/product_cat?post=4027"},{"taxonomy":"product_tag","embeddable":true,"href":"https:\/\/padelsport.ee\/en\/wp-json\/wp\/v2\/product_tag?post=4027"}],"curies":[{"name":"wp","href":"https:\/\/api.w.org\/{rel}","templated":true}]}}