{"id":3991,"date":"2023-10-26T12:23:00","date_gmt":"2023-10-26T12:23:00","guid":{"rendered":"https:\/\/padelsport.ee\/?post_type=product&#038;p=3991"},"modified":"2026-02-07T10:50:01","modified_gmt":"2026-02-07T08:50:01","slug":"gripid","status":"publish","type":"product","link":"https:\/\/padelsport.ee\/en\/product\/gripid\/","title":{"rendered":"Padeli gripid"},"content":{"rendered":"<div class=\"woocommerce-product-details__short-description\">\n<p>Pro Cork Grip on Corki uuendus, mis on loodud reketi k\u00e4epideme mugavuse parandamiseks ja m\u00e4ngija k\u00e4sivarrele edastatava vibratsiooni edasiseks v\u00e4hendamiseks.<\/p>\n<p>Lisaks vigastuste v\u00e4ltimisele suurendab Pro Cork Grip veidi reketi raskust k\u00e4epidemel, tasakaalustades reketi \u00fcldraskust ja parandades selle \u00f5\u00f5tsumist.<\/p>\n<p>Pro Cork Gripi konstruktsioonis kasutatud materjalil on k\u00f5rge elastsus, mis h\u00f5lbustab selle paigutamist reketile, ilma et see saaks selle k\u00e4igus kahjustada.<\/p>\n<p><iframe title=\"Cork School - How to apply an overgrip to a padel racket\" width=\"800\" height=\"450\" src=\"https:\/\/www.youtube.com\/embed\/pHcUGmYMRRo?feature=oembed\" frameborder=\"0\" allow=\"accelerometer; autoplay; clipboard-write; encrypted-media; gyroscope; picture-in-picture; web-share\" referrerpolicy=\"strict-origin-when-cross-origin\" allowfullscreen><\/iframe><\/p>\n<\/div>\n<form class=\"variations_form cart wvs-loaded\" style=\"box-sizing: border-box; font-size: 16px; border-radius: 0px; background: #ffffff; position: relative; margin: 0px; text-align: left; color: #10181a; font-family: Mulish, sans-serif; font-style: normal; font-variant-ligatures: normal; font-variant-caps: normal; font-weight: 300; letter-spacing: normal; orphans: 2; text-indent: 0px; text-transform: none; widows: 2; word-spacing: 0px; -webkit-text-stroke-width: 0px; white-space: normal; text-decoration-thickness: initial; text-decoration-style: initial; text-decoration-color: initial; padding: 0px !important 0px 0px 0px;\" action=\"https:\/\/corkpadel.co.uk\/product\/racket-protection\/\" enctype=\"multipart\/form-data\" method=\"post\" data-product_id=\"24233\" data-product_variations=\"[{&quot;attributes&quot;:{&quot;attribute_pa_unit&quot;:&quot;2-units-pack&quot;,&quot;attribute_pa_protection-color&quot;:&quot;&quot;},&quot;availability_html&quot;:&quot;&quot;,&quot;backorders_allowed&quot;:false,&quot;dimensions&quot;:{&quot;length&quot;:&quot;&quot;,&quot;width&quot;:&quot;&quot;,&quot;height&quot;:&quot;&quot;},&quot;dimensions_html&quot;:&quot;N\/A&quot;,&quot;display_price&quot;:7.99,&quot;display_regular_price&quot;:7.99,&quot;image&quot;:{&quot;title&quot;:&quot;-prp4010-edit&quot;,&quot;caption&quot;:&quot;&quot;,&quot;url&quot;:&quot;https:\/\/corkpadel.co.uk\/wp-content\/uploads\/2023\/02\/prp4010-edit.jpg&quot;,&quot;alt&quot;:&quot;&quot;,&quot;src&quot;:&quot;https:\/\/corkpadel.co.uk\/wp-content\/uploads\/2023\/02\/prp4010-edit-600x400.jpg&quot;,&quot;srcset&quot;:&quot;https:\/\/corkpadel.co.uk\/wp-content\/uploads\/2023\/02\/prp4010-edit-600x400.jpg 600w, https:\/\/corkpadel.co.uk\/wp-content\/uploads\/2023\/02\/prp4010-edit-300x200.jpg 300w, https:\/\/corkpadel.co.uk\/wp-content\/uploads\/2023\/02\/prp4010-edit-1024x683.jpg 1024w, https:\/\/corkpadel.co.uk\/wp-content\/uploads\/2023\/02\/prp4010-edit-768x512.jpg 768w, https:\/\/corkpadel.co.uk\/wp-content\/uploads\/2023\/02\/prp4010-edit-1536x1024.jpg 1536w, https:\/\/corkpadel.co.uk\/wp-content\/uploads\/2023\/02\/prp4010-edit-100x67.jpg 100w, https:\/\/corkpadel.co.uk\/wp-content\/uploads\/2023\/02\/prp4010-edit-800x533.jpg 800w, https:\/\/corkpadel.co.uk\/wp-content\/uploads\/2023\/02\/prp4010-edit-480x320.jpg 480w, https:\/\/corkpadel.co.uk\/wp-content\/uploads\/2023\/02\/prp4010-edit.jpg 1900w&quot;,&quot;sizes&quot;:&quot;(max-width: 600px) 100vw, 600px&quot;,&quot;full_src&quot;:&quot;https:\/\/corkpadel.co.uk\/wp-content\/uploads\/2023\/02\/prp4010-edit.jpg&quot;,&quot;full_src_w&quot;:1900,&quot;full_src_h&quot;:1267,&quot;gallery_thumbnail_src&quot;:&quot;https:\/\/corkpadel.co.uk\/wp-content\/uploads\/2023\/02\/prp4010-edit-100x100.jpg&quot;,&quot;gallery_thumbnail_src_w&quot;:100,&quot;gallery_thumbnail_src_h&quot;:100,&quot;thumb_src&quot;:&quot;https:\/\/corkpadel.co.uk\/wp-content\/uploads\/2023\/02\/prp4010-edit-480x320.jpg&quot;,&quot;thumb_src_w&quot;:480,&quot;thumb_src_h&quot;:320,&quot;src_w&quot;:600,&quot;src_h&quot;:400},&quot;image_id&quot;:24240,&quot;is_downloadable&quot;:false,&quot;is_in_stock&quot;:true,&quot;is_purchasable&quot;:true,&quot;is_sold_individually&quot;:&quot;no&quot;,&quot;is_virtual&quot;:false,&quot;max_qty&quot;:&quot;&quot;,&quot;min_qty&quot;:1,&quot;price_html&quot;:&quot;&lt;span class=&quot;price&quot;&gt;&lt;span class=&quot;woocommerce-Price-amount amount&quot;&gt;&lt;bdi&gt;&lt;span class=&quot;woocommerce-Price-currencySymbol&quot;&gt;&amp;pound;&lt;\/span&gt;7,99&lt;bdi&gt;&lt;\/span&gt;&lt;\/span&gt;&quot;,&quot;sku&quot;:&quot;&quot;,&quot;variation_description&quot;:&quot;&quot;,&quot;variation_id&quot;:24234,&quot;variation_is_active&quot;:true,&quot;variation_is_visible&quot;:true,&quot;weight&quot;:&quot;&quot;,&quot;weight_html&quot;:&quot;N\/A&quot;},{&quot;attributes&quot;:{&quot;attribute_pa_unit&quot;:&quot;1-unit&quot;,&quot;attribute_pa_protection-color&quot;:&quot;&quot;},&quot;availability_html&quot;:&quot;&quot;,&quot;backorders_allowed&quot;:false,&quot;dimensions&quot;:{&quot;length&quot;:&quot;&quot;,&quot;width&quot;:&quot;&quot;,&quot;height&quot;:&quot;&quot;},&quot;dimensions_html&quot;:&quot;N\/A&quot;,&quot;display_price&quot;:4.99,&quot;display_regular_price&quot;:4.99,&quot;image&quot;:{&quot;title&quot;:&quot;-prp4010-edit&quot;,&quot;caption&quot;:&quot;&quot;,&quot;url&quot;:&quot;https:\/\/corkpadel.co.uk\/wp-content\/uploads\/2023\/02\/prp4010-edit.jpg&quot;,&quot;alt&quot;:&quot;&quot;,&quot;src&quot;:&quot;https:\/\/corkpadel.co.uk\/wp-content\/uploads\/2023\/02\/prp4010-edit-600x400.jpg&quot;,&quot;srcset&quot;:&quot;https:\/\/corkpadel.co.uk\/wp-content\/uploads\/2023\/02\/prp4010-edit-600x400.jpg 600w, https:\/\/corkpadel.co.uk\/wp-content\/uploads\/2023\/02\/prp4010-edit-300x200.jpg 300w, https:\/\/corkpadel.co.uk\/wp-content\/uploads\/2023\/02\/prp4010-edit-1024x683.jpg 1024w, https:\/\/corkpadel.co.uk\/wp-content\/uploads\/2023\/02\/prp4010-edit-768x512.jpg 768w, https:\/\/corkpadel.co.uk\/wp-content\/uploads\/2023\/02\/prp4010-edit-1536x1024.jpg 1536w, https:\/\/corkpadel.co.uk\/wp-content\/uploads\/2023\/02\/prp4010-edit-100x67.jpg 100w, https:\/\/corkpadel.co.uk\/wp-content\/uploads\/2023\/02\/prp4010-edit-800x533.jpg 800w, https:\/\/corkpadel.co.uk\/wp-content\/uploads\/2023\/02\/prp4010-edit-480x320.jpg 480w, https:\/\/corkpadel.co.uk\/wp-content\/uploads\/2023\/02\/prp4010-edit.jpg 1900w&quot;,&quot;sizes&quot;:&quot;(max-width: 600px) 100vw, 600px&quot;,&quot;full_src&quot;:&quot;https:\/\/corkpadel.co.uk\/wp-content\/uploads\/2023\/02\/prp4010-edit.jpg&quot;,&quot;full_src_w&quot;:1900,&quot;full_src_h&quot;:1267,&quot;gallery_thumbnail_src&quot;:&quot;https:\/\/corkpadel.co.uk\/wp-content\/uploads\/2023\/02\/prp4010-edit-100x100.jpg&quot;,&quot;gallery_thumbnail_src_w&quot;:100,&quot;gallery_thumbnail_src_h&quot;:100,&quot;thumb_src&quot;:&quot;https:\/\/corkpadel.co.uk\/wp-content\/uploads\/2023\/02\/prp4010-edit-480x320.jpg&quot;,&quot;thumb_src_w&quot;:480,&quot;thumb_src_h&quot;:320,&quot;src_w&quot;:600,&quot;src_h&quot;:400},&quot;image_id&quot;:24240,&quot;is_downloadable&quot;:false,&quot;is_in_stock&quot;:true,&quot;is_purchasable&quot;:true,&quot;is_sold_individually&quot;:&quot;no&quot;,&quot;is_virtual&quot;:false,&quot;max_qty&quot;:&quot;&quot;,&quot;min_qty&quot;:1,&quot;price_html&quot;:&quot;&lt;span class=&quot;price&quot;&gt;&lt;span class=&quot;woocommerce-Price-amount amount&quot;&gt;&lt;bdi&gt;&lt;span class=&quot;woocommerce-Price-currencySymbol&quot;&gt;&amp;pound;&lt;\/span&gt;4,99&lt;bdi&gt;&lt;\/span&gt;&lt;\/span&gt;&quot;,&quot;sku&quot;:&quot;&quot;,&quot;variation_description&quot;:&quot;&quot;,&quot;variation_id&quot;:24237,&quot;variation_is_active&quot;:true,&quot;variation_is_visible&quot;:true,&quot;weight&quot;:&quot;&quot;,&quot;weight_html&quot;:&quot;N\/A&quot;}]\"><\/form>\n","protected":false},"excerpt":{"rendered":"<p>Padeli grip<\/p>","protected":false},"featured_media":4012,"comment_status":"closed","ping_status":"closed","template":"","meta":[],"product_brand":[],"product_cat":[38,171],"product_tag":[],"class_list":{"0":"post-3991","1":"product","2":"type-product","3":"status-publish","4":"has-post-thumbnail","6":"product_cat-lisatarvikud","7":"product_cat-pealisgripid-pihustid","9":"first","10":"instock","11":"taxable","12":"shipping-taxable","13":"purchasable","14":"product-type-variable"},"wooqr_code":"","jetpack_sharing_enabled":true,"_links":{"self":[{"href":"https:\/\/padelsport.ee\/en\/wp-json\/wp\/v2\/product\/3991","targetHints":{"allow":["GET"]}}],"collection":[{"href":"https:\/\/padelsport.ee\/en\/wp-json\/wp\/v2\/product"}],"about":[{"href":"https:\/\/padelsport.ee\/en\/wp-json\/wp\/v2\/types\/product"}],"replies":[{"embeddable":true,"href":"https:\/\/padelsport.ee\/en\/wp-json\/wp\/v2\/comments?post=3991"}],"wp:featuredmedia":[{"embeddable":true,"href":"https:\/\/padelsport.ee\/en\/wp-json\/wp\/v2\/media\/4012"}],"wp:attachment":[{"href":"https:\/\/padelsport.ee\/en\/wp-json\/wp\/v2\/media?parent=3991"}],"wp:term":[{"taxonomy":"product_brand","embeddable":true,"href":"https:\/\/padelsport.ee\/en\/wp-json\/wp\/v2\/product_brand?post=3991"},{"taxonomy":"product_cat","embeddable":true,"href":"https:\/\/padelsport.ee\/en\/wp-json\/wp\/v2\/product_cat?post=3991"},{"taxonomy":"product_tag","embeddable":true,"href":"https:\/\/padelsport.ee\/en\/wp-json\/wp\/v2\/product_tag?post=3991"}],"curies":[{"name":"wp","href":"https:\/\/api.w.org\/{rel}","templated":true}]}}